{"id":817,"date":"2023-03-13T10:08:17","date_gmt":"2023-03-13T10:08:17","guid":{"rendered":"http:\/\/bimaristantravel.com\/?page_id=817"},"modified":"2023-05-16T22:04:02","modified_gmt":"2023-05-16T22:04:02","slug":"op-dr-berra-onsoy","status":"publish","type":"page","link":"https:\/\/bimaristantravel.com\/en\/op-dr-berra-onsoy\/","title":{"rendered":"Dr. Berra Onsoy"},"content":{"rendered":"<figure class=\"wp-block-image size-medium is-resized has-custom-border\"><a href=\"https:\/\/www.drberraonsoy.com\" target=\"_blank\" rel=\"noopener\"><img decoding=\"async\" src=\"https:\/\/bimaristantravel.com\/wp-content\/uploads\/2023\/05\/Dr.-Berra-Onnsoy-102-300x300.webp\" alt=\"\" class=\"wp-image-897\" style=\"border-top-left-radius:5px;border-top-right-radius:30px;border-bottom-left-radius:30px;border-bottom-right-radius:5px\" width=\"419\" height=\"419\" srcset=\"https:\/\/bimaristantravel.com\/wp-content\/uploads\/2023\/05\/Dr.-Berra-Onnsoy-102-300x300.webp 300w, https:\/\/bimaristantravel.com\/wp-content\/uploads\/2023\/05\/Dr.-Berra-Onnsoy-102-1024x1024.webp 1024w, https:\/\/bimaristantravel.com\/wp-content\/uploads\/2023\/05\/Dr.-Berra-Onnsoy-102-150x150.webp 150w, https:\/\/bimaristantravel.com\/wp-content\/uploads\/2023\/05\/Dr.-Berra-Onnsoy-102-768x768.webp 768w, https:\/\/bimaristantravel.com\/wp-content\/uploads\/2023\/05\/Dr.-Berra-Onnsoy-102-1536x1536.webp 1536w, https:\/\/bimaristantravel.com\/wp-content\/uploads\/2023\/05\/Dr.-Berra-Onnsoy-102-2048x2048.webp 2048w\" sizes=\"(max-width: 419px) 100vw, 419px\" \/><\/a><\/figure>\n\n\n\n<p><strong>OP. DR. BERRA \u00d6NSOY Hakk\u0131\u0131nda : <\/strong><\/p>\n\n\n\n<p style=\"text-transform:capitalize\"><strong>Muayenehanesi : <\/strong>\u015fenlikk\u00f6y mah. eski halkal\u0131 cad. ofis florya no.3\/19 florya-istanbul<\/p>\n\n\n\n<p><strong>Web Sitesi :<\/strong>&nbsp;<a href=\"https:\/\/www.drberraonsoy.com\" target=\"_blank\" rel=\"noopener\">https:\/\/www.drberraonsoy.com<\/a><\/p>\n\n\n\n<p><strong>E-Posta :<\/strong> info@drberraonsoy.com<\/p>\n\n\n\n<p><strong>Telefon : <\/strong>+90 516 166 97 97<\/p>","protected":false},"excerpt":{"rendered":"<p>OP. DR. BERRA \u00d6NSOY Hakk\u0131\u0131nda : Muayenehanesi : \u015fenlikk\u00f6y mah. eski halkal\u0131 cad. ofis florya no.3\/19 florya-istanbul Web Sitesi :&nbsp;https:\/\/www.drberraonsoy.com E-Posta : info@drberraonsoy.com Telefon : +90 516 166 97 97<\/p>","protected":false},"author":2,"featured_media":897,"parent":0,"menu_order":0,"comment_status":"closed","ping_status":"closed","template":"","meta":{"site-sidebar-layout":"default","site-content-layout":"default","ast-global-header-display":"","ast-main-header-display":"","ast-hfb-above-header-display":"","ast-hfb-below-header-display":"","ast-hfb-mobile-header-display":"","site-post-title":"","ast-breadcrumbs-content":"","ast-featured-img":"disabled","footer-sml-layout":"","theme-transparent-header-meta":"","adv-header-id-meta":"","stick-header-meta":"","header-above-stick-meta":"","header-main-stick-meta":"","header-below-stick-meta":"","footnotes":""},"_links":{"self":[{"href":"https:\/\/bimaristantravel.com\/en\/wp-json\/wp\/v2\/pages\/817"}],"collection":[{"href":"https:\/\/bimaristantravel.com\/en\/wp-json\/wp\/v2\/pages"}],"about":[{"href":"https:\/\/bimaristantravel.com\/en\/wp-json\/wp\/v2\/types\/page"}],"author":[{"embeddable":true,"href":"https:\/\/bimaristantravel.com\/en\/wp-json\/wp\/v2\/users\/2"}],"replies":[{"embeddable":true,"href":"https:\/\/bimaristantravel.com\/en\/wp-json\/wp\/v2\/comments?post=817"}],"version-history":[{"count":0,"href":"https:\/\/bimaristantravel.com\/en\/wp-json\/wp\/v2\/pages\/817\/revisions"}],"wp:featuredmedia":[{"embeddable":true,"href":"https:\/\/bimaristantravel.com\/en\/wp-json\/wp\/v2\/media\/897"}],"wp:attachment":[{"href":"https:\/\/bimaristantravel.com\/en\/wp-json\/wp\/v2\/media?parent=817"}],"curies":[{"name":"wp","href":"https:\/\/api.w.org\/{rel}","templated":true}]}}