{"id":800,"date":"2023-03-13T09:25:52","date_gmt":"2023-03-13T09:25:52","guid":{"rendered":"http:\/\/bimaristantravel.com\/?page_id=800"},"modified":"2023-05-16T22:05:25","modified_gmt":"2023-05-16T22:05:25","slug":"dis-hekimi-rabia-taskin","status":"publish","type":"page","link":"https:\/\/bimaristantravel.com\/en\/dis-hekimi-rabia-taskin\/","title":{"rendered":"Dr. Rabia Tashkin"},"content":{"rendered":"<figure class=\"wp-block-image size-full is-resized has-custom-border\"><a href=\"https:\/\/www.dishekimirabiataskin.com\" target=\"_blank\" rel=\"noopener\"><img decoding=\"async\" src=\"http:\/\/bimaristantravel.com\/wp-content\/uploads\/2023\/05\/WhatsApp-Image-2022-06-30-at-20.32.06.webp\" alt=\"\" class=\"wp-image-923\" style=\"border-top-left-radius:5px;border-top-right-radius:30px;border-bottom-left-radius:30px;border-bottom-right-radius:5px\" width=\"412\" height=\"412\" srcset=\"https:\/\/bimaristantravel.com\/wp-content\/uploads\/2023\/05\/WhatsApp-Image-2022-06-30-at-20.32.06.webp 818w, https:\/\/bimaristantravel.com\/wp-content\/uploads\/2023\/05\/WhatsApp-Image-2022-06-30-at-20.32.06-300x300.webp 300w, https:\/\/bimaristantravel.com\/wp-content\/uploads\/2023\/05\/WhatsApp-Image-2022-06-30-at-20.32.06-150x150.webp 150w, https:\/\/bimaristantravel.com\/wp-content\/uploads\/2023\/05\/WhatsApp-Image-2022-06-30-at-20.32.06-768x768.webp 768w\" sizes=\"(max-width: 412px) 100vw, 412px\" \/><\/a><\/figure>\n\n\n\n<p><strong>Dr. Rabia Ta\u015fk\u0131n Hakk\u0131nda :<\/strong> Sel\u00e7uk \u00dcniversitesi Di\u015f Hekimli\u011fi Fak\u00fcltesin\u2019den 2004 y\u0131l\u0131nda mezun olmu\u015ftur. 2004 y\u0131l\u0131nda Ankara K\u0131z\u0131lay\u2019da cerrahi ve ortodonti alan\u0131nda uzmanla\u015fm\u0131\u015f doktorlar ile \u00e7al\u0131\u015fan uzman kadro ile meslek hayat\u0131na ba\u015flad\u0131. Daha sonra Nev\u015fehir ve Ni\u011fde illerinde \u00e7al\u0131\u015ft\u0131. 2014 y\u0131l\u0131ndan sonra meslek hayat\u0131na \u0130stanbul\u2019da devam etmektedir. 2018\/2022 y\u0131llar\u0131 aras\u0131nda Di\u015fhekimi Bar\u0131\u015f Ta\u015fk\u0131n Di\u015fhekimi Rabia Ta\u015fk\u0131n&nbsp; m\u00fc\u015fterek muayenehanesinde mesleki \u00e7al\u0131\u015fmalar\u0131na devam etmi\u015ftir. Meslekta\u015f\u0131, i\u015f orta\u011f\u0131 ve hayat arkada\u015f\u0131 Bar\u0131\u015f Ta\u015fk\u0131n ile evli ve 1 evlat sahibidir.&nbsp;<\/p>\n\n\n\n<p><strong>ALDI\u011eI E\u011e\u0130T\u0130MLER<\/strong><\/p>\n\n\n\n<ul>\n<li>2019 y\u0131l\u0131nda sa\u011fl\u0131k bilimleri \u00fcniversitesinden mezoterapi uygulamas\u0131 e\u011fitimi(di\u015fhekimli\u011findeki kullan\u0131m alanlar\u0131 prf,prp,\u00e7ene eklem problemleri,\u00e7ene botoksu,di\u015f\u00e7ekimi iyile\u015fme h\u0131z\u0131 ve potansiyelini artt\u0131rma)&nbsp;<\/li>\n\n\n\n<li>2018 y\u0131l\u0131nda kadavra uygulamal\u0131 ileri seviye implant e\u011fitimi&nbsp;<\/li>\n\n\n\n<li>2018 sert ve yumu\u015fak doku cerrahisi e\u011fitimi&nbsp;<\/li>\n\n\n\n<li>2016 y\u0131l\u0131nda klinik uygulamalarda endodonti e\u011fitimi<\/li>\n\n\n\n<li>2016 sa\u011fl\u0131k bakanl\u0131\u011f\u0131 destekli sa\u011fl\u0131kta kariyer e\u011fitimi Estetik di\u015f hekimli\u011fi,g\u00fcl\u00fc\u015f dizayn\u0131,implant\u00fcst\u00fc protezler,lamina restorasyonlar ile bir \u00e7ok e\u011fitime kat\u0131lm\u0131\u015ft\u0131r<\/li>\n<\/ul>\n\n\n\n<p><em>B\u00fcnyesinde \u0130mplant, Pedodonti (\u00c7ocuk Di\u015f Hekimli\u011fi), Oral Diagnoz ve Radyoloji, Panoramik Radyografi, Endodonti (Kanal Tedavisi), Periodontoloji (Di\u015feti Hastal\u0131klar\u0131), Protez, Ortodonti, Di\u015f Beyazlatma hizmetlerini sunan muayenehanemiz her bran\u015ftan uzman doktorlar\u0131 ve deneyimli kadrosuyla teknolojinin son yeniliklerini harmanlayarak en y\u00fcksek kalitede hizmet vermeyi ilke edinmi\u015ftir. 2018 y\u0131l\u0131nda \u0130stanbul Kartal\u2019 da faaliyete ba\u015flayan Rabia Ta\u015fk\u0131n Muayenehanesi\u2019nde t\u00fcm kadrosuyla, multidisipliner anlay\u0131\u015f\u0131yla hizmet vermektedir.<\/em> <\/p>\n\n\n\n<p><strong>Web Sitesi : <\/strong> <a href=\"https:\/\/www.dishekimirabiataskin.com\/\" target=\"_blank\" rel=\"noopener\"><strong>https:\/\/www.dishekimirabiataskin.com<\/strong><\/a><\/p>\n\n\n\n<p><strong>Adres :<\/strong> Esentepe Mah. Tecerda\u011f\u0131 Cad. No:60\/A Kartal\/\u0130stanbul<\/p>\n\n\n\n<p><strong>Telefon :<\/strong> +90 501 377 12 20<\/p>\n\n\n\n<p><strong>E-Posta :<\/strong> info@dishekimirabiataskin.com<\/p>","protected":false},"excerpt":{"rendered":"<p>Dr. Rabia Ta\u015fk\u0131n Hakk\u0131nda : Sel\u00e7uk \u00dcniversitesi Di\u015f Hekimli\u011fi Fak\u00fcltesin\u2019den 2004 y\u0131l\u0131nda mezun olmu\u015ftur. 2004 y\u0131l\u0131nda Ankara K\u0131z\u0131lay\u2019da cerrahi ve ortodonti alan\u0131nda uzmanla\u015fm\u0131\u015f doktorlar ile \u00e7al\u0131\u015fan uzman kadro ile meslek hayat\u0131na ba\u015flad\u0131. Daha sonra Nev\u015fehir ve Ni\u011fde illerinde \u00e7al\u0131\u015ft\u0131. 2014 y\u0131l\u0131ndan sonra meslek hayat\u0131na \u0130stanbul\u2019da devam etmektedir. 2018\/2022 y\u0131llar\u0131 aras\u0131nda Di\u015fhekimi Bar\u0131\u015f Ta\u015fk\u0131n Di\u015fhekimi Rabia &hellip;<\/p>\n<p class=\"read-more\"> <a class=\"\" href=\"https:\/\/bimaristantravel.com\/en\/dis-hekimi-rabia-taskin\/\"> <span class=\"screen-reader-text\">Dr. Rabia Tashkin<\/span> Read More &raquo;<\/a><\/p>","protected":false},"author":2,"featured_media":923,"parent":0,"menu_order":0,"comment_status":"closed","ping_status":"closed","template":"","meta":{"site-sidebar-layout":"default","site-content-layout":"default","ast-global-header-display":"","ast-main-header-display":"","ast-hfb-above-header-display":"","ast-hfb-below-header-display":"","ast-hfb-mobile-header-display":"","site-post-title":"","ast-breadcrumbs-content":"","ast-featured-img":"disabled","footer-sml-layout":"","theme-transparent-header-meta":"","adv-header-id-meta":"","stick-header-meta":"","header-above-stick-meta":"","header-main-stick-meta":"","header-below-stick-meta":"","footnotes":""},"_links":{"self":[{"href":"https:\/\/bimaristantravel.com\/en\/wp-json\/wp\/v2\/pages\/800"}],"collection":[{"href":"https:\/\/bimaristantravel.com\/en\/wp-json\/wp\/v2\/pages"}],"about":[{"href":"https:\/\/bimaristantravel.com\/en\/wp-json\/wp\/v2\/types\/page"}],"author":[{"embeddable":true,"href":"https:\/\/bimaristantravel.com\/en\/wp-json\/wp\/v2\/users\/2"}],"replies":[{"embeddable":true,"href":"https:\/\/bimaristantravel.com\/en\/wp-json\/wp\/v2\/comments?post=800"}],"version-history":[{"count":0,"href":"https:\/\/bimaristantravel.com\/en\/wp-json\/wp\/v2\/pages\/800\/revisions"}],"wp:featuredmedia":[{"embeddable":true,"href":"https:\/\/bimaristantravel.com\/en\/wp-json\/wp\/v2\/media\/923"}],"wp:attachment":[{"href":"https:\/\/bimaristantravel.com\/en\/wp-json\/wp\/v2\/media?parent=800"}],"curies":[{"name":"wp","href":"https:\/\/api.w.org\/{rel}","templated":true}]}}