{"id":6,"date":"2023-01-09T10:43:52","date_gmt":"2023-01-09T10:43:52","guid":{"rendered":"http:\/\/bimaristantravel.com\/?page_id=6"},"modified":"2024-03-20T22:42:27","modified_gmt":"2024-03-20T22:42:27","slug":"anasayfa","status":"publish","type":"page","link":"https:\/\/bimaristantravel.com\/en\/","title":{"rendered":"Homepage"},"content":{"rendered":"<div class=\"wp-block-cover alignfull is-light has-custom-content-position is-position-bottom-center header-fixer desktop-cover\" style=\"min-height:470px\"><span aria-hidden=\"true\" class=\"wp-block-cover__background has-background-dim-0 has-background-dim\"><\/span><img decoding=\"async\" width=\"1223\" height=\"646\" class=\"wp-block-cover__image-background wp-image-3057\" alt=\"\" src=\"https:\/\/bimaristantravel.com\/wp-content\/uploads\/2024\/03\/bimarstan-trvel-banner.webp\" data-object-fit=\"cover\" srcset=\"https:\/\/bimaristantravel.com\/wp-content\/uploads\/2024\/03\/bimarstan-trvel-banner.webp 1223w, https:\/\/bimaristantravel.com\/wp-content\/uploads\/2024\/03\/bimarstan-trvel-banner-300x158.webp 300w, https:\/\/bimaristantravel.com\/wp-content\/uploads\/2024\/03\/bimarstan-trvel-banner-1024x541.webp 1024w, https:\/\/bimaristantravel.com\/wp-content\/uploads\/2024\/03\/bimarstan-trvel-banner-768x406.webp 768w, https:\/\/bimaristantravel.com\/wp-content\/uploads\/2024\/03\/bimarstan-trvel-banner-18x10.webp 18w\" sizes=\"(max-width: 1223px) 100vw, 1223px\" \/><div class=\"wp-block-cover__inner-container is-layout-flow wp-block-cover-is-layout-flow\">\n<p><\/p>\n<\/div><\/div>\n\n\n\n<div class=\"wp-block-cover alignfull phone-cover\"><span aria-hidden=\"true\" class=\"wp-block-cover__background has-background-dim-0 has-background-dim\"><\/span><img decoding=\"async\" width=\"641\" height=\"646\" class=\"wp-block-cover__image-background wp-image-3060\" alt=\"\" src=\"https:\/\/bimaristantravel.com\/wp-content\/uploads\/2024\/03\/bimarstan-trvel-banner-phone.webp\" data-object-fit=\"cover\" srcset=\"https:\/\/bimaristantravel.com\/wp-content\/uploads\/2024\/03\/bimarstan-trvel-banner-phone.webp 641w, https:\/\/bimaristantravel.com\/wp-content\/uploads\/2024\/03\/bimarstan-trvel-banner-phone-298x300.webp 298w, https:\/\/bimaristantravel.com\/wp-content\/uploads\/2024\/03\/bimarstan-trvel-banner-phone-150x150.webp 150w, https:\/\/bimaristantravel.com\/wp-content\/uploads\/2024\/03\/bimarstan-trvel-banner-phone-12x12.webp 12w\" sizes=\"(max-width: 641px) 100vw, 641px\" \/><div class=\"wp-block-cover__inner-container is-layout-flow wp-block-cover-is-layout-flow\">\n<p class=\"has-text-align-center has-large-font-size\"><\/p>\n<\/div><\/div>\n\n\n\n<div class=\"wp-block-columns alignfull are-vertically-aligned-center contact-under-banner has-background is-layout-flex wp-container-core-columns-layout-2 wp-block-columns-is-layout-flex\" style=\"border-radius:0px;background-color:#12254b;padding-top:20px;padding-right:20px;padding-bottom:20px;padding-left:20px\">\n<div class=\"wp-block-column is-vertically-aligned-center is-layout-flow wp-block-column-is-layout-flow\">\n<div class=\"wp-block-columns is-layout-flex wp-container-core-columns-layout-1 wp-block-columns-is-layout-flex\">\n<div class=\"wp-block-column is-vertically-aligned-center is-layout-flow wp-block-column-is-layout-flow\">\n<p class=\"has-text-align-center has-ast-global-color-5-color has-text-color has-medium-font-size\">contact us to book an appointment directly<\/p>\n<\/div>\n\n\n\n<div class=\"wp-block-column is-vertically-aligned-center is-layout-flow wp-block-column-is-layout-flow\">\n<div class=\"wp-block-buttons is-content-justification-center is-layout-flex wp-container-core-buttons-layout-1 wp-block-buttons-is-layout-flex\">\n<div class=\"wp-block-button\"><a class=\"wp-block-button__link has-ast-global-color-0-color has-ast-global-color-4-background-color has-text-color has-background wp-element-button\" href=\"https:\/\/bimaristantravel.com\/en\/iletisim\/\" style=\"border-radius:50px\">Contact Us<\/a><\/div>\n\n\n\n<div class=\"wp-block-button\"><a class=\"wp-block-button__link has-ast-global-color-0-color has-luminous-vivid-amber-background-color has-text-color has-background wp-element-button\" href=\"https:\/\/bimaristantravel.com\/en\/iletisim\/\" style=\"border-radius:40px\">Book an appointment<\/a><\/div>\n<\/div>\n<\/div>\n<\/div>\n<\/div>\n<\/div>\n\n\n\n<div style=\"height:40px\" aria-hidden=\"true\" class=\"wp-block-spacer\"><\/div>\n\n\n\n<div class=\"wp-block-columns is-layout-flex wp-container-core-columns-layout-6 wp-block-columns-is-layout-flex\" style=\"padding-top:var(--wp--preset--spacing--40);padding-right:var(--wp--preset--spacing--40);padding-bottom:var(--wp--preset--spacing--40);padding-left:var(--wp--preset--spacing--40)\">\n<div class=\"wp-block-column is-vertically-aligned-center is-layout-flow wp-block-column-is-layout-flow\">\n<div class=\"wp-block-columns is-not-stacked-on-mobile is-layout-flex wp-container-core-columns-layout-3 wp-block-columns-is-layout-flex\" style=\"border-left-color:var(--wp--preset--color--ast-global-color-0)\">\n<div class=\"wp-block-column is-vertically-aligned-center is-layout-flow wp-block-column-is-layout-flow\" style=\"flex-basis:30%\">\n<svg version=\"1.1\" style=\"width:50%; display:block; margin:auto; fill: #12254b;\" xmlns=\"http:\/\/www.w3.org\/2000\/svg\" viewbox=\"0 0 512 512\" xmlns:xlink=\"http:\/\/www.w3.org\/1999\/xlink\" enable-background=\"new 0 0 512 512\">\n<g>\n<g>\n<path d=\"m478,63c-11-1-20.8,7.2-21.8,18.3l-2.1,24.2c-74.6-96-211.1-123.9-318.3-60.3-116.3,68.8-154.8,219.4-85.9,335.7 33.4,56.3 86.7,96.3 150.1,112.5 79.3,20.3 147.3-3.9 185.7-26.6 9.6-5.7 12.7-18 7.1-27.6-5.7-9.6-18-12.7-27.6-7-47.1,27.8-102.3,35.7-155.2,22.2-53-13.5-97.6-46.9-125.5-94-57.6-97.1-25.4-223 71.7-280.6 92.8-55 211.7-27.9 272.4,59.3l-37.4-3.3c-11.1-1-20.8,7.2-21.8,18.3-1,11.1 7.2,20.8 18.3,21.8 0,0 80.9,7.1 81.5,7.1 4.7,0 9.3-1.6 12.9-4.7 4.1-3.4 6.6-8.3 7.1-13.7l7-79.7c1-11.2-7.2-20.9-18.2-21.9z\"><\/path>\n<path d=\"m197.2,273.8c9.2-8.4 15.5-14.8 19-19.3 5.3-6.7 9.2-13.2 11.6-19.4 2.4-6.2 3.7-12.6 3.7-19.5 0-12-4.3-22-12.8-30-8.5-8.1-20.3-12.1-35.2-12.1-13.6,0-25,3.5-34.1,10.4-9.1,7-14.5,18.4-16.2,34.4l28.9,2.9c0.5-8.5 2.6-14.5 6.2-18.2 3.6-3.6 8.4-5.5 14.5-5.5 6.1,0 10.9,1.7 14.4,5.2 3.5,3.5 5.2,8.5 5.2,14.9 0,5.9-2,11.8-6,17.8-3,4.3-11,12.6-24.1,24.8-16.2,15.1-27.1,27.2-32.6,36.3-5.5,9.1-8.8,18.8-9.9,29h101.7v-26.9h-57.6c1.5-2.6 3.5-5.3 5.9-8 2.5-2.8 8.3-8.4 17.4-16.8z\"><\/path>\n<path d=\"m336.1,325.5v-30.5h18.8v-25.5h-18.8v-96h-24.4l-65.6,96.1v25.4h61.9v30.5h28.1zm-62.9-55.9l34.8-51.7v51.7h-34.8z\"><\/path>\n<\/g>\n<\/g>\n<\/svg>\n<\/div>\n\n\n\n<div class=\"wp-block-column is-vertically-aligned-top is-layout-flow wp-block-column-is-layout-flow\" style=\"padding-top:var(--wp--preset--spacing--20);padding-right:var(--wp--preset--spacing--20);padding-bottom:var(--wp--preset--spacing--20);padding-left:var(--wp--preset--spacing--20);flex-basis:70%\">\n<h3 class=\"wp-block-heading has-text-align-left\"><strong>24-hour service.<\/strong><\/h3>\n\n\n\n<p>Bimaristan Travel team aims to earn patient satisfaction by providing their services 24 hours a day.<\/p>\n<\/div>\n<\/div>\n<\/div>\n\n\n\n<div class=\"wp-block-column is-vertically-aligned-center is-layout-flow wp-block-column-is-layout-flow\">\n<div class=\"wp-block-columns is-not-stacked-on-mobile is-layout-flex wp-container-core-columns-layout-4 wp-block-columns-is-layout-flex\" style=\"border-left-color:var(--wp--preset--color--ast-global-color-0)\">\n<div class=\"wp-block-column is-vertically-aligned-center is-layout-flow wp-block-column-is-layout-flow\" style=\"flex-basis:30%\">\n<svg xmlns=\"http:\/\/www.w3.org\/2000\/svg\" style=\"width:50%; display:block; margin:auto; fill:#003458;\" fill=\"currentColor\" class=\"bi bi-search\" viewbox=\"0 0 16 16\">\n<path d=\"M11.742 10.344a6.5 6.5 0 1 0-1.397 1.398h-.001c.03.04.062.078.098.115l3.85 3.85a1 1 0 0 0 1.415-1.414l-3.85-3.85a1.007 1.007 0 0 0-.115-.1zM12 6.5a5.5 5.5 0 1 1-11 0 5.5 5.5 0 0 1 11 0z\"><\/path>\n<\/svg>\n<\/div>\n\n\n\n<div class=\"wp-block-column is-vertically-aligned-top is-layout-flow wp-block-column-is-layout-flow\" style=\"padding-top:var(--wp--preset--spacing--20);padding-right:var(--wp--preset--spacing--20);padding-bottom:var(--wp--preset--spacing--20);padding-left:var(--wp--preset--spacing--20);flex-basis:70%\">\n<h3 class=\"wp-block-heading has-text-align-left\"><strong><strong>Finding a doctor specifically for you.<\/strong><\/strong><\/h3>\n\n\n\n<p>Bimaristan Travel selects the best doctors in Turkey for you and arranges appointments on your behalf.<\/p>\n<\/div>\n<\/div>\n<\/div>\n\n\n\n<div class=\"wp-block-column is-vertically-aligned-center is-layout-flow wp-block-column-is-layout-flow\">\n<div class=\"wp-block-columns is-not-stacked-on-mobile is-layout-flex wp-container-core-columns-layout-5 wp-block-columns-is-layout-flex\" style=\"border-left-color:var(--wp--preset--color--ast-global-color-0)\">\n<div class=\"wp-block-column is-vertically-aligned-center is-layout-flow wp-block-column-is-layout-flow\" style=\"flex-basis:30%\">\n<svg xmlns=\"http:\/\/www.w3.org\/2000\/svg\" style=\"width:50%; display:block; margin:auto; fill:#003458;\" fill=\"currentColor\" class=\"bi bi-chat-left-text\" viewbox=\"0 0 16 16\">\n<path d=\"M14 1a1 1 0 0 1 1 1v8a1 1 0 0 1-1 1H4.414A2 2 0 0 0 3 11.586l-2 2V2a1 1 0 0 1 1-1h12zM2 0a2 2 0 0 0-2 2v12.793a.5.5 0 0 0 .854.353l2.853-2.853A1 1 0 0 1 4.414 12H14a2 2 0 0 0 2-2V2a2 2 0 0 0-2-2H2z\"><\/path>\n<path d=\"M3 3.5a.5.5 0 0 1 .5-.5h9a.5.5 0 0 1 0 1h-9a.5.5 0 0 1-.5-.5zM3 6a.5.5 0 0 1 .5-.5h9a.5.5 0 0 1 0 1h-9A.5.5 0 0 1 3 6zm0 2.5a.5.5 0 0 1 .5-.5h5a.5.5 0 0 1 0 1h-5a.5.5 0 0 1-.5-.5z\"><\/path>\n<\/svg>\n<\/div>\n\n\n\n<div class=\"wp-block-column is-vertically-aligned-top is-layout-flow wp-block-column-is-layout-flow\" style=\"padding-top:var(--wp--preset--spacing--20);padding-right:var(--wp--preset--spacing--20);padding-bottom:var(--wp--preset--spacing--20);padding-left:var(--wp--preset--spacing--20);flex-basis:70%\">\n<h3 class=\"wp-block-heading has-text-align-left\"><strong><strong>Free consultations.<\/strong><\/strong><\/h3>\n\n\n\n<p>Bimaristan Travel always provides free consultation service to assist you <\/p>\n<\/div>\n<\/div>\n<\/div>\n<\/div>\n\n\n\n<div style=\"height:30px\" aria-hidden=\"true\" class=\"wp-block-spacer\"><\/div>\n\n\n\n<div class=\"wp-block-columns is-layout-flex wp-container-core-columns-layout-7 wp-block-columns-is-layout-flex\" style=\"padding-top:var(--wp--preset--spacing--50);padding-right:var(--wp--preset--spacing--30);padding-bottom:var(--wp--preset--spacing--50);padding-left:var(--wp--preset--spacing--30)\">\n<div class=\"wp-block-column is-vertically-aligned-center is-layout-flow wp-block-column-is-layout-flow\" style=\"padding-top:0;padding-right:0;padding-bottom:0;padding-left:0\">\n<div class=\"wp-block-cover alignfull neden-under-banner\" style=\"padding-top:var(--wp--preset--spacing--70);padding-right:var(--wp--preset--spacing--70);padding-bottom:var(--wp--preset--spacing--70);padding-left:var(--wp--preset--spacing--70);min-height:418px\"><span aria-hidden=\"true\" class=\"wp-block-cover__background has-ast-global-color-0-background-color has-background-dim-80 has-background-dim\"><\/span><img decoding=\"async\" width=\"601\" height=\"390\" class=\"wp-block-cover__image-background wp-image-634\" alt=\"\" src=\"http:\/\/bimaristantravel.com\/wp-content\/uploads\/2023\/01\/banner-1.webp\" data-object-fit=\"cover\" srcset=\"https:\/\/bimaristantravel.com\/wp-content\/uploads\/2023\/01\/banner-1.webp 601w, https:\/\/bimaristantravel.com\/wp-content\/uploads\/2023\/01\/banner-1-300x195.webp 300w\" sizes=\"(max-width: 601px) 100vw, 601px\" \/><div class=\"wp-block-cover__inner-container is-layout-flow wp-block-cover-is-layout-flow\">\n<h2 class=\"wp-block-heading\"><strong>Why choose Bimaristan Travel?<\/strong><\/h2>\n\n\n\n<p style=\"font-size:16px\">With Bimaristan Travel you can ensure that you are in safe hands.<br>We are committed to providing comprehensive care for you, starting from guiding you about doctors and staff in the hospitals we recommend, to the friendly welcome you will experience when contacting us or entering our center, all the way to assisting you in recovering your health in a comprehensive and gentle manner.<br>Our team and professional doctors are eager to utilize our latest technology and equipment to help you and your loved ones stay healthy.<\/p>\n<\/div><\/div>\n<\/div>\n\n\n\n<div class=\"wp-block-column is-vertically-aligned-center is-layout-flow wp-block-column-is-layout-flow\">\n<h3 class=\"wp-block-heading\">What distinguishes treatment in Turkey from other countries?<\/h3>\n\n\n\n<h3 class=\"wp-block-heading\">What about the treatment prices?<\/h3>\n\n\n\n<h3 class=\"wp-block-heading\">What does health tourism mean?<\/h3>\n\n\n\n<ul>\n<li><a href=\"https:\/\/bimaristantravel.com\/en\/turkiyede-tedavi\/\" data-type=\"page\" data-id=\"849\">Overview of Treatment in Turkey<\/a><\/li>\n\n\n\n<li><a href=\"https:\/\/bimaristantravel.com\/en\/iletisim\/\" data-type=\"page\" data-id=\"12\">Contact Us<\/a><\/li>\n<\/ul>\n<\/div>\n<\/div>\n\n\n\n<h2 class=\"wp-block-heading has-text-align-center di-none\">.<\/h2>\n\n\n\n<div style=\"height:50px\" aria-hidden=\"true\" class=\"wp-block-spacer\"><\/div>\n\n\n\n<div class=\"wp-block-columns is-layout-flex wp-container-core-columns-layout-8 wp-block-columns-is-layout-flex\" style=\"padding-top:var(--wp--preset--spacing--50);padding-right:var(--wp--preset--spacing--30);padding-bottom:var(--wp--preset--spacing--50);padding-left:var(--wp--preset--spacing--30)\">\n<div class=\"wp-block-column is-layout-flow wp-block-column-is-layout-flow\">\n<div class=\"wp-block-cover alignfull has-custom-content-position is-position-bottom-center neden-under-banner\" style=\"padding-top:var(--wp--preset--spacing--60);padding-right:var(--wp--preset--spacing--60);padding-bottom:var(--wp--preset--spacing--60);padding-left:var(--wp--preset--spacing--60)\"><span aria-hidden=\"true\" class=\"wp-block-cover__background has-background-dim-60 has-background-dim\"><\/span><img decoding=\"async\" width=\"1221\" height=\"701\" class=\"wp-block-cover__image-background wp-image-635\" alt=\"\" src=\"http:\/\/bimaristantravel.com\/wp-content\/uploads\/2023\/01\/p-1.webp\" data-object-fit=\"cover\" srcset=\"https:\/\/bimaristantravel.com\/wp-content\/uploads\/2023\/01\/p-1.webp 1221w, https:\/\/bimaristantravel.com\/wp-content\/uploads\/2023\/01\/p-1-300x172.webp 300w, https:\/\/bimaristantravel.com\/wp-content\/uploads\/2023\/01\/p-1-1024x588.webp 1024w, https:\/\/bimaristantravel.com\/wp-content\/uploads\/2023\/01\/p-1-768x441.webp 768w\" sizes=\"(max-width: 1221px) 100vw, 1221px\" \/><div class=\"wp-block-cover__inner-container is-layout-flow wp-block-cover-is-layout-flow\">\n<h2 class=\"wp-block-heading has-ast-global-color-5-color has-text-color has-link-color wp-elements-3b82c6096c1a13de3dad0c050f659e4c\"><strong><a href=\"https:\/\/bimaristantravel.com\/en\/turkiyede-tedavi\/\" data-type=\"page\" data-id=\"849\">?Why treatment in Turkey<\/a><\/strong><\/h2>\n\n\n\n<ul>\n<li>The quality of world-class healthcare is high, as Turkey is constantly trying to bring the latest medical devices.<\/li>\n<\/ul>\n\n\n\n<ul>\n<li>High medical efficiency has motivated Turkey, after political stability, to try to return all doctors from outside the country and open multiple medical centers to serve their medical specialties.<\/li>\n<\/ul>\n<\/div><\/div>\n<\/div>\n<\/div>\n\n\n\n<div style=\"height:50px\" aria-hidden=\"true\" class=\"wp-block-spacer\"><\/div>\n\n\n\n<div class=\"wp-block-columns is-layout-flex wp-container-core-columns-layout-10 wp-block-columns-is-layout-flex\" style=\"padding-top:var(--wp--preset--spacing--50);padding-right:var(--wp--preset--spacing--30);padding-bottom:var(--wp--preset--spacing--50);padding-left:var(--wp--preset--spacing--30)\">\n<div class=\"wp-block-column border_pri contact-homepage is-layout-flow wp-block-column-is-layout-flow\" style=\"padding-top:var(--wp--preset--spacing--60);padding-right:var(--wp--preset--spacing--60);padding-bottom:var(--wp--preset--spacing--60);padding-left:var(--wp--preset--spacing--60)\">\n<p><strong><strong>If you would like to request consultation from the Bimaristan Travel team or if you have any questions, please fill out the form below:<\/strong><\/strong><\/p>\n\n\n\n<div class=\"wp-block-columns is-layout-flex wp-container-core-columns-layout-9 wp-block-columns-is-layout-flex\">\n<div class=\"wp-block-column is-layout-flow wp-block-column-is-layout-flow\"><div class='fluentform ff-default fluentform_wrapper_3 ffs_default_wrap'><form data-form_id=\"3\" id=\"fluentform_3\" class=\"frm-fluent-form fluent_form_3 ff-el-form-top ff_form_instance_3_1 ff-form-loading ffs_default\" data-form_instance=\"ff_form_instance_3_1\" method=\"POST\" action=\"\" ><fieldset  style=\"border: none!important;margin: 0!important;padding: 0!important;background-color: transparent!important;box-shadow: none!important;outline: none!important; min-inline-size: 100%;\">\n                    <legend class=\"ff_screen_reader_title\" style=\"display: block; margin: 0!important;padding: 0!important;height: 0!important;text-indent: -999999px;width: 0!important;overflow:hidden;\">Contact Form Demo (#3)<\/legend><input type='hidden' name='__fluent_form_embded_post_id' value='6' \/><input type=\"hidden\" id=\"_fluentform_3_fluentformnonce\" name=\"_fluentform_3_fluentformnonce\" value=\"6f6e9ffddf\" \/><input type=\"hidden\" name=\"_wp_http_referer\" value=\"\/en\/wp-json\/wp\/v2\/pages\/6\" \/><div data-type=\"name-element\" data-name=\"names\" class=\"ff-field_container ff-name-field-wrapper\" ><div class='ff-t-container'><div class='ff-t-cell'><div class='ff-el-group  ff-el-form-hide_label'><div class=\"ff-el-input--label asterisk-right\"><label for='ff_3_names_first_name_' >name<\/label><\/div><div class='ff-el-input--content'><input type=\"text\" name=\"names[first_name]\" id=\"ff_3_names_first_name_\" class=\"ff-el-form-control\" placeholder=\"name\" aria-invalid=\"false\" aria-required=\"false\"><\/div><\/div><\/div><div class='ff-t-cell'><div class='ff-el-group  ff-el-form-hide_label'><div class=\"ff-el-input--label asterisk-right\"><label for='ff_3_names_last_name_' >surname<\/label><\/div><div class='ff-el-input--content'><input type=\"text\" name=\"names[last_name]\" id=\"ff_3_names_last_name_\" class=\"ff-el-form-control\" placeholder=\"surname\" aria-invalid=\"false\" aria-required=\"false\"><\/div><\/div><\/div><\/div><\/div><div class='ff-el-group ff-el-form-hide_label'><div class=\"ff-el-input--label ff-el-is-required asterisk-right\"><label for='ff_3_email' aria-label=\"E-mail\">E-mail<\/label><\/div><div class='ff-el-input--content'><input type=\"email\" name=\"email\" id=\"ff_3_email\" class=\"ff-el-form-control\" placeholder=\"E-mail\" data-name=\"email\"  aria-invalid=\"false\" aria-required=\"true\"><\/div><\/div><div class='ff-el-group ff-el-form-hide_label'><div class=\"ff-el-input--label ff-el-is-required asterisk-right\"><label for='ff_3_message' aria-label=\"Your Message\">Your Message<\/label><\/div><div class='ff-el-input--content'><textarea aria-invalid=\"false\" aria-required=\"true\" name=\"message\" id=\"ff_3_message\" class=\"ff-el-form-control\" placeholder=\"message\" rows=\"4\" cols=\"2\" data-name=\"message\" ><\/textarea><\/div><\/div><div class='ff-el-group ff-text-left ff_submit_btn_wrapper'><button type=\"submit\" class=\"ff-btn ff-btn-submit ff-btn-md ff_btn_style wpf_has_custom_css\" >Send<\/button><\/div><\/fieldset><input type=\"hidden\" name=\"trp-form-language\" value=\"en\"\/><\/form><div id='fluentform_3_errors' class='ff-errors-in-stack ff_form_instance_3_1 ff-form-loading_errors ff_form_instance_3_1_errors'><\/div><\/div>            <script type=\"text\/javascript\">\n                window.fluent_form_ff_form_instance_3_1 = {\"id\":\"3\",\"settings\":{\"layout\":{\"labelPlacement\":\"top\",\"helpMessagePlacement\":\"with_label\",\"errorMessagePlacement\":\"inline\",\"cssClassName\":\"\",\"asteriskPlacement\":\"asterisk-right\"},\"restrictions\":{\"denyEmptySubmission\":{\"enabled\":false}}},\"form_instance\":\"ff_form_instance_3_1\",\"form_id_selector\":\"fluentform_3\",\"rules\":{\"names[first_name]\":{\"required\":{\"value\":false,\"message\":\"This field is required\"}},\"names[middle_name]\":{\"required\":{\"value\":false,\"message\":\"This field is required\"}},\"names[last_name]\":{\"required\":{\"value\":false,\"message\":\"This field is required\"}},\"email\":{\"required\":{\"value\":true,\"message\":\"Bu alan gereklidir!\"},\"email\":{\"value\":true,\"message\":\"Bu alan ge\\u00e7erli bir e-posta i\\u00e7ermelidir!\"}},\"message\":{\"required\":{\"value\":true,\"message\":\"This field is required\"}}},\"debounce_time\":300};\n                            <\/script>\n            \n<\/div>\n<\/div>\n<\/div>\n<\/div>","protected":false},"excerpt":{"rendered":"<p>Bize Ula\u015f\u0131n ve Hemen Randevunuzu Al\u0131n ! 24 Saat Hizmet Bimaristan Travel Tak\u0131m\u0131yla 24 Saat Hizmetiyle Kullan\u0131c\u0131n\u0131n Memnuniyeti Kazanm\u0131\u015ft\u0131r. Bir Doktor Bulmak Bimaristan Travel Sizin \u0130\u00e7in T\u00fcrkiye&#8217;deki En \u0130yi Doktorlar\u0131 Se\u00e7erler Size Randevu Al\u0131rlar. \u00dccretsiz Dani\u015fmanlik Bimaristan Travel Size \u00dccretsiz Dan\u0131\u015fmanl\u0131k Hizmetiyle Her Zaman Yard\u0131mc\u0131 Olurlar. T\u00fcrkiye&#8217;deki tedaviyi di\u011fer \u00fclkelerden ay\u0131ran nedir? Tedavi fiyatlar\u0131 ne &hellip;<\/p>\n<p class=\"read-more\"> <a class=\"\" href=\"https:\/\/bimaristantravel.com\/en\/\"> <span class=\"screen-reader-text\">Homepage<\/span> Read More &raquo;<\/a><\/p>","protected":false},"author":1,"featured_media":0,"parent":0,"menu_order":0,"comment_status":"closed","ping_status":"closed","template":"","meta":{"site-sidebar-layout":"default","site-content-layout":"default","ast-global-header-display":"","ast-main-header-display":"","ast-hfb-above-header-display":"","ast-hfb-below-header-display":"","ast-hfb-mobile-header-display":"","site-post-title":"disabled","ast-breadcrumbs-content":"","ast-featured-img":"","footer-sml-layout":"","theme-transparent-header-meta":"","adv-header-id-meta":"","stick-header-meta":"","header-above-stick-meta":"","header-main-stick-meta":"","header-below-stick-meta":"","footnotes":""},"_links":{"self":[{"href":"https:\/\/bimaristantravel.com\/en\/wp-json\/wp\/v2\/pages\/6"}],"collection":[{"href":"https:\/\/bimaristantravel.com\/en\/wp-json\/wp\/v2\/pages"}],"about":[{"href":"https:\/\/bimaristantravel.com\/en\/wp-json\/wp\/v2\/types\/page"}],"author":[{"embeddable":true,"href":"https:\/\/bimaristantravel.com\/en\/wp-json\/wp\/v2\/users\/1"}],"replies":[{"embeddable":true,"href":"https:\/\/bimaristantravel.com\/en\/wp-json\/wp\/v2\/comments?post=6"}],"version-history":[{"count":0,"href":"https:\/\/bimaristantravel.com\/en\/wp-json\/wp\/v2\/pages\/6\/revisions"}],"wp:attachment":[{"href":"https:\/\/bimaristantravel.com\/en\/wp-json\/wp\/v2\/media?parent=6"}],"curies":[{"name":"wp","href":"https:\/\/api.w.org\/{rel}","templated":true}]}}