{"id":3092,"date":"2024-03-25T09:10:20","date_gmt":"2024-03-25T09:10:20","guid":{"rendered":"https:\/\/bimaristantravel.com\/?page_id=3092"},"modified":"2026-04-22T08:30:25","modified_gmt":"2026-04-22T08:30:25","slug":"hastaneler","status":"publish","type":"page","link":"https:\/\/bimaristantravel.com\/en\/hastaneler\/","title":{"rendered":"Hospitals"},"content":{"rendered":"<div class=\"wp-block-cover alignfull header-fixer cover-other-pages\" style=\"padding-top:0;padding-right:0;padding-bottom:0;padding-left:var(--wp--preset--spacing--40);min-height:270px\"><span aria-hidden=\"true\" class=\"wp-block-cover__background has-background-dim-70 has-background-dim wp-block-cover__gradient-background has-background-gradient\" style=\"background:linear-gradient(155deg,rgb(0,44,94) 0%,rgb(152,150,240) 100%)\"><\/span><img decoding=\"async\" width=\"1920\" height=\"1080\" class=\"wp-block-cover__image-background wp-image-417\" alt=\"\" src=\"http:\/\/bimaristantravel.com\/wp-content\/uploads\/2023\/01\/contact-us.png\" data-object-fit=\"cover\"\/><div class=\"wp-block-cover__inner-container is-layout-flow wp-block-cover-is-layout-flow\">\n<p class=\"has-text-align-left\" style=\"margin-top:0;margin-right:0;margin-bottom:0;margin-left:0;padding-top:0;padding-right:0;padding-bottom:0;padding-left:0;font-size:50px\"><strong>Hospitals<\/strong><\/p>\n<\/div><\/div>\n\n\n\n<style>\n.card_row {\n\n}\n.card-custom-anlasmali{\nbox-shadow: 0px 10px 45px 0px rgba(0, 0, 0, 0.15);\nborder-radius:20px;\ntransition: 0.5s;\nmin-height: 380px;\n    }\n.card-custom-anlasmali:hover{\ntransform: scale(1.02, 1.02);\n    }\n.card_img img {\nheight:248px !important;\n}\n\n<\/style>\n\n\n\n<div class=\"wp-block-columns card_row is-layout-flex wp-container-core-columns-layout-1 wp-block-columns-is-layout-flex\">\n<div class=\"wp-block-column is-vertically-aligned-center card-custom-anlasmali has-ast-global-color-5-background-color has-background is-layout-flow wp-block-column-is-layout-flow\" style=\"padding-top:var(--wp--preset--spacing--30);padding-right:var(--wp--preset--spacing--30);padding-bottom:var(--wp--preset--spacing--30);padding-left:var(--wp--preset--spacing--30);flex-basis:25%\">\n<figure class=\"wp-block-image aligncenter size-full has-custom-border card_img\"><a href=\"https:\/\/moodisthastanesi.com\/\" target=\"_blank\" rel=\"noopener\"><img decoding=\"async\" width=\"1024\" height=\"576\" src=\"https:\/\/bimaristantravel.com\/wp-content\/uploads\/2024\/02\/\u0645\u0634\u0641\u0649-\u0645\u0648\u062f\u064a\u0633\u062a1.webp\" alt=\"\" class=\"wp-image-2935\" style=\"border-radius:20px;aspect-ratio:1;object-fit:cover\" srcset=\"https:\/\/bimaristantravel.com\/wp-content\/uploads\/2024\/02\/\u0645\u0634\u0641\u0649-\u0645\u0648\u062f\u064a\u0633\u062a1.webp 1024w, https:\/\/bimaristantravel.com\/wp-content\/uploads\/2024\/02\/\u0645\u0634\u0641\u0649-\u0645\u0648\u062f\u064a\u0633\u062a1-300x169.webp 300w, https:\/\/bimaristantravel.com\/wp-content\/uploads\/2024\/02\/\u0645\u0634\u0641\u0649-\u0645\u0648\u062f\u064a\u0633\u062a1-768x432.webp 768w, https:\/\/bimaristantravel.com\/wp-content\/uploads\/2024\/02\/\u0645\u0634\u0641\u0649-\u0645\u0648\u062f\u064a\u0633\u062a1-18x10.webp 18w\" sizes=\"(max-width: 1024px) 100vw, 1024px\" \/><\/a><\/figure>\n\n\n\n<h1 class=\"wp-block-heading has-text-align-center\" style=\"margin-top:var(--wp--preset--spacing--40);font-size:24px\"><a href=\"https:\/\/moodisthastanesi.com\/\" data-type=\"link\" data-id=\"https:\/\/moodisthastanesi.com\/\" target=\"_blank\" rel=\"noreferrer noopener\">\u00d6zel Moodist Hastanesi<\/a><\/h1>\n\n\n\n<p class=\"has-text-align-center\" style=\"margin-top:var(--wp--preset--spacing--30)\">Psikiyatri&nbsp;Hastanesi<\/p>\n<\/div>\n\n\n\n<div class=\"wp-block-column is-vertically-aligned-center card-custom-anlasmali has-ast-global-color-5-background-color has-background is-layout-flow wp-block-column-is-layout-flow\" style=\"padding-top:var(--wp--preset--spacing--30);padding-right:var(--wp--preset--spacing--30);padding-bottom:var(--wp--preset--spacing--30);padding-left:var(--wp--preset--spacing--30);flex-basis:25%\">\n<figure class=\"wp-block-image aligncenter size-full has-custom-border card_img\"><a href=\"https:\/\/npistanbul.com\/\" target=\"_blank\" rel=\"noreferrer noopener\"><img decoding=\"async\" width=\"987\" height=\"1020\" src=\"https:\/\/bimaristantravel.com\/wp-content\/uploads\/2024\/03\/2020-11-13.jpg\" alt=\"\" class=\"wp-image-3109\" style=\"border-radius:20px;aspect-ratio:1;object-fit:cover\" srcset=\"https:\/\/bimaristantravel.com\/wp-content\/uploads\/2024\/03\/2020-11-13.jpg 987w, https:\/\/bimaristantravel.com\/wp-content\/uploads\/2024\/03\/2020-11-13-290x300.jpg 290w, https:\/\/bimaristantravel.com\/wp-content\/uploads\/2024\/03\/2020-11-13-768x794.jpg 768w, https:\/\/bimaristantravel.com\/wp-content\/uploads\/2024\/03\/2020-11-13-12x12.jpg 12w\" sizes=\"(max-width: 987px) 100vw, 987px\" \/><\/a><\/figure>\n\n\n\n<h1 class=\"wp-block-heading has-text-align-center\" style=\"margin-top:var(--wp--preset--spacing--40);font-size:24px\"><a href=\"https:\/\/nadiretuncer.com\/\" target=\"_blank\" rel=\"noopener\"><\/a><a href=\"https:\/\/npistanbul.com\/\" target=\"_blank\" rel=\"noopener\">NP\u0130STANBUL Hastanesi<\/a><\/h1>\n\n\n\n<p class=\"has-text-align-center\" style=\"margin-top:var(--wp--preset--spacing--30)\"><a href=\"https:\/\/npistanbul.com\/\" target=\"_blank\" rel=\"noopener\">Beyin Hastanesi<\/a><\/p>\n<\/div>\n\n\n\n<div class=\"wp-block-column is-vertically-aligned-center card-custom-anlasmali has-ast-global-color-5-background-color has-background is-layout-flow wp-block-column-is-layout-flow\" style=\"padding-top:var(--wp--preset--spacing--30);padding-right:var(--wp--preset--spacing--30);padding-bottom:var(--wp--preset--spacing--30);padding-left:var(--wp--preset--spacing--30);flex-basis:25%\">\n<figure class=\"wp-block-image aligncenter size-full is-resized has-custom-border card_img\"><img decoding=\"async\" width=\"2161\" height=\"2161\" src=\"https:\/\/bimaristantravel.com\/wp-content\/uploads\/2024\/12\/zincirlikuyu-popup.jpg\" alt=\"\" class=\"wp-image-3275\" style=\"border-radius:20px;object-fit:cover;width:235px;height:auto\" srcset=\"https:\/\/bimaristantravel.com\/wp-content\/uploads\/2024\/12\/zincirlikuyu-popup.jpg 2161w, https:\/\/bimaristantravel.com\/wp-content\/uploads\/2024\/12\/zincirlikuyu-popup-300x300.jpg 300w, https:\/\/bimaristantravel.com\/wp-content\/uploads\/2024\/12\/zincirlikuyu-popup-1024x1024.jpg 1024w, https:\/\/bimaristantravel.com\/wp-content\/uploads\/2024\/12\/zincirlikuyu-popup-150x150.jpg 150w, https:\/\/bimaristantravel.com\/wp-content\/uploads\/2024\/12\/zincirlikuyu-popup-768x768.jpg 768w, https:\/\/bimaristantravel.com\/wp-content\/uploads\/2024\/12\/zincirlikuyu-popup-1536x1536.jpg 1536w, https:\/\/bimaristantravel.com\/wp-content\/uploads\/2024\/12\/zincirlikuyu-popup-2048x2048.jpg 2048w, https:\/\/bimaristantravel.com\/wp-content\/uploads\/2024\/12\/zincirlikuyu-popup-12x12.jpg 12w\" sizes=\"(max-width: 2161px) 100vw, 2161px\" \/><\/figure>\n\n\n\n<h1 class=\"wp-block-heading has-text-align-center\" style=\"margin-top:var(--wp--preset--spacing--40);font-size:24px\"><a href=\"https:\/\/nadiretuncer.com\/\" target=\"_blank\" rel=\"noopener\"><\/a><a href=\"https:\/\/www.medicana.com.tr\/zincirlikuyu\" target=\"_blank\" rel=\"noopener\">MEDICANA Z\u0130NC\u0130RL\u0130KUYU<\/a><\/h1>\n\n\n\n<p class=\"has-text-align-center\" style=\"margin-top:var(--wp--preset--spacing--30)\"><\/p>\n<\/div>\n\n\n\n<div class=\"wp-block-column is-vertically-aligned-center card-custom-anlasmaliOFF has-ast-global-color-5-background-color has-background is-layout-flow wp-block-column-is-layout-flow\" style=\"padding-top:var(--wp--preset--spacing--30);padding-right:var(--wp--preset--spacing--30);padding-bottom:var(--wp--preset--spacing--30);padding-left:var(--wp--preset--spacing--30)\"><\/div>\n<\/div>\n\n\n\n<div class=\"wp-block-columns card_row is-layout-flex wp-container-core-columns-layout-2 wp-block-columns-is-layout-flex\">\n<div class=\"wp-block-column is-vertically-aligned-center card-custom-anlasmali has-ast-global-color-5-background-color has-background is-layout-flow wp-block-column-is-layout-flow\" style=\"padding-top:var(--wp--preset--spacing--30);padding-right:var(--wp--preset--spacing--30);padding-bottom:var(--wp--preset--spacing--30);padding-left:var(--wp--preset--spacing--30);flex-basis:25%\">\n<figure class=\"wp-block-image aligncenter size-full is-resized has-custom-border card_img\"><img decoding=\"async\" width=\"810\" height=\"520\" src=\"https:\/\/bimaristantravel.com\/wp-content\/uploads\/2026\/04\/medical_park_-1-e1532345773813.webp\" alt=\"\" class=\"wp-image-3356\" style=\"border-radius:20px;object-fit:cover;width:235px;height:auto\" srcset=\"https:\/\/bimaristantravel.com\/wp-content\/uploads\/2026\/04\/medical_park_-1-e1532345773813.webp 810w, https:\/\/bimaristantravel.com\/wp-content\/uploads\/2026\/04\/medical_park_-1-e1532345773813-300x193.webp 300w, https:\/\/bimaristantravel.com\/wp-content\/uploads\/2026\/04\/medical_park_-1-e1532345773813-768x493.webp 768w, https:\/\/bimaristantravel.com\/wp-content\/uploads\/2026\/04\/medical_park_-1-e1532345773813-18x12.webp 18w\" sizes=\"(max-width: 810px) 100vw, 810px\" \/><\/figure>\n\n\n\n<h1 class=\"wp-block-heading has-text-align-center\" style=\"margin-top:var(--wp--preset--spacing--40);font-size:24px\"><a href=\"https:\/\/nadiretuncer.com\/\" target=\"_blank\" rel=\"noopener\"><\/a>Medical Park Hastanesi<\/h1>\n\n\n\n<p class=\"has-text-align-center\" style=\"margin-top:var(--wp--preset--spacing--30)\"><\/p>\n<\/div>\n\n\n\n<div class=\"wp-block-column is-vertically-aligned-center card-custom-anlasmali has-ast-global-color-5-background-color has-background is-layout-flow wp-block-column-is-layout-flow\" style=\"padding-top:var(--wp--preset--spacing--30);padding-right:var(--wp--preset--spacing--30);padding-bottom:var(--wp--preset--spacing--30);padding-left:var(--wp--preset--spacing--30);flex-basis:25%\">\n<figure class=\"wp-block-image aligncenter size-full is-resized has-custom-border card_img\"><img decoding=\"async\" width=\"1000\" height=\"763\" src=\"https:\/\/bimaristantravel.com\/wp-content\/uploads\/2026\/04\/untitled-design-55.webp\" alt=\"\" class=\"wp-image-3357\" style=\"border-radius:20px;object-fit:cover;width:235px;height:auto\" srcset=\"https:\/\/bimaristantravel.com\/wp-content\/uploads\/2026\/04\/untitled-design-55.webp 1000w, https:\/\/bimaristantravel.com\/wp-content\/uploads\/2026\/04\/untitled-design-55-300x229.webp 300w, https:\/\/bimaristantravel.com\/wp-content\/uploads\/2026\/04\/untitled-design-55-768x586.webp 768w, https:\/\/bimaristantravel.com\/wp-content\/uploads\/2026\/04\/untitled-design-55-16x12.webp 16w\" sizes=\"(max-width: 1000px) 100vw, 1000px\" \/><\/figure>\n\n\n\n<h1 class=\"wp-block-heading has-text-align-center\" style=\"margin-top:var(--wp--preset--spacing--40);font-size:24px\"><a href=\"https:\/\/nadiretuncer.com\/\" target=\"_blank\" rel=\"noopener\"><\/a>Medipol Hastanesi<\/h1>\n\n\n\n<p class=\"has-text-align-center\" style=\"margin-top:var(--wp--preset--spacing--30)\"><\/p>\n<\/div>\n\n\n\n<div class=\"wp-block-column is-vertically-aligned-center card-custom-anlasmali has-ast-global-color-5-background-color has-background is-layout-flow wp-block-column-is-layout-flow\" style=\"padding-top:var(--wp--preset--spacing--30);padding-right:var(--wp--preset--spacing--30);padding-bottom:var(--wp--preset--spacing--30);padding-left:var(--wp--preset--spacing--30);flex-basis:25%\">\n<figure class=\"wp-block-image aligncenter size-full is-resized has-custom-border card_img\"><img decoding=\"async\" width=\"1000\" height=\"724\" src=\"https:\/\/bimaristantravel.com\/wp-content\/uploads\/2026\/04\/bevler_bina_dis_0039-47279_b-76921_b.webp\" alt=\"\" class=\"wp-image-3358\" style=\"border-radius:20px;object-fit:cover;width:235px;height:auto\" srcset=\"https:\/\/bimaristantravel.com\/wp-content\/uploads\/2026\/04\/bevler_bina_dis_0039-47279_b-76921_b.webp 1000w, https:\/\/bimaristantravel.com\/wp-content\/uploads\/2026\/04\/bevler_bina_dis_0039-47279_b-76921_b-300x217.webp 300w, https:\/\/bimaristantravel.com\/wp-content\/uploads\/2026\/04\/bevler_bina_dis_0039-47279_b-76921_b-768x556.webp 768w, https:\/\/bimaristantravel.com\/wp-content\/uploads\/2026\/04\/bevler_bina_dis_0039-47279_b-76921_b-18x12.webp 18w\" sizes=\"(max-width: 1000px) 100vw, 1000px\" \/><\/figure>\n\n\n\n<h1 class=\"wp-block-heading has-text-align-center\" style=\"margin-top:var(--wp--preset--spacing--40);font-size:24px\"><a href=\"https:\/\/nadiretuncer.com\/\" target=\"_blank\" rel=\"noopener\"><\/a>Medicana Hastanesi<\/h1>\n\n\n\n<p class=\"has-text-align-center\" style=\"margin-top:var(--wp--preset--spacing--30)\"><\/p>\n<\/div>\n\n\n\n<div class=\"wp-block-column is-vertically-aligned-center card-custom-anlasmaliOFF has-ast-global-color-5-background-color has-background is-layout-flow wp-block-column-is-layout-flow\" style=\"padding-top:var(--wp--preset--spacing--30);padding-right:var(--wp--preset--spacing--30);padding-bottom:var(--wp--preset--spacing--30);padding-left:var(--wp--preset--spacing--30)\"><\/div>\n<\/div>\n\n\n\n<div class=\"wp-block-columns card_row is-layout-flex wp-container-core-columns-layout-3 wp-block-columns-is-layout-flex\">\n<div class=\"wp-block-column is-vertically-aligned-center card-custom-anlasmali has-ast-global-color-5-background-color has-background is-layout-flow wp-block-column-is-layout-flow\" style=\"padding-top:var(--wp--preset--spacing--30);padding-right:var(--wp--preset--spacing--30);padding-bottom:var(--wp--preset--spacing--30);padding-left:var(--wp--preset--spacing--30);flex-basis:25%\">\n<figure class=\"wp-block-image aligncenter size-full is-resized has-custom-border card_img\"><img decoding=\"async\" width=\"1543\" height=\"929\" src=\"https:\/\/bimaristantravel.com\/wp-content\/uploads\/2026\/04\/biruni.webp\" alt=\"\" class=\"wp-image-3361\" style=\"border-radius:20px;object-fit:cover;width:235px;height:auto\" srcset=\"https:\/\/bimaristantravel.com\/wp-content\/uploads\/2026\/04\/biruni.webp 1543w, https:\/\/bimaristantravel.com\/wp-content\/uploads\/2026\/04\/biruni-300x181.webp 300w, https:\/\/bimaristantravel.com\/wp-content\/uploads\/2026\/04\/biruni-1024x617.webp 1024w, https:\/\/bimaristantravel.com\/wp-content\/uploads\/2026\/04\/biruni-768x462.webp 768w, https:\/\/bimaristantravel.com\/wp-content\/uploads\/2026\/04\/biruni-1536x925.webp 1536w, https:\/\/bimaristantravel.com\/wp-content\/uploads\/2026\/04\/biruni-18x12.webp 18w\" sizes=\"(max-width: 1543px) 100vw, 1543px\" \/><\/figure>\n\n\n\n<h1 class=\"wp-block-heading has-text-align-center\" style=\"margin-top:var(--wp--preset--spacing--40);font-size:24px\">Biruni Hastanesi<\/h1>\n\n\n\n<p class=\"has-text-align-center\" style=\"margin-top:var(--wp--preset--spacing--30)\"><\/p>\n<\/div>\n\n\n\n<div class=\"wp-block-column is-vertically-aligned-center card-custom-anlasmali has-ast-global-color-5-background-color has-background is-layout-flow wp-block-column-is-layout-flow\" style=\"padding-top:var(--wp--preset--spacing--30);padding-right:var(--wp--preset--spacing--30);padding-bottom:var(--wp--preset--spacing--30);padding-left:var(--wp--preset--spacing--30);flex-basis:25%\">\n<figure class=\"wp-block-image aligncenter size-full is-resized has-custom-border card_img\"><img decoding=\"async\" width=\"1000\" height=\"522\" src=\"https:\/\/bimaristantravel.com\/wp-content\/uploads\/2026\/04\/memorial-hospital-group.webp\" alt=\"\" class=\"wp-image-3353\" style=\"border-radius:20px;object-fit:cover;width:235px;height:auto\" srcset=\"https:\/\/bimaristantravel.com\/wp-content\/uploads\/2026\/04\/memorial-hospital-group.webp 1000w, https:\/\/bimaristantravel.com\/wp-content\/uploads\/2026\/04\/memorial-hospital-group-300x157.webp 300w, https:\/\/bimaristantravel.com\/wp-content\/uploads\/2026\/04\/memorial-hospital-group-768x401.webp 768w, https:\/\/bimaristantravel.com\/wp-content\/uploads\/2026\/04\/memorial-hospital-group-18x9.webp 18w\" sizes=\"(max-width: 1000px) 100vw, 1000px\" \/><\/figure>\n\n\n\n<h1 class=\"wp-block-heading has-text-align-center\" style=\"margin-top:var(--wp--preset--spacing--40);font-size:24px\"><a href=\"https:\/\/nadiretuncer.com\/\" target=\"_blank\" rel=\"noopener\"><\/a>Memorial Hastanesi<\/h1>\n\n\n\n<p class=\"has-text-align-center\" style=\"margin-top:var(--wp--preset--spacing--30)\"><\/p>\n<\/div>\n\n\n\n<div class=\"wp-block-column is-vertically-aligned-center card-custom-anlasmali has-ast-global-color-5-background-color has-background is-layout-flow wp-block-column-is-layout-flow\" style=\"padding-top:var(--wp--preset--spacing--30);padding-right:var(--wp--preset--spacing--30);padding-bottom:var(--wp--preset--spacing--30);padding-left:var(--wp--preset--spacing--30);flex-basis:25%\">\n<figure class=\"wp-block-image aligncenter size-full is-resized has-custom-border card_img\"><img decoding=\"async\" width=\"999\" height=\"996\" src=\"https:\/\/bimaristantravel.com\/wp-content\/uploads\/2024\/12\/34b76e8b-1a2e-417b-8145-da56d1f983da_rw_1920-e1735248462376.jpg\" alt=\"\" class=\"wp-image-3278\" style=\"border-radius:20px;object-fit:cover;width:235px;height:auto\" srcset=\"https:\/\/bimaristantravel.com\/wp-content\/uploads\/2024\/12\/34b76e8b-1a2e-417b-8145-da56d1f983da_rw_1920-e1735248462376.jpg 999w, https:\/\/bimaristantravel.com\/wp-content\/uploads\/2024\/12\/34b76e8b-1a2e-417b-8145-da56d1f983da_rw_1920-e1735248462376-300x300.jpg 300w, https:\/\/bimaristantravel.com\/wp-content\/uploads\/2024\/12\/34b76e8b-1a2e-417b-8145-da56d1f983da_rw_1920-e1735248462376-150x150.jpg 150w, https:\/\/bimaristantravel.com\/wp-content\/uploads\/2024\/12\/34b76e8b-1a2e-417b-8145-da56d1f983da_rw_1920-e1735248462376-768x766.jpg 768w, https:\/\/bimaristantravel.com\/wp-content\/uploads\/2024\/12\/34b76e8b-1a2e-417b-8145-da56d1f983da_rw_1920-e1735248462376-12x12.jpg 12w\" sizes=\"(max-width: 999px) 100vw, 999px\" \/><\/figure>\n\n\n\n<h1 class=\"wp-block-heading has-text-align-center\" style=\"margin-top:var(--wp--preset--spacing--40);font-size:24px\"><a href=\"https:\/\/nadiretuncer.com\/\" target=\"_blank\" rel=\"noopener\"><\/a><a href=\"https:\/\/www.acibadem.com.tr\/hastane\/acibadem-atasehir-hastanesi\/\" target=\"_blank\" rel=\"noopener\">Ac\u0131badem&nbsp;Ata\u015fehir Hastanesi<\/a><\/h1>\n\n\n\n<p class=\"has-text-align-center\" style=\"margin-top:var(--wp--preset--spacing--30)\"><\/p>\n<\/div>\n\n\n\n<div class=\"wp-block-column is-vertically-aligned-center card-custom-anlasmaliOFF has-ast-global-color-5-background-color has-background is-layout-flow wp-block-column-is-layout-flow\" style=\"padding-top:var(--wp--preset--spacing--30);padding-right:var(--wp--preset--spacing--30);padding-bottom:var(--wp--preset--spacing--30);padding-left:var(--wp--preset--spacing--30)\"><\/div>\n<\/div>","protected":false},"excerpt":{"rendered":"<p>\u00d6zel Moodist Hastanesi Psikiyatri&nbsp;Hastanesi NP\u0130STANBUL Hastanesi Beyin Hastanesi MEDICANA Z\u0130NC\u0130RL\u0130KUYU Medical Park Hastanesi Medipol Hastanesi Medicana Hastanesi Biruni Hastanesi Memorial Hastanesi Ac\u0131badem&nbsp;Ata\u015fehir Hastanesi<\/p>","protected":false},"author":1,"featured_media":0,"parent":0,"menu_order":0,"comment_status":"closed","ping_status":"closed","template":"","meta":{"site-sidebar-layout":"default","site-content-layout":"default","ast-global-header-display":"","ast-main-header-display":"","ast-hfb-above-header-display":"","ast-hfb-below-header-display":"","ast-hfb-mobile-header-display":"","site-post-title":"disabled","ast-breadcrumbs-content":"","ast-featured-img":"","footer-sml-layout":"","theme-transparent-header-meta":"","adv-header-id-meta":"","stick-header-meta":"","header-above-stick-meta":"","header-main-stick-meta":"","header-below-stick-meta":"","footnotes":""},"_links":{"self":[{"href":"https:\/\/bimaristantravel.com\/en\/wp-json\/wp\/v2\/pages\/3092"}],"collection":[{"href":"https:\/\/bimaristantravel.com\/en\/wp-json\/wp\/v2\/pages"}],"about":[{"href":"https:\/\/bimaristantravel.com\/en\/wp-json\/wp\/v2\/types\/page"}],"author":[{"embeddable":true,"href":"https:\/\/bimaristantravel.com\/en\/wp-json\/wp\/v2\/users\/1"}],"replies":[{"embeddable":true,"href":"https:\/\/bimaristantravel.com\/en\/wp-json\/wp\/v2\/comments?post=3092"}],"version-history":[{"count":12,"href":"https:\/\/bimaristantravel.com\/en\/wp-json\/wp\/v2\/pages\/3092\/revisions"}],"predecessor-version":[{"id":3375,"href":"https:\/\/bimaristantravel.com\/en\/wp-json\/wp\/v2\/pages\/3092\/revisions\/3375"}],"wp:attachment":[{"href":"https:\/\/bimaristantravel.com\/en\/wp-json\/wp\/v2\/media?parent=3092"}],"curies":[{"name":"wp","href":"https:\/\/api.w.org\/{rel}","templated":true}]}}