{"id":1105,"date":"2023-05-23T20:57:39","date_gmt":"2023-05-23T20:57:39","guid":{"rendered":"https:\/\/bimaristantravel.com\/?page_id=1105"},"modified":"2024-02-19T14:31:55","modified_gmt":"2024-02-19T14:31:55","slug":"thank-you","status":"publish","type":"page","link":"https:\/\/bimaristantravel.com\/en\/thank-you\/","title":{"rendered":"Mesaj\u0131n\u0131z G\u00f6nderildi !"},"content":{"rendered":"<div style=\"height:72px\" aria-hidden=\"true\" class=\"wp-block-spacer\"><\/div>\n\n\n\n<h2 class=\"wp-block-heading has-text-align-center\"><strong>Thank you for contacting the Bimaristan team, we will contact you as soon as possible!<\/strong><\/h2>\n\n\n\n<div style=\"height:31px\" aria-hidden=\"true\" class=\"wp-block-spacer\"><\/div>\n\n\n\n<div class=\"wp-block-buttons alignfull is-content-justification-center is-layout-flex wp-container-core-buttons-layout-1 wp-block-buttons-is-layout-flex\">\n<div class=\"wp-block-button has-custom-font-size\" style=\"font-size:15px\"><a class=\"wp-block-button__link has-ast-global-color-5-color has-ast-global-color-0-background-color has-text-color has-background wp-element-button\" href=\"https:\/\/bimaristantravel.com\/en\/\" style=\"border-radius:18px\"><strong>Click to go to the home page<\/strong><\/a><\/div>\n<\/div>\n\n\n\n<div style=\"height:72px\" aria-hidden=\"true\" class=\"wp-block-spacer\"><\/div>\n\n\n\n<style>\r\nfooter,header{\r\ndisplay:none !important;\r\n}\r\n<\/style>","protected":false},"excerpt":{"rendered":"<p>Thank you for contacting the Bimaristan team, we will contact you as soon as possible!<\/p>","protected":false},"author":2,"featured_media":0,"parent":0,"menu_order":0,"comment_status":"closed","ping_status":"closed","template":"","meta":{"site-sidebar-layout":"default","site-content-layout":"default","ast-global-header-display":"","ast-main-header-display":"","ast-hfb-above-header-display":"","ast-hfb-below-header-display":"","ast-hfb-mobile-header-display":"","site-post-title":"","ast-breadcrumbs-content":"","ast-featured-img":"","footer-sml-layout":"","theme-transparent-header-meta":"","adv-header-id-meta":"","stick-header-meta":"","header-above-stick-meta":"","header-main-stick-meta":"","header-below-stick-meta":"","footnotes":""},"_links":{"self":[{"href":"https:\/\/bimaristantravel.com\/en\/wp-json\/wp\/v2\/pages\/1105"}],"collection":[{"href":"https:\/\/bimaristantravel.com\/en\/wp-json\/wp\/v2\/pages"}],"about":[{"href":"https:\/\/bimaristantravel.com\/en\/wp-json\/wp\/v2\/types\/page"}],"author":[{"embeddable":true,"href":"https:\/\/bimaristantravel.com\/en\/wp-json\/wp\/v2\/users\/2"}],"replies":[{"embeddable":true,"href":"https:\/\/bimaristantravel.com\/en\/wp-json\/wp\/v2\/comments?post=1105"}],"version-history":[{"count":0,"href":"https:\/\/bimaristantravel.com\/en\/wp-json\/wp\/v2\/pages\/1105\/revisions"}],"wp:attachment":[{"href":"https:\/\/bimaristantravel.com\/en\/wp-json\/wp\/v2\/media?parent=1105"}],"curies":[{"name":"wp","href":"https:\/\/api.w.org\/{rel}","templated":true}]}}