{"id":804,"date":"2023-03-13T09:35:26","date_gmt":"2023-03-13T09:35:26","guid":{"rendered":"http:\/\/bimaristantravel.com\/?page_id=804"},"modified":"2023-05-16T22:05:57","modified_gmt":"2023-05-16T22:05:57","slug":"dr-nadire-tuncer","status":"publish","type":"page","link":"https:\/\/bimaristantravel.com\/ar\/dr-nadire-tuncer\/","title":{"rendered":"\u0627\u0644\u062f\u0643\u062a\u0648\u0631\u0629 \u0646\u0627\u062f\u064a\u0631\u0629 \u062a\u0648\u0646\u062c\u0631"},"content":{"rendered":"<figure class=\"wp-block-image size-full is-resized has-custom-border\"><a href=\"https:\/\/www.nadiretuncer.com\" target=\"_blank\" rel=\"noopener\"><img decoding=\"async\" src=\"http:\/\/bimaristantravel.com\/wp-content\/uploads\/2023\/05\/maxresdefault-1-1.webp\" alt=\"\" class=\"wp-image-920\" style=\"border-top-left-radius:5px;border-top-right-radius:30px;border-bottom-left-radius:30px;border-bottom-right-radius:5px\" width=\"424\" height=\"424\" srcset=\"https:\/\/bimaristantravel.com\/wp-content\/uploads\/2023\/05\/maxresdefault-1-1.webp 718w, https:\/\/bimaristantravel.com\/wp-content\/uploads\/2023\/05\/maxresdefault-1-1-300x300.webp 300w, https:\/\/bimaristantravel.com\/wp-content\/uploads\/2023\/05\/maxresdefault-1-1-150x150.webp 150w\" sizes=\"(max-width: 424px) 100vw, 424px\" \/><\/a><\/figure>\n\n\n\n<p><strong>Dr. NAD\u0130RE TUNCER Hakk\u0131nda : <\/strong>kad\u0131n hastal\u0131klar\u0131 ve do\u011fum alan\u0131nda hizmet vermekte.<\/p>\n\n\n\n<p><strong>Web Sitesi :<\/strong> <strong><a href=\"https:\/\/www.nadiretuncer.com\/\" target=\"_blank\" rel=\"noopener\">https:\/\/www.nadiretuncer.com<\/a><\/strong><\/p>\n\n\n\n<p><strong>Hizmetler : <\/strong><\/p>\n\n\n\n<ul>\n<li>Riskli Gebelik<\/li>\n\n\n\n<li>Gebelik<\/li>\n\n\n\n<li>Do\u011fum<\/li>\n\n\n\n<li>K\u0131s\u0131rl\u0131k<\/li>\n\n\n\n<li>Polikistik Over Sendromunda Beslenme<\/li>\n\n\n\n<li>D\u00fc\u015f\u00fck<\/li>\n\n\n\n<li>A\u011fr\u0131l\u0131 Adet<\/li>\n\n\n\n<li>Vajinal Ak\u0131nt\u0131 \u2013 Jinekolojik Enfeksiyonlar<\/li>\n\n\n\n<li>Menopoz<\/li>\n\n\n\n<li>Rahim Ve Vajina Sarkmas\u0131<\/li>\n\n\n\n<li>Botox \u0130le Vajinismus Tedavisi<\/li>\n\n\n\n<li>\u0130drar Ka\u00e7\u0131rma<\/li>\n\n\n\n<li>Genital Si\u011fil<\/li>\n\n\n\n<li>Kad\u0131n Genital Kanser Taramalar\u0131<\/li>\n\n\n\n<li>Kad\u0131n Hastal\u0131klar\u0131<\/li>\n\n\n\n<li>Kad\u0131nda \u0130\u015feme Bozuklu\u011fu<\/li>\n\n\n\n<li>Kad\u0131n Uyar\u0131lma &#8211; Orgazm Bozuklu\u011fu<\/li>\n\n\n\n<li>Vajen Ca<\/li>\n\n\n\n<li>Vajinit<\/li>\n\n\n\n<li>Vajinal Enfeksiyonlar<\/li>\n\n\n\n<li>Vajinal Ka\u015f\u0131nt\u0131<\/li>\n\n\n\n<li>Vajina Esteti\u011fi<\/li>\n\n\n\n<li>Vulva Kanseri<\/li>\n\n\n\n<li>Vakum K\u00fcrtaj<\/li>\n\n\n\n<li>\u0130nfertilite (K\u0131s\u0131rl\u0131k)<\/li>\n\n\n\n<li>Fer\u00e7 Ka\u015f\u0131nt\u0131s\u0131<\/li>\n\n\n\n<li>Pelvik \u0130nflamatuar Hastal\u0131k (Pid)<\/li>\n\n\n\n<li>Hpv Enfeksiyonu<\/li>\n\n\n\n<li>\u0130nfertilite Ve T\u00fcp Bebek<\/li>\n\n\n\n<li>Ofis Histeroskopi<\/li>\n\n\n\n<li>Genital \u0130ltihap<\/li>\n\n\n\n<li>Menstr\u00fcel Bozukluklar<\/li>\n\n\n\n<li>Hiperplazi<\/li>\n\n\n\n<li>Polipler<\/li>\n\n\n\n<li>Rahim Egzamas\u0131<\/li>\n\n\n\n<li>Rahim A\u011fz\u0131 Kanseri<\/li>\n\n\n\n<li>Do\u011fum Sanc\u0131lar\u0131<\/li>\n\n\n\n<li>Kar\u0131n A\u011fr\u0131s\u0131<\/li>\n\n\n\n<li>\u0130nterstisyel Sistit<\/li>\n\n\n\n<li>Rabdomiyom<\/li>\n\n\n\n<li>A\u011fr\u0131s\u0131z Normal Do\u011fum Ve Sezaryen<\/li>\n\n\n\n<li>Rahim \u0130\u00e7i Miyom<\/li>\n\n\n\n<li>Yumurtal\u0131k Kisti Tedavisi Ve Ameliyat\u0131<\/li>\n\n\n\n<li>Yumurtal\u0131k Kanseri<\/li>\n<\/ul>\n\n\n\n<p><strong>Bilinen Diller :<\/strong> T\u00fcrk\u00e7e, \u0130ngilizce<\/p>\n\n\n\n<p><strong>Adres :<\/strong> Dumlup\u0131nar Mah Ordubulvar\u0131 Cad Genelio\u011flu Apt No 22\/1A<\/p>","protected":false},"excerpt":{"rendered":"<p>Dr. NAD\u0130RE TUNCER Hakk\u0131nda : kad\u0131n hastal\u0131klar\u0131 ve do\u011fum alan\u0131nda hizmet vermekte. Web Sitesi : https:\/\/www.nadiretuncer.com Hizmetler : Bilinen Diller : T\u00fcrk\u00e7e, \u0130ngilizce Adres : Dumlup\u0131nar Mah Ordubulvar\u0131 Cad Genelio\u011flu Apt No 22\/1A<\/p>","protected":false},"author":2,"featured_media":920,"parent":0,"menu_order":0,"comment_status":"closed","ping_status":"closed","template":"","meta":{"site-sidebar-layout":"default","site-content-layout":"default","ast-global-header-display":"","ast-main-header-display":"","ast-hfb-above-header-display":"","ast-hfb-below-header-display":"","ast-hfb-mobile-header-display":"","site-post-title":"","ast-breadcrumbs-content":"","ast-featured-img":"disabled","footer-sml-layout":"","theme-transparent-header-meta":"","adv-header-id-meta":"","stick-header-meta":"","header-above-stick-meta":"","header-main-stick-meta":"","header-below-stick-meta":"","footnotes":""},"_links":{"self":[{"href":"https:\/\/bimaristantravel.com\/ar\/wp-json\/wp\/v2\/pages\/804"}],"collection":[{"href":"https:\/\/bimaristantravel.com\/ar\/wp-json\/wp\/v2\/pages"}],"about":[{"href":"https:\/\/bimaristantravel.com\/ar\/wp-json\/wp\/v2\/types\/page"}],"author":[{"embeddable":true,"href":"https:\/\/bimaristantravel.com\/ar\/wp-json\/wp\/v2\/users\/2"}],"replies":[{"embeddable":true,"href":"https:\/\/bimaristantravel.com\/ar\/wp-json\/wp\/v2\/comments?post=804"}],"version-history":[{"count":0,"href":"https:\/\/bimaristantravel.com\/ar\/wp-json\/wp\/v2\/pages\/804\/revisions"}],"wp:featuredmedia":[{"embeddable":true,"href":"https:\/\/bimaristantravel.com\/ar\/wp-json\/wp\/v2\/media\/920"}],"wp:attachment":[{"href":"https:\/\/bimaristantravel.com\/ar\/wp-json\/wp\/v2\/media?parent=804"}],"curies":[{"name":"wp","href":"https:\/\/api.w.org\/{rel}","templated":true}]}}