{"id":3096,"date":"2024-03-25T09:16:36","date_gmt":"2024-03-25T09:16:36","guid":{"rendered":"https:\/\/bimaristantravel.com\/?page_id=3096"},"modified":"2024-03-25T16:00:09","modified_gmt":"2024-03-25T16:00:09","slug":"doktorlar","status":"publish","type":"page","link":"https:\/\/bimaristantravel.com\/ar\/doktorlar\/","title":{"rendered":"\u0627\u0644\u0623\u0637\u0628\u0627\u0621"},"content":{"rendered":"<div class=\"wp-block-cover alignfull header-fixer cover-other-pages\" style=\"padding-top:0;padding-right:0;padding-bottom:0;padding-left:var(--wp--preset--spacing--40);min-height:270px\"><span aria-hidden=\"true\" class=\"wp-block-cover__background has-background-dim-70 has-background-dim wp-block-cover__gradient-background has-background-gradient\" style=\"background:linear-gradient(155deg,rgb(0,44,94) 0%,rgb(152,150,240) 100%)\"><\/span><img decoding=\"async\" width=\"1920\" height=\"1080\" class=\"wp-block-cover__image-background wp-image-417\" alt=\"\" src=\"http:\/\/bimaristantravel.com\/wp-content\/uploads\/2023\/01\/contact-us.png\" data-object-fit=\"cover\"\/><div class=\"wp-block-cover__inner-container is-layout-flow wp-block-cover-is-layout-flow\">\n<p class=\"has-text-align-left\" style=\"margin-top:0;margin-right:0;margin-bottom:0;margin-left:0;padding-top:0;padding-right:0;padding-bottom:0;padding-left:0;font-size:50px\"><strong>\u0627\u0644\u0623\u0637\u0628\u0627\u0621<\/strong><\/p>\n<\/div><\/div>\n\n\n\n<div class=\"wp-block-columns is-layout-flex wp-container-core-columns-layout-1 wp-block-columns-is-layout-flex\">\n<div class=\"wp-block-column is-vertically-aligned-center card-custom-anlasmali has-ast-global-color-5-background-color has-background is-layout-flow wp-block-column-is-layout-flow\" style=\"padding-top:var(--wp--preset--spacing--30);padding-right:var(--wp--preset--spacing--30);padding-bottom:var(--wp--preset--spacing--30);padding-left:var(--wp--preset--spacing--30)\">\n<figure class=\"wp-block-image aligncenter size-large has-custom-border\"><a href=\"https:\/\/www.drberraonsoy.com\/\" target=\"_blank\" rel=\"noreferrer noopener\"><img decoding=\"async\" width=\"1024\" height=\"1024\" src=\"http:\/\/bimaristantravel.com\/wp-content\/uploads\/2023\/05\/Dr.-Berra-Onnsoy-102-1024x1024.webp\" alt=\"\" class=\"wp-image-897\" style=\"border-radius:20px\" srcset=\"https:\/\/bimaristantravel.com\/wp-content\/uploads\/2023\/05\/Dr.-Berra-Onnsoy-102-1024x1024.webp 1024w, https:\/\/bimaristantravel.com\/wp-content\/uploads\/2023\/05\/Dr.-Berra-Onnsoy-102-300x300.webp 300w, https:\/\/bimaristantravel.com\/wp-content\/uploads\/2023\/05\/Dr.-Berra-Onnsoy-102-150x150.webp 150w, https:\/\/bimaristantravel.com\/wp-content\/uploads\/2023\/05\/Dr.-Berra-Onnsoy-102-768x768.webp 768w, https:\/\/bimaristantravel.com\/wp-content\/uploads\/2023\/05\/Dr.-Berra-Onnsoy-102-1536x1536.webp 1536w, https:\/\/bimaristantravel.com\/wp-content\/uploads\/2023\/05\/Dr.-Berra-Onnsoy-102-2048x2048.webp 2048w\" sizes=\"(max-width: 1024px) 100vw, 1024px\" \/><\/a><\/figure>\n\n\n\n<h1 class=\"wp-block-heading has-text-align-center\" style=\"margin-top:var(--wp--preset--spacing--40);font-size:28px\"><a href=\"https:\/\/www.drberraonsoy.com\/\" data-type=\"URL\" data-id=\"https:\/\/www.drberraonsoy.com\/\" target=\"_blank\" rel=\"noreferrer noopener\">\u0627\u0644\u062f\u0643\u062a\u0648\u0631\u0629 \u0628\u064a\u0631\u0627 \u0623\u0648\u0646\u0633\u0648\u064a<\/a><\/h1>\n\n\n\n<p class=\"has-text-align-center\" style=\"margin-top:var(--wp--preset--spacing--30)\">\u0627\u062e\u062a\u0635\u0627\u0635\u064a\u0629 \u0623\u0645\u0631\u0627\u0636 \u0627\u0644\u0646\u0633\u0627\u0621 \u0648\u0627\u0644\u062a\u0648\u0644\u064a\u062f<\/p>\n<\/div>\n\n\n\n<div class=\"wp-block-column is-vertically-aligned-center card-custom-anlasmali has-ast-global-color-5-background-color has-background is-layout-flow wp-block-column-is-layout-flow\" style=\"padding-top:var(--wp--preset--spacing--30);padding-right:var(--wp--preset--spacing--30);padding-bottom:var(--wp--preset--spacing--30);padding-left:var(--wp--preset--spacing--30)\">\n<figure class=\"wp-block-image aligncenter size-full has-custom-border\"><a href=\"https:\/\/nadiretuncer.com\/\" target=\"_blank\" rel=\"noreferrer noopener\"><img decoding=\"async\" width=\"718\" height=\"718\" src=\"http:\/\/bimaristantravel.com\/wp-content\/uploads\/2023\/05\/maxresdefault-1-1.webp\" alt=\"\" class=\"wp-image-920\" style=\"border-radius:20px\" srcset=\"https:\/\/bimaristantravel.com\/wp-content\/uploads\/2023\/05\/maxresdefault-1-1.webp 718w, https:\/\/bimaristantravel.com\/wp-content\/uploads\/2023\/05\/maxresdefault-1-1-300x300.webp 300w, https:\/\/bimaristantravel.com\/wp-content\/uploads\/2023\/05\/maxresdefault-1-1-150x150.webp 150w\" sizes=\"(max-width: 718px) 100vw, 718px\" \/><\/a><\/figure>\n\n\n\n<h1 class=\"wp-block-heading has-text-align-center\" style=\"margin-top:var(--wp--preset--spacing--40);font-size:28px\"><a href=\"https:\/\/nadiretuncer.com\/\" target=\"_blank\" rel=\"noopener\">\u0627\u0644\u062f\u0643\u062a\u0648\u0631\u0629 \u0646\u0627\u062f\u064a\u0631\u0629 \u062a\u0648\u0646\u062c\u0631<\/a><\/h1>\n\n\n\n<p class=\"has-text-align-center\" style=\"margin-top:var(--wp--preset--spacing--30)\">\u0627\u062e\u062a\u0635\u0627\u0635\u064a\u0629 \u0623\u0645\u0631\u0627\u0636 \u0627\u0644\u0646\u0633\u0627\u0621 \u0648\u0627\u0644\u062a\u0648\u0644\u064a\u062f<\/p>\n<\/div>\n\n\n\n<div class=\"wp-block-column is-vertically-aligned-center card-custom-anlasmali has-ast-global-color-5-background-color has-background is-layout-flow wp-block-column-is-layout-flow\" style=\"padding-top:var(--wp--preset--spacing--30);padding-right:var(--wp--preset--spacing--30);padding-bottom:var(--wp--preset--spacing--30);padding-left:var(--wp--preset--spacing--30)\">\n<figure class=\"wp-block-image aligncenter size-full has-custom-border\"><a href=\"https:\/\/www.dishekimirabiataskin.com\/\" target=\"_blank\" rel=\"noreferrer noopener\"><img decoding=\"async\" width=\"818\" height=\"818\" src=\"http:\/\/bimaristantravel.com\/wp-content\/uploads\/2023\/05\/WhatsApp-Image-2022-06-30-at-20.32.06.webp\" alt=\"\" class=\"wp-image-923\" style=\"border-radius:20px\" srcset=\"https:\/\/bimaristantravel.com\/wp-content\/uploads\/2023\/05\/WhatsApp-Image-2022-06-30-at-20.32.06.webp 818w, https:\/\/bimaristantravel.com\/wp-content\/uploads\/2023\/05\/WhatsApp-Image-2022-06-30-at-20.32.06-300x300.webp 300w, https:\/\/bimaristantravel.com\/wp-content\/uploads\/2023\/05\/WhatsApp-Image-2022-06-30-at-20.32.06-150x150.webp 150w, https:\/\/bimaristantravel.com\/wp-content\/uploads\/2023\/05\/WhatsApp-Image-2022-06-30-at-20.32.06-768x768.webp 768w\" sizes=\"(max-width: 818px) 100vw, 818px\" \/><\/a><\/figure>\n\n\n\n<h1 class=\"wp-block-heading has-text-align-center\" style=\"margin-top:var(--wp--preset--spacing--40);font-size:28px\"><a href=\"https:\/\/www.dishekimirabiataskin.com\/\" data-type=\"URL\" data-id=\"https:\/\/www.dishekimirabiataskin.com\/\" target=\"_blank\" rel=\"noreferrer noopener\">\u0627\u0644\u062f\u0643\u062a\u0648\u0631\u0629 \u0631\u0627\u0628\u0639\u0629 \u062a\u0627\u0634\u0643\u064a\u0646<\/a><\/h1>\n\n\n\n<p class=\"has-text-align-center\" style=\"margin-top:var(--wp--preset--spacing--30)\">\u0637\u0628\u064a\u0628\u0629 \u0623\u0633\u0646\u0627\u0646<\/p>\n<\/div>\n<\/div>\n\n\n\n<style>\n.card-custom-anlasmali{\nbox-shadow: 0px 10px 45px 0px rgba(0, 0, 0, 0.15);\nborder-radius:20px;\ntransition: 0.5s;\nmin-height: 380px;\n    }\n.card-custom-anlasmali:hover{\ntransform: scale(1.02, 1.02);\n    }\n\n<\/style>","protected":false},"excerpt":{"rendered":"<p>OP. DR. BERRA \u00d6NSOY Kad\u0131n Hastal\u0131klar\u0131 Ve Do\u011fum Uzman\u0131 Dr. Nadire TUNCER Kad\u0131n Hastal\u0131klar\u0131 Ve Do\u011fum Uzman\u0131 Dr. Rabia Ta\u015fk\u0131n Di\u015f Hekimi<\/p>","protected":false},"author":1,"featured_media":0,"parent":0,"menu_order":0,"comment_status":"closed","ping_status":"closed","template":"","meta":{"site-sidebar-layout":"default","site-content-layout":"default","ast-global-header-display":"","ast-main-header-display":"","ast-hfb-above-header-display":"","ast-hfb-below-header-display":"","ast-hfb-mobile-header-display":"","site-post-title":"disabled","ast-breadcrumbs-content":"","ast-featured-img":"","footer-sml-layout":"","theme-transparent-header-meta":"","adv-header-id-meta":"","stick-header-meta":"","header-above-stick-meta":"","header-main-stick-meta":"","header-below-stick-meta":"","footnotes":""},"_links":{"self":[{"href":"https:\/\/bimaristantravel.com\/ar\/wp-json\/wp\/v2\/pages\/3096"}],"collection":[{"href":"https:\/\/bimaristantravel.com\/ar\/wp-json\/wp\/v2\/pages"}],"about":[{"href":"https:\/\/bimaristantravel.com\/ar\/wp-json\/wp\/v2\/types\/page"}],"author":[{"embeddable":true,"href":"https:\/\/bimaristantravel.com\/ar\/wp-json\/wp\/v2\/users\/1"}],"replies":[{"embeddable":true,"href":"https:\/\/bimaristantravel.com\/ar\/wp-json\/wp\/v2\/comments?post=3096"}],"version-history":[{"count":0,"href":"https:\/\/bimaristantravel.com\/ar\/wp-json\/wp\/v2\/pages\/3096\/revisions"}],"wp:attachment":[{"href":"https:\/\/bimaristantravel.com\/ar\/wp-json\/wp\/v2\/media?parent=3096"}],"curies":[{"name":"wp","href":"https:\/\/api.w.org\/{rel}","templated":true}]}}