{"id":3092,"date":"2024-03-25T09:10:20","date_gmt":"2024-03-25T09:10:20","guid":{"rendered":"https:\/\/bimaristantravel.com\/?page_id=3092"},"modified":"2024-12-26T21:29:00","modified_gmt":"2024-12-26T21:29:00","slug":"hastaneler","status":"publish","type":"page","link":"https:\/\/bimaristantravel.com\/ar\/hastaneler\/","title":{"rendered":"\u0627\u0644\u0645\u0634\u0627\u0641\u064a"},"content":{"rendered":"<div class=\"wp-block-cover alignfull header-fixer cover-other-pages\" style=\"padding-top:0;padding-right:0;padding-bottom:0;padding-left:var(--wp--preset--spacing--40);min-height:270px\"><span aria-hidden=\"true\" class=\"wp-block-cover__background has-background-dim-70 has-background-dim wp-block-cover__gradient-background has-background-gradient\" style=\"background:linear-gradient(155deg,rgb(0,44,94) 0%,rgb(152,150,240) 100%)\"><\/span><img decoding=\"async\" width=\"1920\" height=\"1080\" class=\"wp-block-cover__image-background wp-image-417\" alt=\"\" src=\"http:\/\/bimaristantravel.com\/wp-content\/uploads\/2023\/01\/contact-us.png\" data-object-fit=\"cover\"\/><div class=\"wp-block-cover__inner-container is-layout-flow wp-block-cover-is-layout-flow\">\n<p class=\"has-text-align-left\" style=\"margin-top:0;margin-right:0;margin-bottom:0;margin-left:0;padding-top:0;padding-right:0;padding-bottom:0;padding-left:0;font-size:50px\"><strong>\u0627\u0644\u0645\u0634\u0627\u0641\u064a<\/strong><\/p>\n<\/div><\/div>\n\n\n\n<div class=\"wp-block-columns is-layout-flex wp-container-core-columns-layout-1 wp-block-columns-is-layout-flex\">\n<div class=\"wp-block-column is-vertically-aligned-center card-custom-anlasmali has-ast-global-color-5-background-color has-background is-layout-flow wp-block-column-is-layout-flow\" style=\"padding-top:var(--wp--preset--spacing--30);padding-right:var(--wp--preset--spacing--30);padding-bottom:var(--wp--preset--spacing--30);padding-left:var(--wp--preset--spacing--30)\">\n<figure class=\"wp-block-image aligncenter size-full has-custom-border\"><a href=\"https:\/\/moodisthastanesi.com\/\" target=\"_blank\" rel=\"noopener\"><img decoding=\"async\" width=\"1024\" height=\"576\" src=\"https:\/\/bimaristantravel.com\/wp-content\/uploads\/2024\/02\/\u0645\u0634\u0641\u0649-\u0645\u0648\u062f\u064a\u0633\u062a1.webp\" alt=\"\" class=\"wp-image-2935\" style=\"border-radius:20px;aspect-ratio:1;object-fit:cover\" srcset=\"https:\/\/bimaristantravel.com\/wp-content\/uploads\/2024\/02\/\u0645\u0634\u0641\u0649-\u0645\u0648\u062f\u064a\u0633\u062a1.webp 1024w, https:\/\/bimaristantravel.com\/wp-content\/uploads\/2024\/02\/\u0645\u0634\u0641\u0649-\u0645\u0648\u062f\u064a\u0633\u062a1-300x169.webp 300w, https:\/\/bimaristantravel.com\/wp-content\/uploads\/2024\/02\/\u0645\u0634\u0641\u0649-\u0645\u0648\u062f\u064a\u0633\u062a1-768x432.webp 768w, https:\/\/bimaristantravel.com\/wp-content\/uploads\/2024\/02\/\u0645\u0634\u0641\u0649-\u0645\u0648\u062f\u064a\u0633\u062a1-18x10.webp 18w\" sizes=\"(max-width: 1024px) 100vw, 1024px\" \/><\/a><\/figure>\n\n\n\n<h1 class=\"wp-block-heading has-text-align-center\" style=\"margin-top:var(--wp--preset--spacing--40);font-size:24px\"><a href=\"https:\/\/moodisthastanesi.com\/\" data-type=\"link\" data-id=\"https:\/\/moodisthastanesi.com\/\" target=\"_blank\" rel=\"noreferrer noopener\">\u0645\u0634\u0641\u0649 Moodist  \u0627\u0644\u062e\u0627\u0635<\/a><\/h1>\n\n\n\n<p class=\"has-text-align-center\" style=\"margin-top:var(--wp--preset--spacing--30)\">\u0645\u0633\u062a\u0634\u0641\u0649 \u0627\u0644\u0623\u0645\u0631\u0627\u0636 \u0627\u0644\u0646\u0641\u0633\u064a\u0629<\/p>\n<\/div>\n\n\n\n<div class=\"wp-block-column is-vertically-aligned-center card-custom-anlasmali has-ast-global-color-5-background-color has-background is-layout-flow wp-block-column-is-layout-flow\" style=\"padding-top:var(--wp--preset--spacing--30);padding-right:var(--wp--preset--spacing--30);padding-bottom:var(--wp--preset--spacing--30);padding-left:var(--wp--preset--spacing--30)\">\n<figure class=\"wp-block-image aligncenter size-full has-custom-border\"><a href=\"https:\/\/npistanbul.com\/\" target=\"_blank\" rel=\"noreferrer noopener\"><img decoding=\"async\" width=\"987\" height=\"1020\" src=\"https:\/\/bimaristantravel.com\/wp-content\/uploads\/2024\/03\/2020-11-13.jpg\" alt=\"\" class=\"wp-image-3109\" style=\"border-radius:20px;aspect-ratio:1;object-fit:cover\" srcset=\"https:\/\/bimaristantravel.com\/wp-content\/uploads\/2024\/03\/2020-11-13.jpg 987w, https:\/\/bimaristantravel.com\/wp-content\/uploads\/2024\/03\/2020-11-13-290x300.jpg 290w, https:\/\/bimaristantravel.com\/wp-content\/uploads\/2024\/03\/2020-11-13-768x794.jpg 768w, https:\/\/bimaristantravel.com\/wp-content\/uploads\/2024\/03\/2020-11-13-12x12.jpg 12w\" sizes=\"(max-width: 987px) 100vw, 987px\" \/><\/a><\/figure>\n\n\n\n<h1 class=\"wp-block-heading has-text-align-center\" style=\"margin-top:var(--wp--preset--spacing--40);font-size:24px\"><a href=\"https:\/\/nadiretuncer.com\/\" target=\"_blank\" rel=\"noopener\"><\/a><a href=\"https:\/\/npistanbul.com\/\" target=\"_blank\" rel=\"noopener\">\u0645\u0634\u0641\u0649 NP\u0130STANBUL<\/a><\/h1>\n\n\n\n<p class=\"has-text-align-center\" style=\"margin-top:var(--wp--preset--spacing--30)\"><a href=\"https:\/\/npistanbul.com\/\" target=\"_blank\" rel=\"noopener\">\u0645\u0634\u0641\u0649 \u0627\u0644\u062f\u0645\u0627\u063a<\/a><\/p>\n<\/div>\n\n\n\n<div class=\"wp-block-column is-vertically-aligned-center card-custom-anlasmali has-ast-global-color-5-background-color has-background is-layout-flow wp-block-column-is-layout-flow\" style=\"padding-top:var(--wp--preset--spacing--30);padding-right:var(--wp--preset--spacing--30);padding-bottom:var(--wp--preset--spacing--30);padding-left:var(--wp--preset--spacing--30)\">\n<figure class=\"wp-block-image aligncenter size-full is-resized has-custom-border\"><img decoding=\"async\" width=\"2161\" height=\"2161\" src=\"https:\/\/bimaristantravel.com\/wp-content\/uploads\/2024\/12\/zincirlikuyu-popup.jpg\" alt=\"\" class=\"wp-image-3275\" style=\"border-radius:20px;object-fit:cover;width:235px;height:auto\" srcset=\"https:\/\/bimaristantravel.com\/wp-content\/uploads\/2024\/12\/zincirlikuyu-popup.jpg 2161w, https:\/\/bimaristantravel.com\/wp-content\/uploads\/2024\/12\/zincirlikuyu-popup-300x300.jpg 300w, https:\/\/bimaristantravel.com\/wp-content\/uploads\/2024\/12\/zincirlikuyu-popup-1024x1024.jpg 1024w, https:\/\/bimaristantravel.com\/wp-content\/uploads\/2024\/12\/zincirlikuyu-popup-150x150.jpg 150w, https:\/\/bimaristantravel.com\/wp-content\/uploads\/2024\/12\/zincirlikuyu-popup-768x768.jpg 768w, https:\/\/bimaristantravel.com\/wp-content\/uploads\/2024\/12\/zincirlikuyu-popup-1536x1536.jpg 1536w, https:\/\/bimaristantravel.com\/wp-content\/uploads\/2024\/12\/zincirlikuyu-popup-2048x2048.jpg 2048w, https:\/\/bimaristantravel.com\/wp-content\/uploads\/2024\/12\/zincirlikuyu-popup-12x12.jpg 12w\" sizes=\"(max-width: 2161px) 100vw, 2161px\" \/><\/figure>\n\n\n\n<h1 class=\"wp-block-heading has-text-align-center\" style=\"margin-top:var(--wp--preset--spacing--40);font-size:24px\"><a href=\"https:\/\/nadiretuncer.com\/\" target=\"_blank\" rel=\"noopener\"><\/a><a href=\"https:\/\/www.medicana.com.tr\/zincirlikuyu\" target=\"_blank\" rel=\"noopener\">MEDICANA Z\u0130NC\u0130RL\u0130KUYU<\/a><\/h1>\n\n\n\n<p class=\"has-text-align-center\" style=\"margin-top:var(--wp--preset--spacing--30)\"><\/p>\n<\/div>\n\n\n\n<div class=\"wp-block-column is-vertically-aligned-center card-custom-anlasmali has-ast-global-color-5-background-color has-background is-layout-flow wp-block-column-is-layout-flow\" style=\"padding-top:var(--wp--preset--spacing--30);padding-right:var(--wp--preset--spacing--30);padding-bottom:var(--wp--preset--spacing--30);padding-left:var(--wp--preset--spacing--30)\">\n<figure class=\"wp-block-image aligncenter size-full is-resized has-custom-border\"><img decoding=\"async\" width=\"999\" height=\"996\" src=\"https:\/\/bimaristantravel.com\/wp-content\/uploads\/2024\/12\/34b76e8b-1a2e-417b-8145-da56d1f983da_rw_1920-e1735248462376.jpg\" alt=\"\" class=\"wp-image-3278\" style=\"border-radius:20px;object-fit:cover;width:235px;height:auto\" srcset=\"https:\/\/bimaristantravel.com\/wp-content\/uploads\/2024\/12\/34b76e8b-1a2e-417b-8145-da56d1f983da_rw_1920-e1735248462376.jpg 999w, https:\/\/bimaristantravel.com\/wp-content\/uploads\/2024\/12\/34b76e8b-1a2e-417b-8145-da56d1f983da_rw_1920-e1735248462376-300x300.jpg 300w, https:\/\/bimaristantravel.com\/wp-content\/uploads\/2024\/12\/34b76e8b-1a2e-417b-8145-da56d1f983da_rw_1920-e1735248462376-150x150.jpg 150w, https:\/\/bimaristantravel.com\/wp-content\/uploads\/2024\/12\/34b76e8b-1a2e-417b-8145-da56d1f983da_rw_1920-e1735248462376-768x766.jpg 768w, https:\/\/bimaristantravel.com\/wp-content\/uploads\/2024\/12\/34b76e8b-1a2e-417b-8145-da56d1f983da_rw_1920-e1735248462376-12x12.jpg 12w\" sizes=\"(max-width: 999px) 100vw, 999px\" \/><\/figure>\n\n\n\n<h1 class=\"wp-block-heading has-text-align-center\" style=\"margin-top:var(--wp--preset--spacing--40);font-size:24px\"><a href=\"https:\/\/nadiretuncer.com\/\" target=\"_blank\" rel=\"noopener\"><\/a><a href=\"https:\/\/www.acibadem.com.tr\/hastane\/acibadem-atasehir-hastanesi\/\" target=\"_blank\" rel=\"noopener\">\u0645\u0634\u0641\u0649 Ac\u0131badem\u00a0Ata\u015fehir<\/a><\/h1>\n\n\n\n<p class=\"has-text-align-center\" style=\"margin-top:var(--wp--preset--spacing--30)\"><\/p>\n<\/div>\n\n\n\n<div class=\"wp-block-column is-vertically-aligned-center card-custom-anlasmaliOFF has-ast-global-color-5-background-color has-background is-layout-flow wp-block-column-is-layout-flow\" style=\"padding-top:var(--wp--preset--spacing--30);padding-right:var(--wp--preset--spacing--30);padding-bottom:var(--wp--preset--spacing--30);padding-left:var(--wp--preset--spacing--30)\"><\/div>\n<\/div>\n\n\n\n<style>\n.card-custom-anlasmali{\nbox-shadow: 0px 10px 45px 0px rgba(0, 0, 0, 0.15);\nborder-radius:20px;\ntransition: 0.5s;\nmin-height: 380px;\n    }\n.card-custom-anlasmali:hover{\ntransform: scale(1.02, 1.02);\n    }\n\n<\/style>","protected":false},"excerpt":{"rendered":"<p>\u00d6zel Moodist Hastanesi Psikiyatri&nbsp;Hastanesi NP\u0130STANBUL Hastanesi Beyin Hastanesi MEDICANA Z\u0130NC\u0130RL\u0130KUYU Ac\u0131badem\u00a0Ata\u015fehir Hastanesi<\/p>","protected":false},"author":1,"featured_media":0,"parent":0,"menu_order":0,"comment_status":"closed","ping_status":"closed","template":"","meta":{"site-sidebar-layout":"default","site-content-layout":"default","ast-global-header-display":"","ast-main-header-display":"","ast-hfb-above-header-display":"","ast-hfb-below-header-display":"","ast-hfb-mobile-header-display":"","site-post-title":"disabled","ast-breadcrumbs-content":"","ast-featured-img":"","footer-sml-layout":"","theme-transparent-header-meta":"","adv-header-id-meta":"","stick-header-meta":"","header-above-stick-meta":"","header-main-stick-meta":"","header-below-stick-meta":"","footnotes":""},"_links":{"self":[{"href":"https:\/\/bimaristantravel.com\/ar\/wp-json\/wp\/v2\/pages\/3092"}],"collection":[{"href":"https:\/\/bimaristantravel.com\/ar\/wp-json\/wp\/v2\/pages"}],"about":[{"href":"https:\/\/bimaristantravel.com\/ar\/wp-json\/wp\/v2\/types\/page"}],"author":[{"embeddable":true,"href":"https:\/\/bimaristantravel.com\/ar\/wp-json\/wp\/v2\/users\/1"}],"replies":[{"embeddable":true,"href":"https:\/\/bimaristantravel.com\/ar\/wp-json\/wp\/v2\/comments?post=3092"}],"version-history":[{"count":0,"href":"https:\/\/bimaristantravel.com\/ar\/wp-json\/wp\/v2\/pages\/3092\/revisions"}],"wp:attachment":[{"href":"https:\/\/bimaristantravel.com\/ar\/wp-json\/wp\/v2\/media?parent=3092"}],"curies":[{"name":"wp","href":"https:\/\/api.w.org\/{rel}","templated":true}]}}