{"id":3085,"date":"2024-03-25T09:02:09","date_gmt":"2024-03-25T09:02:09","guid":{"rendered":"https:\/\/bimaristantravel.com\/?page_id=3085"},"modified":"2024-03-25T09:02:09","modified_gmt":"2024-03-25T09:02:09","slug":"ozel-moodist-hastanesi","status":"publish","type":"page","link":"https:\/\/bimaristantravel.com\/ar\/ozel-moodist-hastanesi\/","title":{"rendered":"\u0645\u0634\u0641\u0649 Moodist  \u0627\u0644\u062e\u0627\u0635"},"content":{"rendered":"<figure class=\"wp-block-image size-full is-resized has-custom-border\"><img decoding=\"async\" width=\"1024\" height=\"576\" src=\"https:\/\/bimaristantravel.com\/wp-content\/uploads\/2024\/02\/\u0645\u0634\u0641\u0649-\u0645\u0648\u062f\u064a\u0633\u062a1.webp\" alt=\"\" class=\"wp-image-2935\" style=\"border-top-left-radius:5px;border-top-right-radius:30px;border-bottom-left-radius:30px;border-bottom-right-radius:5px;width:444px;height:auto\" srcset=\"https:\/\/bimaristantravel.com\/wp-content\/uploads\/2024\/02\/\u0645\u0634\u0641\u0649-\u0645\u0648\u062f\u064a\u0633\u062a1.webp 1024w, https:\/\/bimaristantravel.com\/wp-content\/uploads\/2024\/02\/\u0645\u0634\u0641\u0649-\u0645\u0648\u062f\u064a\u0633\u062a1-300x169.webp 300w, https:\/\/bimaristantravel.com\/wp-content\/uploads\/2024\/02\/\u0645\u0634\u0641\u0649-\u0645\u0648\u062f\u064a\u0633\u062a1-768x432.webp 768w, https:\/\/bimaristantravel.com\/wp-content\/uploads\/2024\/02\/\u0645\u0634\u0641\u0649-\u0645\u0648\u062f\u064a\u0633\u062a1-18x10.webp 18w\" sizes=\"(max-width: 1024px) 100vw, 1024px\" \/><\/figure>\n\n\n\n<p><strong>\u00d6zel Moodist Hastanesi Hakk\u0131nda : <\/strong>Moodist, 75 yatak kapasitesi, suit ve konforlu hasta odalar\u0131, eri\u015fkin ve \u00e7ocuk poliklinikleri, ba\u011f\u0131ml\u0131l\u0131k, kad\u0131n ruh sa\u011fl\u0131\u011f\u0131, acil psikiyatri b\u00f6l\u00fcmleri, EKT, TMS, EEG ve t\u00fcm psikolojik tan\u0131 testleriyle, ruh sa\u011fl\u0131\u011f\u0131na y\u00f6nelik bilim ve teknolojinin gerektirdi\u011fi ko\u015fullar\u0131 sa\u011flayan, tam te\u015fekk\u00fcll\u00fc \u00f6zel bir hastanedir. Moodist\u2019in akademik kimli\u011fe sahip profes\u00f6r, uzman hekim ve psikologlardan olu\u015fan hekim kadrosunda ayr\u0131ca; anestezi, i\u00e7 hastal\u0131klar\u0131, n\u00f6roloji uzman\u0131, diyetisyen ve tecr\u00fcbeli sa\u011fl\u0131k personeli de bulunuyor.<\/p>\n\n\n\n<p><strong>Web Sitesi :<\/strong> <a href=\"https:\/\/moodisthastanesi.com\/\" target=\"_blank\" rel=\"noopener\"><strong>https:\/\/moodisthastanesi.com<\/strong><\/a><\/p>\n\n\n\n<p><strong>Hizmetler : <\/strong><\/p>\n\n\n\n<ul>\n<li>Yeti\u015fkin Psikiyatri<\/li>\n\n\n\n<li>\u00c7ocuk Ergen Psikiyatri<\/li>\n\n\n\n<li>Ba\u011f\u0131ml\u0131l\u0131k<\/li>\n\n\n\n<li>N\u00f6roloji<\/li>\n\n\n\n<li>Psikoloji<\/li>\n\n\n\n<li>Dahiliye<\/li>\n\n\n\n<li>Beslenme ve Diyet<\/li>\n<\/ul>\n\n\n\n<p><strong>Bilinen Diller :<\/strong> T\u00fcrk\u00e7e, \u0130ngilizce<\/p>\n\n\n\n<p><strong>Adres :<\/strong> Ac\u0131badem Mahallesi, \u00c7e\u00e7en Sokak No:52 (Akasya AVM Yan\u0131) \u00dcsk\u00fcdar\/\u0130stanbul<\/p>","protected":false},"excerpt":{"rendered":"<p>\u00d6zel Moodist Hastanesi Hakk\u0131nda : Moodist, 75 yatak kapasitesi, suit ve konforlu hasta odalar\u0131, eri\u015fkin ve \u00e7ocuk poliklinikleri, ba\u011f\u0131ml\u0131l\u0131k, kad\u0131n ruh sa\u011fl\u0131\u011f\u0131, acil psikiyatri b\u00f6l\u00fcmleri, EKT, TMS, EEG ve t\u00fcm psikolojik tan\u0131 testleriyle, ruh sa\u011fl\u0131\u011f\u0131na y\u00f6nelik bilim ve teknolojinin gerektirdi\u011fi ko\u015fullar\u0131 sa\u011flayan, tam te\u015fekk\u00fcll\u00fc \u00f6zel bir hastanedir. Moodist\u2019in akademik kimli\u011fe sahip profes\u00f6r, uzman hekim ve &hellip;<\/p>\n<p class=\"read-more\"> <a class=\"\" href=\"https:\/\/bimaristantravel.com\/ar\/ozel-moodist-hastanesi\/\"> <span class=\"screen-reader-text\">\u0645\u0634\u0641\u0649 Moodist  \u0627\u0644\u062e\u0627\u0635<\/span> \u0642\u0631\u0627\u0621\u0629 \u0627\u0644\u0645\u0632\u064a\u062f &raquo;<\/a><\/p>","protected":false},"author":1,"featured_media":0,"parent":0,"menu_order":0,"comment_status":"closed","ping_status":"closed","template":"","meta":{"site-sidebar-layout":"default","site-content-layout":"default","ast-global-header-display":"","ast-main-header-display":"","ast-hfb-above-header-display":"","ast-hfb-below-header-display":"","ast-hfb-mobile-header-display":"","site-post-title":"","ast-breadcrumbs-content":"","ast-featured-img":"","footer-sml-layout":"","theme-transparent-header-meta":"","adv-header-id-meta":"","stick-header-meta":"","header-above-stick-meta":"","header-main-stick-meta":"","header-below-stick-meta":"","footnotes":""},"_links":{"self":[{"href":"https:\/\/bimaristantravel.com\/ar\/wp-json\/wp\/v2\/pages\/3085"}],"collection":[{"href":"https:\/\/bimaristantravel.com\/ar\/wp-json\/wp\/v2\/pages"}],"about":[{"href":"https:\/\/bimaristantravel.com\/ar\/wp-json\/wp\/v2\/types\/page"}],"author":[{"embeddable":true,"href":"https:\/\/bimaristantravel.com\/ar\/wp-json\/wp\/v2\/users\/1"}],"replies":[{"embeddable":true,"href":"https:\/\/bimaristantravel.com\/ar\/wp-json\/wp\/v2\/comments?post=3085"}],"version-history":[{"count":0,"href":"https:\/\/bimaristantravel.com\/ar\/wp-json\/wp\/v2\/pages\/3085\/revisions"}],"wp:attachment":[{"href":"https:\/\/bimaristantravel.com\/ar\/wp-json\/wp\/v2\/media?parent=3085"}],"curies":[{"name":"wp","href":"https:\/\/api.w.org\/{rel}","templated":true}]}}