{"id":19,"date":"2023-01-09T11:12:37","date_gmt":"2023-01-09T11:12:37","guid":{"rendered":"http:\/\/bimaristantravel.com\/?page_id=19"},"modified":"2023-06-20T14:33:17","modified_gmt":"2023-06-20T14:33:17","slug":"hakkimizda","status":"publish","type":"page","link":"https:\/\/bimaristantravel.com\/ar\/hakkimizda\/","title":{"rendered":"\u0645\u0646 \u0646\u062d\u0646\u061f"},"content":{"rendered":"<div class=\"wp-block-cover alignfull header-fixer cover-other-pages\" style=\"padding-top:0;padding-right:0;padding-bottom:0;padding-left:var(--wp--preset--spacing--40);min-height:270px\"><span aria-hidden=\"true\" class=\"wp-block-cover__background has-background-dim-70 has-background-dim wp-block-cover__gradient-background has-background-gradient\" style=\"background:linear-gradient(149deg,rgb(0,44,94) 0%,rgb(152,150,240) 100%)\"><\/span><img decoding=\"async\" width=\"1920\" height=\"1080\" class=\"wp-block-cover__image-background wp-image-417\" alt=\"\" src=\"http:\/\/bimaristantravel.com\/wp-content\/uploads\/2023\/01\/contact-us.png\" data-object-fit=\"cover\"\/><div class=\"wp-block-cover__inner-container is-layout-flow wp-block-cover-is-layout-flow\">\n<p class=\"has-text-align-left\" style=\"margin-top:0;margin-right:0;margin-bottom:0;margin-left:0;padding-top:0;padding-right:0;padding-bottom:0;padding-left:0;font-size:50px\"><strong>\u0645\u0646 \u0646\u062d\u0646\u061f<\/strong><\/p>\n<\/div><\/div>\n\n\n\n<div class=\"wp-block-columns alignfull is-layout-flex wp-container-core-columns-layout-1 wp-block-columns-is-layout-flex\">\n<div class=\"wp-block-column is-vertically-aligned-center is-layout-flow wp-block-column-is-layout-flow\">\n<figure class=\"wp-block-image aligncenter size-full is-resized\"><img decoding=\"async\" src=\"http:\/\/bimaristantravel.com\/wp-content\/uploads\/2023\/01\/Asset-4.png\" alt=\"\" class=\"wp-image-507\" width=\"536\" height=\"456\"\/><\/figure>\n<\/div>\n\n\n\n<div class=\"wp-block-column is-vertically-aligned-center is-layout-flow wp-block-column-is-layout-flow\">\n<h2 class=\"wp-block-heading has-large-font-size\"><strong>\u0645\u0646 \u0646\u062d\u0646\u061f<\/strong><\/h2>\n\n\n\n<p class=\"has-medium-font-size\">Hastay\u0131 tek bir hastane ile i\u015fbirli\u011fi yapmak yerine, T\u00fcrkiye&#8217;nin her yerindeki en iyi hastanelere veya gerekli uzmanl\u0131ktaki doktorlara ula\u015ft\u0131rarak hasta i\u00e7in m\u00fcmk\u00fcn olan en y\u00fcksek hizmeti almay\u0131 ama\u00e7layan bir sa\u011fl\u0131k turizm \u015firketidir. \u00dcniversite hastanelerini ve devlet hastanelerini teknolojik geli\u015fme ve operasyonlarda bilimsel geli\u015fme ile d\u00f6n\u00fc\u015ft\u00fcrmek, T\u00fcrkiye&#8217;deki en iyi t\u0131bbi m\u00fcdahaleyi ve en iyi tedavi merkezlerini almak i\u00e7in b\u00fcrokrasiyi a\u015farak hastalara hizmet veren \u00f6zel hastanelere ara\u015ft\u0131rma yapmakt\u0131r.<\/p>\n<\/div>\n<\/div>\n\n\n\n<div class=\"wp-block-columns alignwide is-layout-flex wp-container-core-columns-layout-2 wp-block-columns-is-layout-flex\">\n<div class=\"wp-block-column is-layout-flow wp-block-column-is-layout-flow\" style=\"padding-top:var(--wp--preset--spacing--60)\">\n<svg xmlns=\"http:\/\/www.w3.org\/2000\/svg\" fill=\"currentColor\" class=\"bi bi-bookmark-check\" viewbox=\"0 0 16 16\" style=\"width:25%; display:block; margin:auto; fill: #12254b;\">\n<path fill-rule=\"evenodd\" d=\"M10.854 5.146a.5.5 0 0 1 0 .708l-3 3a.5.5 0 0 1-.708 0l-1.5-1.5a.5.5 0 1 1 .708-.708L7.5 7.793l2.646-2.647a.5.5 0 0 1 .708 0z\"><\/path>\n<path d=\"M2 2a2 2 0 0 1 2-2h8a2 2 0 0 1 2 2v13.5a.5.5 0 0 1-.777.416L8 13.101l-5.223 2.815A.5.5 0 0 1 2 15.5V2zm2-1a1 1 0 0 0-1 1v12.566l4.723-2.482a.5.5 0 0 1 .554 0L13 14.566V2a1 1 0 0 0-1-1H4z\"><\/path>\n<\/svg>\n\n\n\n<p class=\"has-text-align-center has-medium-font-size\"><strong>\u0641\u0631\u064a\u0642 \u0645\u0624\u0647\u0644 \u0645\u0646 \u0627\u0644\u0623\u0637\u0628\u0627\u0621<\/strong><\/p>\n<\/div>\n\n\n\n<div class=\"wp-block-column is-layout-flow wp-block-column-is-layout-flow\" style=\"padding-top:var(--wp--preset--spacing--60)\">\n<svg xmlns=\"http:\/\/www.w3.org\/2000\/svg\" fill=\"currentColor\" class=\"bi bi-bookmark-check\" viewbox=\"0 0 16 16\" style=\"width:25%; display:block; margin:auto; fill: #12254b;\">\n<path d=\"M8.354 1.146a.5.5 0 0 0-.708 0l-6 6A.5.5 0 0 0 1.5 7.5v7a.5.5 0 0 0 .5.5h4.5a.5.5 0 0 0 .5-.5v-4h2v4a.5.5 0 0 0 .5.5H14a.5.5 0 0 0 .5-.5v-7a.5.5 0 0 0-.146-.354L13 5.793V2.5a.5.5 0 0 0-.5-.5h-1a.5.5 0 0 0-.5.5v1.293L8.354 1.146zM2.5 14V7.707l5.5-5.5 5.5 5.5V14H10v-4a.5.5 0 0 0-.5-.5h-3a.5.5 0 0 0-.5.5v4H2.5z\"><\/path>\n<\/svg>\n\n\n\n<p class=\"has-text-align-center has-medium-font-size\"><strong>\u0633\u062a\u0634\u0639\u0631 \u0648\u0643\u0623\u0646\u0643 \u0641\u064a \u0628\u0644\u062f\u0643 \u0645\u0639\u0646\u0627<\/strong><\/p>\n<\/div>\n\n\n\n<div class=\"wp-block-column is-layout-flow wp-block-column-is-layout-flow\" style=\"padding-top:var(--wp--preset--spacing--60)\">\n<svg xmlns=\"http:\/\/www.w3.org\/2000\/svg\" fill=\"currentColor\" class=\"bi bi-bookmark-check\" viewbox=\"0 0 16 16\" style=\"width:25%; display:block; margin:auto; fill: #12254b;\">\n<path d=\"M5.5 9.511c.076.954.83 1.697 2.182 1.785V12h.6v-.709c1.4-.098 2.218-.846 2.218-1.932 0-.987-.626-1.496-1.745-1.76l-.473-.112V5.57c.6.068.982.396 1.074.85h1.052c-.076-.919-.864-1.638-2.126-1.716V4h-.6v.719c-1.195.117-2.01.836-2.01 1.853 0 .9.606 1.472 1.613 1.707l.397.098v2.034c-.615-.093-1.022-.43-1.114-.9H5.5zm2.177-2.166c-.59-.137-.91-.416-.91-.836 0-.47.345-.822.915-.925v1.76h-.005zm.692 1.193c.717.166 1.048.435 1.048.91 0 .542-.412.914-1.135.982V8.518l.087.02z\"><\/path>\n<path d=\"M8 15A7 7 0 1 1 8 1a7 7 0 0 1 0 14zm0 1A8 8 0 1 0 8 0a8 8 0 0 0 0 16z\"><\/path>\n<path d=\"M8 13.5a5.5 5.5 0 1 1 0-11 5.5 5.5 0 0 1 0 11zm0 .5A6 6 0 1 0 8 2a6 6 0 0 0 0 12z\"><\/path>\n<\/svg>\n\n\n\n<p class=\"has-text-align-center has-medium-font-size\"><strong><strong>\u062a\u0643\u0627\u0644\u064a\u0641 \u0623\u0642\u0644<\/strong><\/strong><\/p>\n<\/div>\n\n\n\n<div class=\"wp-block-column is-layout-flow wp-block-column-is-layout-flow\" style=\"padding-top:var(--wp--preset--spacing--60)\">\n<svg xmlns=\"http:\/\/www.w3.org\/2000\/svg\" fill=\"currentColor\" class=\"bi bi-bookmark-check\" viewbox=\"0 0 16 16\" style=\"width:25%; display:block; margin:auto; fill: #12254b;\">\n<path d=\"M8.515 1.019A7 7 0 0 0 8 1V0a8 8 0 0 1 .589.022l-.074.997zm2.004.45a7.003 7.003 0 0 0-.985-.299l.219-.976c.383.086.76.2 1.126.342l-.36.933zm1.37.71a7.01 7.01 0 0 0-.439-.27l.493-.87a8.025 8.025 0 0 1 .979.654l-.615.789a6.996 6.996 0 0 0-.418-.302zm1.834 1.79a6.99 6.99 0 0 0-.653-.796l.724-.69c.27.285.52.59.747.91l-.818.576zm.744 1.352a7.08 7.08 0 0 0-.214-.468l.893-.45a7.976 7.976 0 0 1 .45 1.088l-.95.313a7.023 7.023 0 0 0-.179-.483zm.53 2.507a6.991 6.991 0 0 0-.1-1.025l.985-.17c.067.386.106.778.116 1.17l-1 .025zm-.131 1.538c.033-.17.06-.339.081-.51l.993.123a7.957 7.957 0 0 1-.23 1.155l-.964-.267c.046-.165.086-.332.12-.501zm-.952 2.379c.184-.29.346-.594.486-.908l.914.405c-.16.36-.345.706-.555 1.038l-.845-.535zm-.964 1.205c.122-.122.239-.248.35-.378l.758.653a8.073 8.073 0 0 1-.401.432l-.707-.707z\"><\/path>\n<path d=\"M8 1a7 7 0 1 0 4.95 11.95l.707.707A8.001 8.001 0 1 1 8 0v1z\"><\/path>\n<path d=\"M7.5 3a.5.5 0 0 1 .5.5v5.21l3.248 1.856a.5.5 0 0 1-.496.868l-3.5-2A.5.5 0 0 1 7 9V3.5a.5.5 0 0 1 .5-.5z\"><\/path>\n<\/svg>\n\n\n\n<p class=\"has-text-align-center has-medium-font-size\"><strong><strong>\u062e\u062f\u0645\u0629 \u0627\u0644\u0637\u0648\u0627\u0631\u0626 24\/7<\/strong><\/strong><\/p>\n<\/div>\n<\/div>\n\n\n\n<div class=\"wp-block-columns alignwide is-layout-flex wp-container-core-columns-layout-3 wp-block-columns-is-layout-flex\">\n<div class=\"wp-block-column is-layout-flow wp-block-column-is-layout-flow\">\n<h2 class=\"wp-block-heading has-ast-global-color-0-color has-text-color has-x-large-font-size\"><strong>\u0627\u0644\u0623\u0633\u0626\u0644\u0629 \u0627\u0644\u0645\u062a\u0643\u0631\u0631\u0629 \u062d\u0648\u0644 \u0627\u0644\u0639\u0644\u0627\u062c \u0641\u064a \u062a\u0631\u0643\u064a\u0627<\/strong><\/h2>\n<\/div>\n<\/div>\n\n\n\n<h3 class=\"wp-block-heading has-large-font-size\"><strong>Bimaristan Travel Nedir?<\/strong><\/h3>\n\n\n\n<p class=\"has-medium-font-size\">Hastay\u0131 tek bir hastane ile i\u015fbirli\u011fi yapmak yerine, T\u00fcrkiye&#8217;nin en iyi hastanelerine veya gerekli uzmanl\u0131ktaki doktorlara teslim ederek hasta i\u00e7in m\u00fcmk\u00fcn olan en y\u00fcksek hizmeti almay\u0131 ama\u00e7lar. \u00dcniversite hastanelerini ve devlet hastanelerini teknolojik geli\u015fme ve operasyon ve ara\u015ft\u0131rmada bilimsel geli\u015fme ile b\u00fcrokrasiyi a\u015farak hastalara hizmet veren \u00f6zel hastanelere d\u00f6n\u00fc\u015ft\u00fcrmeyi ama\u00e7lamaktad\u0131r. B\u00f6ylece en iyi tedavi ve t\u0131bbi m\u00fcdahale sa\u011flan\u0131r. Ayr\u0131ca bir\u00e7ok \u00f6zel hastane ile yak\u0131n i\u015fbirli\u011fi vard\u0131r.<\/p>\n\n\n\n<h3 class=\"wp-block-heading has-large-font-size\"><strong>\u0645\u0627 \u0627\u0644\u0630\u064a \u064a\u0645\u064a\u0632 \u0627\u0644\u0639\u0644\u0627\u062c \u0641\u064a \u062a\u0631\u0643\u064a\u0627 \u0639\u0646 \u0627\u0644\u062f\u0648\u0644 \u0627\u0644\u0623\u062e\u0631\u0649\u061f<\/strong><\/h3>\n\n\n\n<p class=\"has-medium-font-size translation-block\">\u062a\u0639\u062f \u0627\u0644\u062a\u0637\u0648\u0631\u0627\u062a \u0627\u0644\u0637\u0628\u064a\u0629 \u0641\u064a \u0627\u0644\u0648\u0644\u0627\u064a\u0627\u062a \u0627\u0644\u0645\u062a\u062d\u062f\u0629 \u0648\u0643\u0646\u062f\u0627 \u0631\u0627\u0626\u062f\u0629 \u0641\u064a \u0645\u062c\u0627\u0644 \u0627\u0644\u0631\u0639\u0627\u064a\u0629 \u0627\u0644\u0635\u062d\u064a\u0629. \u0648\u0645\u0639 \u0630\u0644\u0643\u060c \u0639\u0646\u062f\u0645\u0627 \u064a\u062a\u0639\u0644\u0642 \u0627\u0644\u0623\u0645\u0631 \u0628\u0627\u0644\u0633\u0641\u0631 \u0625\u0644\u0649 \u0623\u0648\u0631\u0648\u0628\u0627 \u0648\u062a\u0631\u0643\u064a\u0627\u060c \u0641\u0625\u0646 \u0648\u062c\u0648\u062f \u0645\u0631\u0627\u0641\u0642 \u0637\u0628\u064a\u0629 \u062f\u0627\u0626\u0645\u0629 \u0648\u0627\u0644\u0627\u0633\u062a\u062b\u0645\u0627\u0631\u0627\u062a \u0627\u0644\u062d\u0643\u0648\u0645\u064a\u0629 \u0641\u064a \u0634\u0631\u0627\u0621 \u0623\u062d\u062f\u062b \u0627\u0644\u062a\u062c\u0647\u064a\u0632\u0627\u062a \u064a\u062c\u0639\u0644 \u0645\u0646 \u062a\u0631\u0643\u064a\u0627 \u0648\u062c\u0647\u0629 \u0645\u062b\u064a\u0631\u0629 \u0644\u0644\u0627\u0647\u062a\u0645\u0627\u0645 \u0644\u0644\u0633\u0641\u0631 \u0627\u0644\u0637\u0628\u064a. \u062a\u0642\u062f\u0645 \u062a\u0631\u0643\u064a\u0627 \u0627\u0644\u0622\u0646 \u062e\u062f\u0645\u0627\u062a \u0637\u0628\u064a\u0629 \u0645\u062a\u0642\u062f\u0645\u0629 \u062a\u062a\u0646\u0627\u0633\u0628 \u0645\u0639 \u0627\u0644\u062f\u0648\u0644 \u0627\u0644\u0645\u062a\u0642\u062f\u0645\u0629 \u0641\u064a \u0645\u062c\u0627\u0644 \u0627\u0644\u0631\u0639\u0627\u064a\u0629 \u0627\u0644\u0635\u062d\u064a\u0629. \u0628\u0641\u0636\u0644 \u0627\u0644\u0645\u0633\u062a\u0634\u0641\u064a\u0627\u062a \u0627\u0644\u062e\u0627\u0635\u0629 \u0628\u0627\u0631\u0632\u0629 \u0627\u0644\u062a\u064a \u062a\u0639\u0645\u0644 \u0628\u0627\u0644\u062a\u0639\u0627\u0648\u0646 \u0645\u0639 \u0623\u0637\u0628\u0627\u0621 \u0630\u0648\u064a \u062e\u0628\u0631\u0629\u060c \u064a\u0645\u0643\u0646 \u0644\u0644\u0645\u0631\u0636\u0649 \u0627\u0644\u062d\u0635\u0648\u0644 \u0639\u0644\u0649 \u0627\u0644\u0639\u0644\u0627\u062c \u0627\u0644\u0630\u064a \u064a\u062d\u062a\u0627\u062c\u0648\u0646 \u0625\u0644\u064a\u0647 \u0628\u0631\u0627\u062d\u0629 \u0648\u062b\u0642\u0629 \u0641\u064a \u062a\u0631\u0643\u064a\u0627. \u064a\u0639\u062a\u0628\u0631 \u0627\u0644\u062f\u0645\u062c \u0628\u064a\u0646 \u0627\u0644\u062a\u0637\u0648\u0631 \u0627\u0644\u062a\u0642\u0646\u064a \u0648\u0627\u0644\u062a\u062e\u0635\u0635 \u0627\u0644\u0637\u0628\u064a \u0648\u0627\u0644\u0636\u064a\u0627\u0641\u0629 \u0627\u0644\u062a\u0631\u0643\u064a\u0629 \u0627\u0644\u0641\u0631\u064a\u062f\u0629 \u0645\u0646 \u0646\u0648\u0639\u0647\u0627 \u0623\u062d\u062f \u0627\u0644\u0639\u0648\u0627\u0645\u0644 \u0627\u0644\u062a\u064a \u062a\u062c\u0639\u0644 \u062a\u0631\u0643\u064a\u0627 \u0648\u062c\u0647\u0629 \u0645\u0645\u064a\u0632\u0629 \u0644\u0644\u0633\u0641\u0631 \u0627\u0644\u0637\u0628\u064a<\/p>\n\n\n\n<h3 class=\"wp-block-heading has-large-font-size\"><strong>\u0645\u0627 \u0647\u0648 \u0627\u0644\u0641\u0631\u0642 \u0641\u064a \u062a\u0643\u0644\u0641\u0629 \u0627\u0644\u0639\u0644\u0627\u062c \u0641\u064a \u062a\u0631\u0643\u064a\u0627 \u0645\u0642\u0627\u0631\u0646\u0629 \u0628\u0627\u0644\u062f\u0648\u0644 \u0627\u0644\u0623\u062e\u0631\u0649\u061f<\/strong><\/h3>\n\n\n\n<p class=\"has-medium-font-size\">\u0639\u0645\u0648\u0645\u064b\u0627\u060c \u062a\u0643\u0648\u0646 \u0627\u0644\u0623\u0633\u0639\u0627\u0631 \u0641\u064a \u062a\u0631\u0643\u064a\u0627 \u0623\u0642\u0644 \u0628\u0643\u062b\u064a\u0631 \u0645\u0646 \u0623\u0648\u0631\u0648\u0628\u0627 \u0648\u0628\u0627\u0644\u062a\u0623\u0643\u064a\u062f \u0623\u0639\u0644\u0649 \u0645\u0646 \u0627\u0644\u0647\u0646\u062f\u060c \u0648\u0644\u0643\u0646 \u0645\u0639 \u0627\u0631\u062a\u0641\u0627\u0639 \u0642\u064a\u0645\u0629 \u0627\u0644\u062f\u0648\u0644\u0627\u0631 \u0641\u064a \u0627\u0644\u0622\u0648\u0646\u0629 \u0627\u0644\u0623\u062e\u064a\u0631\u0629\u060c \u0627\u0642\u062a\u0631\u0628\u062a \u0627\u0644\u0623\u0633\u0639\u0627\u0631 \u0645\u0646 \u062a\u0644\u0643 \u0641\u064a \u0627\u0644\u062f\u0648\u0644 \u0627\u0644\u0639\u0631\u0628\u064a\u0629.<\/p>\n\n\n\n<h3 class=\"wp-block-heading has-large-font-size\"><strong>\u0639\u0646\u062f\u0645\u0627 \u064a\u062a\u0639\u0644\u0642 \u0627\u0644\u0623\u0645\u0631 \u0628\u0627\u0644\u0625\u0631\u0634\u0627\u062f \u0627\u0644\u0637\u0628\u064a\u060c \u0645\u0627 \u0647\u0648 \u0627\u0644\u0641\u0631\u0642 \u0628\u064a\u0646 \u0627\u0644\u0623\u0637\u0628\u0627\u0621 \u0648\u0627\u0644\u0645\u062a\u0631\u062c\u0645\u064a\u0646\u061f<\/strong><\/h3>\n\n\n\n<p class=\"has-medium-font-size\">Cerrahl\u0131kta, iyi bir cerrah\u0131n ameliyat\u0131 ger\u00e7ekle\u015ftiren doktor de\u011fil, ameliyata neden olan komplikasyonlar\u0131 ve hatalar\u0131 y\u00f6netebilen doktor oldu\u011funu s\u00f6yleyen bir kural vard\u0131r. Di\u015f implant\u0131, sa\u00e7 ekimi, obezite operasyonlar\u0131 gibi en k\u00fc\u00e7\u00fck operasyonlar bile \u00e7ok b\u00fcy\u00fck komplikasyonlara neden olabilir. \u00d6rne\u011fin t\u00fcp mide ameliyat\u0131, ameliyat sonras\u0131 komplikasyon oran\u0131 binde d\u00f6rt civar\u0131ndad\u0131r. Nadir olmas\u0131na ra\u011fmen, terc\u00fcman\u0131n bu ilkel konulardaki bilgisizli\u011fi ve bu hatalar\u0131 d\u00fczeltme kabiliyetine sahip doktorlar\u0131n bilgisizli\u011fi hastay\u0131 feci sonu\u00e7lara g\u00f6t\u00fcrebilir. Bimaritan travel ekibi \u00e7e\u015fitli T\u00fcrk \u00fcniversitelerinden mezun olmu\u015f ve tedavide b\u00fcy\u00fck deneyime sahip doktorlar hakk\u0131nda bir\u00e7ok bilgiye sahipler. \u00d6ncelikli g\u00f6revimiz hastay\u0131 uygun merkeze y\u00f6nlendirmektir. Doktor ka\u00e7\u0131n\u0131lmaz olarak hastaya ve onun durumuna kar\u015f\u0131 bir his duyar, hastan\u0131n muzdarip oldu\u011fu ve terc\u00fcman\u0131n bilmedi\u011fi sorunlar\u0131 bilir. Bu nedenle, hasta rehberli\u011fi, ka\u00e7\u0131n\u0131lmaz olarak, maddi ilkeye de\u011fil, hastan\u0131n \u00e7\u0131kar\u0131n\u0131 dikkate alma ilkesine ba\u011fl\u0131d\u0131r.<\/p>\n\n\n\n<h3 class=\"wp-block-heading has-large-font-size\"><strong>\u0647\u0644 \u0647\u0646\u0627\u0643 \u0645\u062b\u0627\u0644 \u0639\u0644\u0649 \u0630\u0644\u0643\u061f<\/strong><\/h3>\n\n\n\n<p class=\"has-medium-font-size\">\u0628\u0627\u0644\u062a\u0623\u0643\u064a\u062f\u060c \u064a\u0645\u0643\u0646\u0646\u0627 \u0627\u0633\u062a\u062e\u062f\u0627\u0645 \u0645\u0634\u0643\u0644\u0629 \u0627\u0644\u0633\u0645\u0646\u0629 \u0643\u0645\u062b\u0627\u0644 \u0648\u0627\u0636\u062d. \u0641\u064a \u0627\u0644\u0628\u062f\u0627\u064a\u0629\u060c \u0627\u0644\u0645\u0631\u064a\u0636 \u064a\u0639\u0627\u0646\u064a \u0645\u0646 \u0635\u0639\u0648\u0628\u0629 \u0627\u0644\u062a\u0646\u0641\u0633 \u0623\u062b\u0646\u0627\u0621 \u0627\u0644\u0646\u0648\u0645 \u0648\u0627\u0636\u0637\u0631\u0627\u0628\u0627\u062a \u0641\u064a \u0627\u0644\u0646\u0648\u0645. \u062a\u0631\u062a\u0641\u0639 \u0645\u0633\u062a\u0648\u064a\u0627\u062a \u0627\u0644\u0633\u0643\u0631 \u0641\u064a \u0627\u0644\u062f\u0645\u060c \u0645\u0645\u0627 \u064a\u0624\u062f\u064a \u0625\u0644\u0649 \u0636\u0639\u0641 \u0627\u0644\u062c\u0647\u0627\u0632 \u0627\u0644\u0645\u0646\u0627\u0639\u064a \u0648\u0632\u064a\u0627\u062f\u0629 \u0627\u0644\u0625\u0635\u0627\u0628\u0629 \u0628\u0627\u0644\u0639\u062f\u0648\u0649 \u0627\u0644\u0645\u0632\u0645\u0646\u0629. \u0628\u0627\u0644\u0625\u0636\u0627\u0641\u0629 \u0625\u0644\u0649 \u0630\u0644\u0643\u060c \u064a\u0634\u0639\u0631 \u0627\u0644\u0645\u0631\u064a\u0636 \u0628\u062d\u0627\u062c\u0629 \u0645\u062a\u0643\u0631\u0631\u0629 \u0644\u0644\u062a\u0628\u0648\u0644 \u0623\u062b\u0646\u0627\u0621 \u0627\u0644\u0644\u064a\u0644\u060c \u0645\u0645\u0627 \u064a\u0633\u0628\u0628 \u0644\u0647 \u0625\u0632\u0639\u0627\u062c\u064b\u0627 \u062e\u0627\u0635\u0629 \u0639\u0646\u062f \u0627\u0644\u0646\u0648\u0645. \u0642\u062f \u062a\u062a\u0637\u0648\u0631 \u0645\u0634\u0627\u0643\u0644 \u0627\u0644\u0639\u064a\u0646 \u0648\u0627\u0644\u0631\u0624\u064a\u0629 \u0641\u064a \u0627\u0644\u0645\u0633\u062a\u0642\u0628\u0644 \u0628\u0633\u0628\u0628 \u0627\u0631\u062a\u0641\u0627\u0639 \u0645\u0633\u062a\u0648\u064a\u0627\u062a \u0627\u0644\u0633\u0643\u0631 \u0641\u064a \u0627\u0644\u062f\u0645. \u0628\u0627\u0644\u0646\u0633\u0628\u0629 \u0644\u0644\u0646\u0633\u0627\u0621\u060c \u0642\u062f \u062a\u0632\u064a\u062f \u0645\u0634\u0643\u0644\u0629 \u0627\u0644\u062a\u0639\u0631\u0642 \u0648\u0632\u064a\u0627\u062f\u0629 \u0646\u0645\u0648 \u0627\u0644\u0634\u0639\u0631 \u0648\u0627\u0636\u0637\u0631\u0627\u0628\u0627\u062a \u0627\u0644\u062f\u0648\u0631\u0629 \u0627\u0644\u0634\u0647\u0631\u064a\u0629\u060c \u0648\u0628\u0627\u0644\u0646\u0633\u0628\u0629 \u0644\u0644\u0631\u062c\u0627\u0644\u060c \u0642\u062f \u062a\u0624\u062b\u0631 \u0639\u0644\u0649 \u0627\u0644\u0642\u062f\u0631\u0629 \u0627\u0644\u062c\u0646\u0633\u064a\u0629 \u0648\u062a\u0633\u0628\u0628 \u0645\u0634\u0627\u0643\u0644 \u0623\u062e\u0631\u0649. \u0628\u063a\u0636 \u0627\u0644\u0646\u0638\u0631 \u0639\u0646 \u0627\u0644\u0645\u0636\u0627\u0639\u0641\u0627\u062a\u060c \u064a\u0645\u0643\u0646 \u0623\u0646 \u064a\u0631\u062a\u0628\u0637 \u0627\u0631\u062a\u0641\u0627\u0639 \u0636\u063a\u0637 \u0627\u0644\u062f\u0645 \u0648\u0627\u0644\u0635\u062f\u0627\u0639 \u0628\u0627\u0644\u062d\u0627\u0644\u0629. \u0644\u0630\u0627\u060c \u064a\u062a\u0645\u062a\u0639 \u0627\u0644\u0637\u0628\u064a\u0628 \u0628\u0641\u0647\u0645 \u0634\u0627\u0645\u0644 \u0644\u0644\u0645\u0639\u0627\u0646\u0627\u0629 \u0627\u0644\u062a\u064a \u064a\u0648\u0627\u062c\u0647\u0647\u0627 \u0627\u0644\u0645\u0631\u064a\u0636. \u0644\u0630\u0644\u0643\u060c \u064a\u062c\u0628 \u0623\u0646 \u064a\u062a\u0645 \u062a\u0648\u062c\u064a\u0647 \u0627\u0644\u0645\u0631\u0636\u0649 \u0648\u0641\u0642\u064b\u0627 \u0644\u0645\u0635\u0644\u062d\u062a\u0647\u0645 \u0627\u0644\u0634\u062e\u0635\u064a\u0629 \u0644\u0644\u062a\u063a\u0644\u0628 \u0639\u0644\u0649 \u0647\u0630\u0647 \u0627\u0644\u0645\u0634\u0627\u0643\u0644.<\/p>\n\n\n\n<h3 class=\"wp-block-heading has-large-font-size\"><strong>\u0647\u0644 \u0647\u0646\u0627\u0643 \u0641\u0631\u0642 \u0641\u064a\u0645\u0627 \u064a\u062a\u0639\u0644\u0642 \u0628\u062a\u0648\u062c\u064a\u0647 \u0627\u0644\u0645\u0631\u064a\u0636\u061f<\/strong><\/h3>\n\n\n\n<p class=\"has-medium-font-size\">Elbette hastan\u0131n g\u00f6zden ka\u00e7\u0131rd\u0131\u011f\u0131 bir\u00e7ok tedavi vard\u0131r. \u00c7evirmenin bu konuda bilgisi yoktur. Buna bir \u00f6rnek, k\u0131smi veya tam k\u00f6rl\u00fc\u011f\u00fc olan baz\u0131 hastalar i\u00e7in elektronik g\u00f6zd\u00fcr. P\u0131ht\u0131la\u015fma yoluyla b\u00fcy\u00fcm\u00fc\u015f bir prostat\u0131n tedavisine ek olarak. B\u00f6ylece bir hasta belirli bir tedavi i\u00e7in geldi\u011finde onu en iyi tedavi y\u00f6ntemlerine y\u00f6nlendiriyoruz. Tedavi sonras\u0131 komplikasyon a\u00e7\u0131s\u0131ndan en ucuzu ve en az\u0131 olabilir.<\/p>\n\n\n\n<h3 class=\"wp-block-heading has-large-font-size\"><strong>\u0647\u0644 \u064a\u0645\u0643\u0646 \u0644\u0644\u0645\u062a\u0631\u062c\u0645 \u062a\u0648\u062c\u064a\u0647 \u0627\u0644\u0645\u0631\u064a\u0636\u061f<\/strong><\/h3>\n\n\n\n<p class=\"has-medium-font-size\">\u0639\u0646\u062f\u0645\u0627 \u064a\u062a\u0639\u0644\u0642 \u0627\u0644\u0623\u0645\u0631 \u0628\u0634\u0631\u0627\u0621 \u0634\u064a\u0621 \u0645\u0627 \u060c \u064a\u0645\u0643\u0646 \u0644\u0644\u0645\u062a\u0631\u062c\u0645 \u062a\u0648\u062c\u064a\u0647 \u0627\u0644\u0645\u0631\u064a\u0636 \u0628\u0627\u0644\u0637\u0628\u0639. \u0648\u0644\u0643\u0646 \u0639\u0646\u062f\u0645\u0627 \u064a\u062a\u0639\u0644\u0642 \u0627\u0644\u0623\u0645\u0631 \u0628\u0635\u062d\u0629 \u0648\u062c\u0633\u0645 \u0627\u0644\u0645\u0631\u064a\u0636\u060c \u0641\u0625\u0646\u0647 \u0628\u0627\u0644\u0637\u0628\u0639 \u0644\u064a\u0633 \u0645\u0646 \u0627\u0644\u0645\u0645\u0643\u0646 \u0639\u0644\u0649 \u0627\u0644\u0645\u062a\u0631\u062c\u0645 \u0641\u0647\u0645 \u0630\u0644\u0643\u060c \u0648\u0642\u062f \u0644\u0627 \u064a\u0643\u0648\u0646 \u0642\u0627\u062f\u0631\u064b\u0627 \u062d\u062a\u0649 \u0639\u0644\u0649 \u0641\u0647\u0645 \u0628\u0639\u0636 \u0627\u0644\u0645\u0635\u0637\u0644\u062d\u0627\u062a \u0627\u0644\u0637\u0628\u064a\u0629 \u0641\u064a \u0627\u0644\u062a\u0631\u062c\u0645\u0629.<\/p>\n\n\n\n<h3 class=\"wp-block-heading has-large-font-size\"><strong>\u0645\u0639 \u0623\u064a \u0645\u062f\u0646 \u062a\u062a\u0639\u0627\u0648\u0646\u0648\u0646\u061f<\/strong><\/h3>\n\n\n\n<p class=\"has-medium-font-size\">\u0627\u0633\u0645 \"\u0628\u064a\u0645\u0627\u0631\u064a\u0633\u062a\u0627\u0646\" \u064a\u0646\u0628\u0639 \u0645\u0646 \u0645\u0628\u062f\u0623\u0646\u0627 \u0627\u0644\u0630\u064a \u064a\u0647\u062f\u0641 \u0625\u0644\u0649 \u062a\u062d\u0648\u064a\u0644 \u062c\u0645\u064a\u0639 \u062a\u0631\u0643\u064a\u0627 \u0625\u0644\u0649 \u0645\u0633\u062a\u0634\u0641\u0649 \u0648\u0627\u062d\u062f. \u0639\u0646\u062f\u0645\u0627 \u0646\u062a\u062d\u062f\u062b \u0639\u0646 \u0627\u0644\u0639\u0644\u0627\u062c \u0641\u064a \u062a\u0631\u0643\u064a\u0627\u060c \u0641\u0646\u062d\u0646 \u062d\u0642\u0627\u064b \u0646\u0642\u0635\u062f \u0630\u0644\u0643. \u0644\u062f\u064a\u0646\u0627 \u0634\u0631\u0627\u0643\u0629 \u0645\u0639 \u0645\u0639\u0638\u0645 \u0627\u0644\u0645\u0633\u062a\u0634\u0641\u064a\u0627\u062a \u0627\u0644\u062d\u0643\u0648\u0645\u064a\u0629 \u0641\u064a \u062c\u0645\u064a\u0639 \u0623\u0646\u062d\u0627\u0621 \u062a\u0631\u0643\u064a\u0627.<\/p>\n\n\n\n<div style=\"height:59px\" aria-hidden=\"true\" class=\"wp-block-spacer\"><\/div>","protected":false},"excerpt":{"rendered":"<p>Biz Kimiz? Hastay\u0131 tek bir hastane ile i\u015fbirli\u011fi yapmak yerine, T\u00fcrkiye&#8217;nin her yerindeki en iyi hastanelere veya gerekli uzmanl\u0131ktaki doktorlara ula\u015ft\u0131rarak hasta i\u00e7in m\u00fcmk\u00fcn olan en y\u00fcksek hizmeti almay\u0131 ama\u00e7layan bir sa\u011fl\u0131k turizm \u015firketidir. \u00dcniversite hastanelerini ve devlet hastanelerini teknolojik geli\u015fme ve operasyonlarda bilimsel geli\u015fme ile d\u00f6n\u00fc\u015ft\u00fcrmek, T\u00fcrkiye&#8217;deki en iyi t\u0131bbi m\u00fcdahaleyi ve en iyi &hellip;<\/p>\n<p class=\"read-more\"> <a class=\"\" href=\"https:\/\/bimaristantravel.com\/ar\/hakkimizda\/\"> <span class=\"screen-reader-text\">\u0645\u0646 \u0646\u062d\u0646\u061f<\/span> \u0642\u0631\u0627\u0621\u0629 \u0627\u0644\u0645\u0632\u064a\u062f &raquo;<\/a><\/p>","protected":false},"author":2,"featured_media":0,"parent":0,"menu_order":0,"comment_status":"closed","ping_status":"closed","template":"","meta":{"site-sidebar-layout":"default","site-content-layout":"default","ast-global-header-display":"","ast-main-header-display":"","ast-hfb-above-header-display":"","ast-hfb-below-header-display":"","ast-hfb-mobile-header-display":"","site-post-title":"disabled","ast-breadcrumbs-content":"","ast-featured-img":"","footer-sml-layout":"","theme-transparent-header-meta":"","adv-header-id-meta":"","stick-header-meta":"","header-above-stick-meta":"","header-main-stick-meta":"","header-below-stick-meta":"","footnotes":""},"_links":{"self":[{"href":"https:\/\/bimaristantravel.com\/ar\/wp-json\/wp\/v2\/pages\/19"}],"collection":[{"href":"https:\/\/bimaristantravel.com\/ar\/wp-json\/wp\/v2\/pages"}],"about":[{"href":"https:\/\/bimaristantravel.com\/ar\/wp-json\/wp\/v2\/types\/page"}],"author":[{"embeddable":true,"href":"https:\/\/bimaristantravel.com\/ar\/wp-json\/wp\/v2\/users\/2"}],"replies":[{"embeddable":true,"href":"https:\/\/bimaristantravel.com\/ar\/wp-json\/wp\/v2\/comments?post=19"}],"version-history":[{"count":0,"href":"https:\/\/bimaristantravel.com\/ar\/wp-json\/wp\/v2\/pages\/19\/revisions"}],"wp:attachment":[{"href":"https:\/\/bimaristantravel.com\/ar\/wp-json\/wp\/v2\/media?parent=19"}],"curies":[{"name":"wp","href":"https:\/\/api.w.org\/{rel}","templated":true}]}}