{"id":17,"date":"2023-01-09T11:12:26","date_gmt":"2023-01-09T11:12:26","guid":{"rendered":"http:\/\/bimaristantravel.com\/?page_id=17"},"modified":"2023-03-13T13:53:07","modified_gmt":"2023-03-13T13:53:07","slug":"hizmetler","status":"publish","type":"page","link":"https:\/\/bimaristantravel.com\/ar\/hizmetler\/","title":{"rendered":"\u062e\u062f\u0645\u0627\u062a\u0646\u0627"},"content":{"rendered":"<div class=\"wp-block-cover alignfull header-fixer cover-other-pages\" style=\"margin-top:0;margin-bottom:0;padding-top:0;padding-right:0;padding-bottom:0;padding-left:var(--wp--preset--spacing--40);min-height:270px\"><span aria-hidden=\"true\" class=\"wp-block-cover__background has-background-dim-70 has-background-dim wp-block-cover__gradient-background has-background-gradient\" style=\"background:linear-gradient(155deg,rgb(0,44,94) 9%,rgb(152,150,240) 92%)\"><\/span><img decoding=\"async\" width=\"1920\" height=\"1080\" class=\"wp-block-cover__image-background wp-image-417\" alt=\"\" src=\"http:\/\/bimaristantravel.com\/wp-content\/uploads\/2023\/01\/contact-us.png\" style=\"object-position:55% 53%\" data-object-fit=\"cover\" data-object-position=\"55% 53%\"\/><div class=\"wp-block-cover__inner-container is-layout-flow wp-block-cover-is-layout-flow\">\n<p class=\"has-text-align-left has-ast-global-color-5-color has-text-color\" style=\"margin-top:0;margin-right:0;margin-bottom:0;margin-left:0;padding-top:0;padding-right:0;padding-bottom:0;padding-left:0;font-size:50px\"><strong>\u062e\u062f\u0645\u0627\u062a\u0646\u0627<\/strong><\/p>\n<\/div><\/div>\n\n\n\n<div style=\"height:40px\" aria-hidden=\"true\" class=\"wp-block-spacer\"><\/div>\n\n\n\n<h2 class=\"has-text-align-center wp-block-heading\"><strong>\u0627\u0644\u062e\u062f\u0645\u0627\u062a \u0627\u0644\u0645\u0642\u062f\u0645\u0629 \u0645\u0646 \u0641\u0631\u064a\u0642 \u0628\u064a\u0645\u0627\u0631\u0633\u062a\u0627\u0646 \u062a\u0631\u0627\u0641\u0644<\/strong><\/h2>\n\n\n\n<p class=\"has-text-align-center\">\u0646\u0633\u0639\u0649 \u062f\u0627\u0626\u0645\u064b\u0627 \u0644\u062a\u0633\u0647\u064a\u0644 \u0648\u062a\u0623\u0645\u064a\u0646 \u0645\u062a\u0637\u0644\u0628\u0627\u062a \u0639\u0644\u0627\u062c\u0643 \u0628\u0633\u0647\u0648\u0644\u0629 \u0648\u0623\u0645\u0627\u0646. <\/p>\n\n\n\n<div class=\"wp-block-columns is-layout-flex wp-container-core-columns-layout-1 wp-block-columns-is-layout-flex\">\n<div class=\"wp-block-column is-layout-flow wp-block-column-is-layout-flow\">\n<span class=\"u-align-left u-icon u-icon-circle u-palette-1-base u-spacing-22 u-text-body-alt-color u-icon-2\">\n<svg version=\"1.1\" xmlns=\"http:\/\/www.w3.org\/2000\/svg\" viewbox=\"0 0 512 512\" xmlns:xlink=\"http:\/\/www.w3.org\/1999\/xlink\" enable-background=\"new 0 0 512 512\">\n  <g>\n  <g>\n  <path d=\"m478,63c-11-1-20.8,7.2-21.8,18.3l-2.1,24.2c-74.6-96-211.1-123.9-318.3-60.3-116.3,68.8-154.8,219.4-85.9,335.7 33.4,56.3 86.7,96.3 150.1,112.5 79.3,20.3 147.3-3.9 185.7-26.6 9.6-5.7 12.7-18 7.1-27.6-5.7-9.6-18-12.7-27.6-7-47.1,27.8-102.3,35.7-155.2,22.2-53-13.5-97.6-46.9-125.5-94-57.6-97.1-25.4-223 71.7-280.6 92.8-55 211.7-27.9 272.4,59.3l-37.4-3.3c-11.1-1-20.8,7.2-21.8,18.3-1,11.1 7.2,20.8 18.3,21.8 0,0 80.9,7.1 81.5,7.1 4.7,0 9.3-1.6 12.9-4.7 4.1-3.4 6.6-8.3 7.1-13.7l7-79.7c1-11.2-7.2-20.9-18.2-21.9z\"><\/path>\n  <path d=\"m197.2,273.8c9.2-8.4 15.5-14.8 19-19.3 5.3-6.7 9.2-13.2 11.6-19.4 2.4-6.2 3.7-12.6 3.7-19.5 0-12-4.3-22-12.8-30-8.5-8.1-20.3-12.1-35.2-12.1-13.6,0-25,3.5-34.1,10.4-9.1,7-14.5,18.4-16.2,34.4l28.9,2.9c0.5-8.5 2.6-14.5 6.2-18.2 3.6-3.6 8.4-5.5 14.5-5.5 6.1,0 10.9,1.7 14.4,5.2 3.5,3.5 5.2,8.5 5.2,14.9 0,5.9-2,11.8-6,17.8-3,4.3-11,12.6-24.1,24.8-16.2,15.1-27.1,27.2-32.6,36.3-5.5,9.1-8.8,18.8-9.9,29h101.7v-26.9h-57.6c1.5-2.6 3.5-5.3 5.9-8 2.5-2.8 8.3-8.4 17.4-16.8z\"><\/path>\n  <path d=\"m336.1,325.5v-30.5h18.8v-25.5h-18.8v-96h-24.4l-65.6,96.1v25.4h61.9v30.5h28.1zm-62.9-55.9l34.8-51.7v51.7h-34.8z\"><\/path>\n  <\/g>\n  <\/g>\n  <\/svg><\/span>\n\n\n\n<h4 class=\"has-text-align-center wp-block-heading\"><strong><strong>\u062e\u062f\u0645\u0629 24 \u0633\u0627\u0639\u0629<\/strong><\/strong><\/h4>\n\n\n\n<p class=\"has-text-align-center\">\u0641\u0631\u064a\u0642 \u0628\u064a\u0645\u0627\u0631\u0633\u062a\u0627\u0646 \u062a\u0631\u0627\u0641\u0644 \u0627\u0643\u062a\u0633\u0628 \u0631\u0636\u0627 \u0627\u0644\u0645\u0633\u062a\u062e\u062f\u0645 \u0645\u0646 \u062e\u0644\u0627\u0644 \u062e\u062f\u0645\u062a\u0647\u0627 \u0639\u0644\u0649 \u0645\u062f\u0627\u0631 24 \u0633\u0627\u0639\u0629.<\/p>\n<\/div>\n\n\n\n<div class=\"wp-block-column is-layout-flow wp-block-column-is-layout-flow\">\n<span class=\"u-align-left u-icon u-icon-circle u-palette-1-base u-spacing-22 u-text-body-alt-color u-icon-2\">\n                \n                <svg xmlns=\"http:\/\/www.w3.org\/2000\/svg\" fill=\"white\" class=\"bi bi-airplane-fill\" viewbox=\"0 0 16 16\">\n  <path d=\"M11.742 10.344a6.5 6.5 0 1 0-1.397 1.398h-.001c.03.04.062.078.098.115l3.85 3.85a1 1 0 0 0 1.415-1.414l-3.85-3.85a1.007 1.007 0 0 0-.115-.1zM12 6.5a5.5 5.5 0 1 1-11 0 5.5 5.5 0 0 1 11 0z\"><\/path>\n<\/svg>\n              <\/span>\n\n\n\n<h4 class=\"has-text-align-center wp-block-heading\"><strong><strong>\u0625\u064a\u062c\u0627\u062f \u0637\u0628\u064a\u0628 \u0645\u0646 \u0623\u062c\u0644\u0643<\/strong><\/strong><\/h4>\n\n\n\n<p class=\"has-text-align-center\">\u062a\u062e\u062a\u0627\u0631 \u0628\u064a\u0645\u0627\u0631\u0633\u062a\u0627\u0646 \u062a\u0631\u0627\u0641\u0644 \u0623\u0641\u0636\u0644 \u0627\u0644\u0623\u0637\u0628\u0627\u0621 \u0641\u064a \u062a\u0631\u0643\u064a\u0627 \u0645\u0646 \u0623\u062c\u0644\u0643 \u060c \u0648\u064a\u0642\u0648\u0645\u0648\u0646 \u0628\u062a\u062d\u062f\u064a\u062f \u0645\u0648\u0639\u062f \u0644\u0643.<\/p>\n<\/div>\n\n\n\n<div class=\"wp-block-column is-layout-flow wp-block-column-is-layout-flow\">\n<span class=\"u-align-left u-icon u-icon-circle u-palette-1-base u-spacing-22 u-text-body-alt-color u-icon-2\">\n                \n                <svg xmlns=\"http:\/\/www.w3.org\/2000\/svg\" fill=\"white\" class=\"bi bi-airplane-fill\" viewbox=\"0 0 16 16\">\n  <path d=\"M6.428 1.151C6.708.591 7.213 0 8 0s1.292.592 1.572 1.151C9.861 1.73 10 2.431 10 3v3.691l5.17 2.585a1.5 1.5 0 0 1 .83 1.342V12a.5.5 0 0 1-.582.493l-5.507-.918-.375 2.253 1.318 1.318A.5.5 0 0 1 10.5 16h-5a.5.5 0 0 1-.354-.854l1.319-1.318-.376-2.253-5.507.918A.5.5 0 0 1 0 12v-1.382a1.5 1.5 0 0 1 .83-1.342L6 6.691V3c0-.568.14-1.271.428-1.849Z\"><\/path>\n<\/svg>\n              <\/span>\n\n\n\n<h4 class=\"has-text-align-center wp-block-heading\"><strong>\u062d\u062c\u0632 \u0627\u0644\u0637\u064a\u0631\u0627\u0646<\/strong><\/h4>\n\n\n\n<p class=\"has-text-align-center\">\u0641\u0631\u064a\u0642 \u0628\u064a\u0645\u0627\u0631\u0633\u062a\u0627\u0646 \u062a\u0631\u0627\u0641\u0644 \u0645\u0633\u062a\u0639\u062f \u0644\u0644\u0645\u0633\u0627\u0639\u062f\u0629 \u0641\u064a \u0625\u062a\u0645\u0627\u0645 \u0631\u062d\u0644\u062a\u0643 \u0628\u0633\u0647\u0648\u0644\u0629<\/p>\n<\/div>\n<\/div>\n\n\n\n<div class=\"wp-block-columns is-layout-flex wp-container-core-columns-layout-2 wp-block-columns-is-layout-flex\">\n<div class=\"wp-block-column is-layout-flow wp-block-column-is-layout-flow\">\n<span class=\"u-align-left u-icon u-icon-circle u-palette-1-base u-spacing-22 u-text-body-alt-color u-icon-2\">\n<svg xmlns=\"http:\/\/www.w3.org\/2000\/svg\" fill=\"white\" class=\"bi bi-briefcase-fill\" viewbox=\"0 0 16 16\">\n  <path d=\"M6.5 1A1.5 1.5 0 0 0 5 2.5V3H1.5A1.5 1.5 0 0 0 0 4.5v1.384l7.614 2.03a1.5 1.5 0 0 0 .772 0L16 5.884V4.5A1.5 1.5 0 0 0 14.5 3H11v-.5A1.5 1.5 0 0 0 9.5 1h-3zm0 1h3a.5.5 0 0 1 .5.5V3H6v-.5a.5.5 0 0 1 .5-.5z\"><\/path>\n  <path d=\"M0 12.5A1.5 1.5 0 0 0 1.5 14h13a1.5 1.5 0 0 0 1.5-1.5V6.85L8.129 8.947a.5.5 0 0 1-.258 0L0 6.85v5.65z\"><\/path>\n<\/svg><\/span>\n\n\n\n<h4 class=\"has-text-align-center wp-block-heading\">\u0627\u0644\u062a\u0623\u0645\u064a\u0646 \u0627\u0644\u0635\u062d\u064a<\/h4>\n\n\n\n<p class=\"has-text-align-center\">\u0628\u064a\u0645\u0627\u0631\u0633\u062a\u0627\u0646 \u062a\u0631\u0627\u0641\u0644 \u0645\u0633\u062a\u0639\u062f\u0629 \u0644\u0645\u0633\u0627\u0639\u062f\u062a\u0643 \u0641\u064a \u062e\u062f\u0645\u0627\u062a \u0627\u0644\u062a\u0623\u0645\u064a\u0646 \u0627\u0644\u0635\u062d\u064a \u0623\u062b\u0646\u0627\u0621 \u0631\u062d\u0644\u062a\u0643.<\/p>\n<\/div>\n\n\n\n<div class=\"wp-block-column is-layout-flow wp-block-column-is-layout-flow\">\n<span class=\"u-align-left u-icon u-icon-circle u-palette-1-base u-spacing-22 u-text-body-alt-color u-icon-2\">\n                \n               <svg xmlns=\"http:\/\/www.w3.org\/2000\/svg\" fill=\"white\" class=\"bi bi-building\" viewbox=\"0 0 16 16\">\n  <path d=\"M4 2.5a.5.5 0 0 1 .5-.5h1a.5.5 0 0 1 .5.5v1a.5.5 0 0 1-.5.5h-1a.5.5 0 0 1-.5-.5v-1Zm3 0a.5.5 0 0 1 .5-.5h1a.5.5 0 0 1 .5.5v1a.5.5 0 0 1-.5.5h-1a.5.5 0 0 1-.5-.5v-1Zm3.5-.5a.5.5 0 0 0-.5.5v1a.5.5 0 0 0 .5.5h1a.5.5 0 0 0 .5-.5v-1a.5.5 0 0 0-.5-.5h-1ZM4 5.5a.5.5 0 0 1 .5-.5h1a.5.5 0 0 1 .5.5v1a.5.5 0 0 1-.5.5h-1a.5.5 0 0 1-.5-.5v-1ZM7.5 5a.5.5 0 0 0-.5.5v1a.5.5 0 0 0 .5.5h1a.5.5 0 0 0 .5-.5v-1a.5.5 0 0 0-.5-.5h-1Zm2.5.5a.5.5 0 0 1 .5-.5h1a.5.5 0 0 1 .5.5v1a.5.5 0 0 1-.5.5h-1a.5.5 0 0 1-.5-.5v-1ZM4.5 8a.5.5 0 0 0-.5.5v1a.5.5 0 0 0 .5.5h1a.5.5 0 0 0 .5-.5v-1a.5.5 0 0 0-.5-.5h-1Zm2.5.5a.5.5 0 0 1 .5-.5h1a.5.5 0 0 1 .5.5v1a.5.5 0 0 1-.5.5h-1a.5.5 0 0 1-.5-.5v-1Zm3.5-.5a.5.5 0 0 0-.5.5v1a.5.5 0 0 0 .5.5h1a.5.5 0 0 0 .5-.5v-1a.5.5 0 0 0-.5-.5h-1Z\"><\/path>\n  <path d=\"M2 1a1 1 0 0 1 1-1h10a1 1 0 0 1 1 1v14a1 1 0 0 1-1 1H3a1 1 0 0 1-1-1V1Zm11 0H3v14h3v-2.5a.5.5 0 0 1 .5-.5h3a.5.5 0 0 1 .5.5V15h3V1Z\"><\/path>\n<\/svg>\n              <\/span>\n\n\n\n<h4 class=\"has-text-align-center wp-block-heading\"><strong><strong>\u0627\u0644\u0625\u0642\u0627\u0645\u0629<\/strong><\/strong><\/h4>\n\n\n\n<p class=\"has-text-align-center\">\u062a\u0647\u062a\u0645 \u0628\u064a\u0645\u0627\u0631\u0633\u062a\u0627\u0646 \u062a\u0631\u0627\u0641\u0644 \u0628\u0627\u0644\u0633\u064a\u0627\u062d \u0627\u0644\u0642\u0627\u062f\u0645\u064a\u0646 \u0648\u062a\u0642\u062f\u0645 \u0627\u0644\u0645\u0633\u0627\u0639\u062f\u0629 \u0641\u064a\u0645\u0627 \u064a\u062a\u0639\u0644\u0642 \u0628\u0627\u0644\u0625\u0642\u0627\u0645\u0629 \u0627\u0644\u0645\u0624\u0642\u062a\u0629 \u0623\u062b\u0646\u0627\u0621 \u0641\u062a\u0631\u0629 \u0627\u0644\u0639\u0644\u0627\u062c<\/p>\n<\/div>\n\n\n\n<div class=\"wp-block-column is-layout-flow wp-block-column-is-layout-flow\">\n<span class=\"u-align-left u-icon u-icon-circle u-palette-1-base u-spacing-22 u-text-body-alt-color u-icon-2\">\n                \n               <svg xmlns=\"http:\/\/www.w3.org\/2000\/svg\" fill=\"white\" class=\"bi bi-translate\" viewbox=\"0 0 16 16\">\n  <path d=\"M4.545 6.714 4.11 8H3l1.862-5h1.284L8 8H6.833l-.435-1.286H4.545zm1.634-.736L5.5 3.956h-.049l-.679 2.022H6.18z\"><\/path>\n  <path d=\"M0 2a2 2 0 0 1 2-2h7a2 2 0 0 1 2 2v3h3a2 2 0 0 1 2 2v7a2 2 0 0 1-2 2H7a2 2 0 0 1-2-2v-3H2a2 2 0 0 1-2-2V2zm2-1a1 1 0 0 0-1 1v7a1 1 0 0 0 1 1h7a1 1 0 0 0 1-1V2a1 1 0 0 0-1-1H2zm7.138 9.995c.193.301.402.583.63.846-.748.575-1.673 1.001-2.768 1.292.178.217.451.635.555.867 1.125-.359 2.08-.844 2.886-1.494.777.665 1.739 1.165 2.93 1.472.133-.254.414-.673.629-.89-1.125-.253-2.057-.694-2.82-1.284.681-.747 1.222-1.651 1.621-2.757H14V8h-3v1.047h.765c-.318.844-.74 1.546-1.272 2.13a6.066 6.066 0 0 1-.415-.492 1.988 1.988 0 0 1-.94.31z\"><\/path>\n<\/svg>\n              <\/span>\n\n\n\n<h4 class=\"has-text-align-center wp-block-heading\">\u0627\u0644\u062a\u0631\u062c\u0645\u0629<\/h4>\n\n\n\n<p class=\"has-text-align-center\">\u0628\u064a\u0645\u0627\u0631\u0633\u062a\u0627\u0646 \u062a\u0631\u0627\u0641\u0644 \u0645\u062a\u062e\u0635\u0635\u0629 \u0641\u064a \u0627\u0644\u0633\u064a\u0627\u062d\u0629 \u0627\u0644\u0637\u0628\u064a\u0629 \u0648\u0628\u0627\u0644\u062a\u0627\u0644\u064a \u0623\u0647\u0645 \u062e\u062f\u0645\u0627\u062a\u0646\u0627 \u0647\u064a \u062a\u0648\u0641\u064a\u0631 \u0627\u0644\u062a\u0648\u0627\u0635\u0644 \u0628\u064a\u0646 \u0627\u0644\u0645\u0631\u064a\u0636 \u0648\u0627\u0644\u0637\u0628\u064a\u0628.<\/p>\n<\/div>\n<\/div>\n\n\n\n<div class=\"wp-block-columns is-layout-flex wp-container-core-columns-layout-3 wp-block-columns-is-layout-flex\">\n<div class=\"wp-block-column is-layout-flow wp-block-column-is-layout-flow\">\n<span class=\"u-align-left u-icon u-icon-circle u-palette-1-base u-spacing-22 u-text-body-alt-color u-icon-2\">\n<svg xmlns=\"http:\/\/www.w3.org\/2000\/svg\" fill=\"white\" class=\"bi bi-briefcase-fill\" viewbox=\"0 0 16 16\">\n  <path d=\"M10 0a2 2 0 1 1-4 0H3.5A1.5 1.5 0 0 0 2 1.5v13A1.5 1.5 0 0 0 3.5 16h9a1.5 1.5 0 0 0 1.5-1.5v-13A1.5 1.5 0 0 0 12.5 0H10ZM4.5 5h7a.5.5 0 0 1 0 1h-7a.5.5 0 0 1 0-1Zm0 2h4a.5.5 0 0 1 0 1h-4a.5.5 0 0 1 0-1Z\"><\/path>\n<\/svg><\/span>\n\n\n\n<h4 class=\"has-text-align-center wp-block-heading\">\u0625\u062c\u0631\u0627\u0621\u0627\u062a \u0627\u0644\u062a\u0623\u0634\u064a\u0631\u0629<\/h4>\n\n\n\n<p class=\"has-text-align-center\">\u0628\u064a\u0645\u0627\u0631\u0633\u062a\u0627\u0646 \u062a\u0631\u0627\u0641\u0644 \u0645\u0633\u062a\u0639\u062f\u0629 \u0644\u0645\u0633\u0627\u0639\u062f\u062a\u0643 \u0641\u064a \u0627\u0644\u0623\u0645\u0648\u0631 \u0627\u0644\u0645\u0646\u0639\u0644\u0641\u0629 \u0628\u0627\u0644\u062a\u0623\u0634\u064a\u0631\u0629 \u0644\u0636\u0645\u0627\u0646 \u0633\u0641\u0631\u0643<\/p>\n<\/div>\n\n\n\n<div class=\"wp-block-column is-layout-flow wp-block-column-is-layout-flow\">\n<span class=\"u-align-left u-icon u-icon-circle u-palette-1-base u-spacing-22 u-text-body-alt-color u-icon-2\">\n                \n               <svg xmlns=\"http:\/\/www.w3.org\/2000\/svg\" fill=\"white\" class=\"bi bi-building\" viewbox=\"0 0 16 16\">\n  <path d=\"M2.52 3.515A2.5 2.5 0 0 1 4.82 2h6.362c1 0 1.904.596 2.298 1.515l.792 1.848c.075.175.21.319.38.404.5.25.855.715.965 1.262l.335 1.679c.033.161.049.325.049.49v.413c0 .814-.39 1.543-1 1.997V13.5a.5.5 0 0 1-.5.5h-2a.5.5 0 0 1-.5-.5v-1.338c-1.292.048-2.745.088-4 .088s-2.708-.04-4-.088V13.5a.5.5 0 0 1-.5.5h-2a.5.5 0 0 1-.5-.5v-1.892c-.61-.454-1-1.183-1-1.997v-.413a2.5 2.5 0 0 1 .049-.49l.335-1.68c.11-.546.465-1.012.964-1.261a.807.807 0 0 0 .381-.404l.792-1.848Zm6.75.51a.186.186 0 0 0-.23.034L6.05 7.246a.188.188 0 0 0 .137.316h1.241l-.673 2.195a.188.188 0 0 0 .085.218c.075.043.17.03.23-.034l2.88-3.187a.188.188 0 0 0-.137-.316H8.572l.782-2.195a.188.188 0 0 0-.085-.218Z\"><\/path>\n<\/svg>\n              <\/span>\n\n\n\n<h4 class=\"has-text-align-center wp-block-heading\"><strong><strong>\u062e\u062f\u0645\u0627\u062a \u0627\u0644\u0646\u0642\u0644<\/strong><\/strong><\/h4>\n\n\n\n<p class=\"has-text-align-center\">\u062a\u062a\u0648\u0641\u0631 \u062e\u062f\u0645\u0629 \u0627\u0644\u0646\u0642\u0644 \u062f\u0627\u0626\u0645\u064b\u0627 \u0644\u0645\u0631\u0636\u0627\u0646\u0627 \u0648\u0641\u0642\u064b\u0627 \u0644\u062d\u0627\u0644\u062a\u0647\u0645 \u0627\u0644\u0635\u062d\u064a\u0629<\/p>\n<\/div>\n<\/div>\n\n\n\n<div style=\"height:74px\" aria-hidden=\"true\" class=\"wp-block-spacer\"><\/div>","protected":false},"excerpt":{"rendered":"<p>Bimaristan Travel Tak\u0131m\u0131ndan Sunulan Hizmetler Bimaristan Travel Tak\u0131m\u0131ndan Size Sunulan Hizmetler Kullanarak Sizin Tedavi Her Zaman Kolay ve G\u00fcvenli Bir \u015eekilde Ger\u00e7ekle\u015ftirmeye \u00c7al\u0131\u015f\u0131r 24 Saat Hizmet Bimaristan Travel Tak\u0131m\u0131yla 24 Saat Hizmetiyle Kullan\u0131c\u0131n\u0131n Memnuniyeti Kazanm\u0131\u015ft\u0131r. Bir Doktor Bulmak Bimaristan Travel Sizin \u0130\u00e7in T\u00fcrkiye\u2019deki En \u0130yi Doktorlar\u0131 Se\u00e7erler Size Randevu Al\u0131rlar. U\u00e7u\u015f Rezervasyonu Bimaristan Travel Tak\u0131m\u0131yla &hellip;<\/p>\n<p class=\"read-more\"> <a class=\"\" href=\"https:\/\/bimaristantravel.com\/ar\/hizmetler\/\"> <span class=\"screen-reader-text\">\u062e\u062f\u0645\u0627\u062a\u0646\u0627<\/span> \u0642\u0631\u0627\u0621\u0629 \u0627\u0644\u0645\u0632\u064a\u062f &raquo;<\/a><\/p>","protected":false},"author":2,"featured_media":0,"parent":0,"menu_order":0,"comment_status":"closed","ping_status":"closed","template":"","meta":{"site-sidebar-layout":"default","site-content-layout":"default","ast-global-header-display":"","ast-main-header-display":"","ast-hfb-above-header-display":"","ast-hfb-below-header-display":"","ast-hfb-mobile-header-display":"","site-post-title":"disabled","ast-breadcrumbs-content":"","ast-featured-img":"","footer-sml-layout":"","theme-transparent-header-meta":"","adv-header-id-meta":"","stick-header-meta":"","header-above-stick-meta":"","header-main-stick-meta":"","header-below-stick-meta":"","footnotes":""},"_links":{"self":[{"href":"https:\/\/bimaristantravel.com\/ar\/wp-json\/wp\/v2\/pages\/17"}],"collection":[{"href":"https:\/\/bimaristantravel.com\/ar\/wp-json\/wp\/v2\/pages"}],"about":[{"href":"https:\/\/bimaristantravel.com\/ar\/wp-json\/wp\/v2\/types\/page"}],"author":[{"embeddable":true,"href":"https:\/\/bimaristantravel.com\/ar\/wp-json\/wp\/v2\/users\/2"}],"replies":[{"embeddable":true,"href":"https:\/\/bimaristantravel.com\/ar\/wp-json\/wp\/v2\/comments?post=17"}],"version-history":[{"count":0,"href":"https:\/\/bimaristantravel.com\/ar\/wp-json\/wp\/v2\/pages\/17\/revisions"}],"wp:attachment":[{"href":"https:\/\/bimaristantravel.com\/ar\/wp-json\/wp\/v2\/media?parent=17"}],"curies":[{"name":"wp","href":"https:\/\/api.w.org\/{rel}","templated":true}]}}