{"id":15,"date":"2023-01-09T11:12:05","date_gmt":"2023-01-09T11:12:05","guid":{"rendered":"http:\/\/bimaristantravel.com\/?page_id=15"},"modified":"2023-01-25T14:36:35","modified_gmt":"2023-01-25T14:36:35","slug":"tedaviler","status":"publish","type":"page","link":"https:\/\/bimaristantravel.com\/ar\/tedaviler\/","title":{"rendered":"Tedaviler"},"content":{"rendered":"<div class=\"wp-block-cover alignfull cover-other-pages\" style=\"padding-top:0;padding-right:0;padding-bottom:0;padding-left:var(--wp--preset--spacing--40);min-height:270px\"><span aria-hidden=\"true\" class=\"wp-block-cover__background has-background-dim-70 has-background-dim wp-block-cover__gradient-background has-background-gradient\" style=\"background:linear-gradient(155deg,rgb(0,44,94) 0%,rgb(152,150,240) 100%)\"><\/span><img decoding=\"async\" width=\"1920\" height=\"1080\" class=\"wp-block-cover__image-background wp-image-417\" alt=\"\" src=\"http:\/\/bimaristantravel.com\/wp-content\/uploads\/2023\/01\/contact-us.png\" data-object-fit=\"cover\"\/><div class=\"wp-block-cover__inner-container is-layout-flow wp-block-cover-is-layout-flow\">\n<p class=\"has-text-align-left\" style=\"margin-top:0;margin-right:0;margin-bottom:0;margin-left:0;padding-top:0;padding-right:0;padding-bottom:0;padding-left:0;font-size:50px\"><strong>Tedaviler<\/strong><\/p>\n\n\n\n<p class=\"has-medium-font-size\">T\u00fcrkiye&#8217;deki en son tedavi y\u00f6ntemleri<\/p>\n<\/div><\/div>\n\n\n\n<div style=\"height:40px\" aria-hidden=\"true\" class=\"wp-block-spacer\"><\/div>\n\n\n\n<h2 class=\"has-ast-global-color-0-color has-text-color has-large-font-size wp-block-heading\"><strong>T\u00fcrkiye&#8217;deki en son tedavi y\u00f6ntemleri \u015funlard\u0131r:<\/strong><\/h2>\n\n\n\n<div style=\"height:82px\" aria-hidden=\"true\" class=\"wp-block-spacer\"><\/div>\n\n\n\n<h2 class=\"wp-block-heading\">Test Postlar<\/h2>\n\n\n\n<div class=\"wp-block-query is-layout-flow wp-block-query-is-layout-flow\"><ul class=\"is-flex-container columns-3 aligncenter wp-block-post-template is-layout-flow wp-block-post-template-is-layout-flow\"><li class=\"wp-block-post post-662 post type-post status-publish format-standard has-post-thumbnail hentry category-uncategorized\">\n\n<div class=\"wp-block-group post-container-custom is-layout-flow wp-block-group-is-layout-flow\" style=\"padding-top:10px;padding-right:10px;padding-bottom:10px;padding-left:10px\"><figure style=\"height:190px;\" class=\"alignwide tedaviler-post-image wp-block-post-featured-image\"><a href=\"https:\/\/bimaristantravel.com\/ar\/uncategorized\/stomach-botox-test\/\" target=\"_self\" style=\"height:190px\"><img decoding=\"async\" width=\"1280\" height=\"1280\" src=\"https:\/\/bimaristantravel.com\/wp-content\/uploads\/2023\/01\/\u062d\u0642\u0646-\u0627\u0644\u0645\u0639\u062f\u0629.webp\" class=\"attachment-post-thumbnail size-post-thumbnail wp-post-image\" alt=\"Stomach Botox Test\" style=\"border-radius:20px;height:190px;object-fit:cover;\" srcset=\"https:\/\/bimaristantravel.com\/wp-content\/uploads\/2023\/01\/\u062d\u0642\u0646-\u0627\u0644\u0645\u0639\u062f\u0629.webp 1280w, https:\/\/bimaristantravel.com\/wp-content\/uploads\/2023\/01\/\u062d\u0642\u0646-\u0627\u0644\u0645\u0639\u062f\u0629-300x300.webp 300w, https:\/\/bimaristantravel.com\/wp-content\/uploads\/2023\/01\/\u062d\u0642\u0646-\u0627\u0644\u0645\u0639\u062f\u0629-1024x1024.webp 1024w, https:\/\/bimaristantravel.com\/wp-content\/uploads\/2023\/01\/\u062d\u0642\u0646-\u0627\u0644\u0645\u0639\u062f\u0629-150x150.webp 150w, https:\/\/bimaristantravel.com\/wp-content\/uploads\/2023\/01\/\u062d\u0642\u0646-\u0627\u0644\u0645\u0639\u062f\u0629-768x768.webp 768w\" sizes=\"(max-width: 1280px) 100vw, 1280px\" \/><\/a><\/figure>\n\n<h2 class=\"has-text-align-center wp-block-post-title\"><a href=\"https:\/\/bimaristantravel.com\/ar\/uncategorized\/stomach-botox-test\/\" target=\"_self\">Stomach Botox Test<\/a><\/h2>\n\n<div style=\"font-size:17px;\" class=\"has-text-align-center tedaviler-post-paragraph wp-block-post-excerpt\"><p class=\"wp-block-post-excerpt__excerpt\">Mide botoksu nedir? Mide botoksu i\u011fnesi, v\u00fccut kitle indeksi 25 ile 35 aras\u0131nda de\u011fi\u015fen ve kilo vermeyen hastalar\u0131n midesinin belirli noktalar\u0131na Botox i\u015fleminin endoskopik olarak uygulanmas\u0131 olan T\u00fcrkiye&#8217;deki ameliyats\u0131z obezite tedavilerinden biridir. ne kadar u\u011fra\u015f\u0131rsa u\u011fra\u015fs\u0131n kilo ver. Yakla\u015f\u0131k 2-3 y\u0131ld\u0131r biz bariatrik cerrahlar mide botoksu enjeksiyonlar\u0131n\u0131n s\u00fcrecini dikkatle izliyoruz.Mide botoksin b\u00fctilen enjeksiyonu olarak adland\u0131r\u0131lmas\u0131&hellip; <\/p><\/div><\/div>\n\n<\/li><\/ul><\/div>\n\n\n\n<div style=\"height:56px\" aria-hidden=\"true\" class=\"wp-block-spacer\"><\/div>","protected":false},"excerpt":{"rendered":"<p>T\u00fcrkiye&#8217;deki en son tedavi y\u00f6ntemleri \u015funlard\u0131r: Test Postlar<\/p>","protected":false},"author":2,"featured_media":0,"parent":0,"menu_order":0,"comment_status":"closed","ping_status":"closed","template":"","meta":{"site-sidebar-layout":"default","site-content-layout":"default","ast-global-header-display":"","ast-main-header-display":"","ast-hfb-above-header-display":"","ast-hfb-below-header-display":"","ast-hfb-mobile-header-display":"","site-post-title":"disabled","ast-breadcrumbs-content":"","ast-featured-img":"","footer-sml-layout":"","theme-transparent-header-meta":"","adv-header-id-meta":"","stick-header-meta":"","header-above-stick-meta":"","header-main-stick-meta":"","header-below-stick-meta":"","footnotes":""},"_links":{"self":[{"href":"https:\/\/bimaristantravel.com\/ar\/wp-json\/wp\/v2\/pages\/15"}],"collection":[{"href":"https:\/\/bimaristantravel.com\/ar\/wp-json\/wp\/v2\/pages"}],"about":[{"href":"https:\/\/bimaristantravel.com\/ar\/wp-json\/wp\/v2\/types\/page"}],"author":[{"embeddable":true,"href":"https:\/\/bimaristantravel.com\/ar\/wp-json\/wp\/v2\/users\/2"}],"replies":[{"embeddable":true,"href":"https:\/\/bimaristantravel.com\/ar\/wp-json\/wp\/v2\/comments?post=15"}],"version-history":[{"count":0,"href":"https:\/\/bimaristantravel.com\/ar\/wp-json\/wp\/v2\/pages\/15\/revisions"}],"wp:attachment":[{"href":"https:\/\/bimaristantravel.com\/ar\/wp-json\/wp\/v2\/media?parent=15"}],"curies":[{"name":"wp","href":"https:\/\/api.w.org\/{rel}","templated":true}]}}