{"id":12,"date":"2023-01-09T11:11:44","date_gmt":"2023-01-09T11:11:44","guid":{"rendered":"http:\/\/bimaristantravel.com\/?page_id=12"},"modified":"2024-12-03T05:02:50","modified_gmt":"2024-12-03T05:02:50","slug":"iletisim","status":"publish","type":"page","link":"https:\/\/bimaristantravel.com\/ar\/iletisim\/","title":{"rendered":"\u0627\u0644\u062a\u0648\u0627\u0635\u0644"},"content":{"rendered":"<div class=\"wp-block-cover alignfull header-fixer cover-other-pages\" style=\"padding-top:0;padding-right:0;padding-bottom:0;padding-left:var(--wp--preset--spacing--40);min-height:270px\"><span aria-hidden=\"true\" class=\"wp-block-cover__background has-background-dim-70 has-background-dim wp-block-cover__gradient-background has-background-gradient\" style=\"background:linear-gradient(135deg,rgb(0,44,94) 0%,rgb(152,150,240) 100%)\"><\/span><img decoding=\"async\" width=\"1920\" height=\"1080\" class=\"wp-block-cover__image-background wp-image-417\" alt=\"\" src=\"http:\/\/bimaristantravel.com\/wp-content\/uploads\/2023\/01\/contact-us.png\" data-object-fit=\"cover\"\/><div class=\"wp-block-cover__inner-container is-layout-flow wp-block-cover-is-layout-flow\">\n<p class=\"has-text-align-left\" style=\"margin-top:0;margin-right:0;margin-bottom:0;margin-left:0;padding-top:0;padding-right:0;padding-bottom:0;padding-left:0;font-size:50px\"><strong>\u0627\u0644\u062a\u0648\u0627\u0635\u0644<\/strong><\/p>\n<\/div><\/div>\n\n\n\n<div style=\"height:51px\" aria-hidden=\"true\" class=\"wp-block-spacer\"><\/div>\n\n\n\n<div class=\"wp-block-columns are-vertically-aligned-center banner-other-pages contact_block_back has-white-background-color has-background is-layout-flex wp-container-core-columns-layout-1 wp-block-columns-is-layout-flex\">\n<div class=\"wp-block-column is-vertically-aligned-center is-layout-flow wp-block-column-is-layout-flow\" style=\"border-right-color:var(--wp--preset--color--cyan-bluish-gray);border-right-width:2px\">\n<h4>\n<span><svg style=\"margin-bottom:-2px;margin-left:5px;\" xmlns=\"http:\/\/www.w3.org\/2000\/svg\" width=\"20\" height=\"20\" fill=\"#003458\" class=\"bi bi-geo-alt-fill\" viewbox=\"0 0 16 16\"><path d=\"M8 16s6-5.686 6-10A6 6 0 0 0 2 6c0 4.314 6 10 6 10zm0-7a3 3 0 1 1 0-6 3 3 0 0 1 0 6z\"><\/path>\n<\/svg><\/span>\u0627\u0644\u0639\u0646\u0648\u0627\u0646<\/h4><p style=\"direction: ltr;\">15 TEMMUZ Mah. Bahar Cad.<br>\n\t\t\t\t\t\t\t\t\t\t\t\t\tPerola Residence C<br>\n\t\t\t\t\t\t\t\t\t\t\t\t\tBlok No: 89\/2 \u0130\u00e7 Kap\u0131 No: Z7(99)<br>\n\t\t\t\t\t\t\t\t\t\t\t\t\tBa\u011fc\u0131lar \/ \u0130stanbul<\/p>\n\n\n\n<h4>\n<span><svg style=\"margin-bottom:-4px;margin-left:5px;\" xmlns=\"http:\/\/www.w3.org\/2000\/svg\" width=\"20\" height=\"20\" fill=\"#003458\" class=\"bi bi-telephone-fill\" viewbox=\"0 0 16 16\">\n  <path fill-rule=\"evenodd\" d=\"M1.885.511a1.745 1.745 0 0 1 2.61.163L6.29 2.98c.329.423.445.974.315 1.494l-.547 2.19a.678.678 0 0 0 .178.643l2.457 2.457a.678.678 0 0 0 .644.178l2.189-.547a1.745 1.745 0 0 1 1.494.315l2.306 1.794c.829.645.905 1.87.163 2.611l-1.034 1.034c-.74.74-1.846 1.065-2.877.702a18.634 18.634 0 0 1-7.01-4.42 18.634 18.634 0 0 1-4.42-7.009c-.362-1.03-.037-2.137.703-2.877L1.885.511z\"><\/path>\n<\/svg><\/span>\n\u0631\u0642\u0645 \u0627\u0644\u0647\u0627\u062a\u0641\n<\/h4>\n<a href=\"tel:00905393956744\" style=\"text-decoration:none;margin-top:10px;\">+90 539 395 67 44<\/a><br>\n<a href=\"tel:00908506060241\" style=\"text-decoration:none;margin-top:10px;\">+90 850 606 02 41<\/a>\n\n\n\n<h4>\n<span><svg style=\"margin-bottom:-4px;margin-left:5px;\" xmlns=\"http:\/\/www.w3.org\/2000\/svg\" width=\"23\" height=\"23\" fill=\"#003458\" class=\"bi bi-envelope-fill\" viewbox=\"0 0 16 16\">\n  <path d=\"M.05 3.555A2 2 0 0 1 2 2h12a2 2 0 0 1 1.95 1.555L8 8.414.05 3.555ZM0 4.697v7.104l5.803-3.558L0 4.697ZM6.761 8.83l-6.57 4.027A2 2 0 0 0 2 14h12a2 2 0 0 0 1.808-1.144l-6.57-4.027L8 9.586l-1.239-.757Zm3.436-.586L16 11.801V4.697l-5.803 3.546Z\"><\/path>\n<\/svg><\/span>\n\u0627\u0644\u0628\u0631\u064a\u062f \u0627\u0644\u0625\u0644\u0643\u062a\u0631\u0648\u0646\u064a\n<\/h4>\n<a href=\"mailto:info@bimaristantravel.com\" style=\"text-decoration:none;margin-top:10px;\">info@bimaristantravel.com<\/a>\n\n\n\n<h4>\n<span><svg style=\"margin-bottom:-4px;margin-left:5px;\" xmlns=\"http:\/\/www.w3.org\/2000\/svg\" width=\"23\" height=\"23\" fill=\"#003458\" class=\"bi bi-envelope-fill\" viewbox=\"0 0 16 16\">\n  <path d=\"M1.5 2A1.5 1.5 0 0 0 0 3.5v2h6a.5.5 0 0 1 .5.5c0 .253.08.644.306.958.207.288.557.542 1.194.542.637 0 .987-.254 1.194-.542.226-.314.306-.705.306-.958a.5.5 0 0 1 .5-.5h6v-2A1.5 1.5 0 0 0 14.5 2h-13z\"\/>\n  <path d=\"M16 6.5h-5.551a2.678 2.678 0 0 1-.443 1.042C9.613 8.088 8.963 8.5 8 8.5c-.963 0-1.613-.412-2.006-.958A2.679 2.679 0 0 1 5.551 6.5H0v6A1.5 1.5 0 0 0 1.5 14h13a1.5 1.5 0 0 0 1.5-1.5v-6z\"\/>\n<\/svg><\/span>\nIBAN\n<\/h4>\n<p style=\"text-decoration:none;margin-top:10px;\">MAR\u0130STAN SA\u011eLIK TUR\u0130ZM\u0130 T\u0130CARET L\u0130M\u0130TED \u015e\u0130RKET\u0130<br>\n<strong>Turkish Lira:<\/strong> TR540020500009818598600001<\/p>\n<p style=\"text-decoration:none;margin-top:3px;\">\n<strong>US Dollar:<\/strong> TR700020500009818598600101<\/p>\n<p style=\"text-decoration:none;margin-top:3px;\">\n<strong>EURO:<\/strong> TR430020500009818598600102<\/p>\n<\/div>\n\n\n\n<div class=\"wp-block-column is-vertically-aligned-center is-layout-flow wp-block-column-is-layout-flow\">\n<p><strong><strong>\u0644\u0644\u062a\u0648\u0627\u0635\u0644 \u0645\u0639\u0646\u0627<\/strong><\/strong><strong><strong> \u0625\u0630\u0627 \u0643\u0627\u0646 \u0644\u062f\u064a\u0643 \u0623\u064a \u0623\u0633\u0626\u0644\u0629\u060c \u064a\u0631\u062c\u0649 \u0645\u0644\u0621 \u0627\u0644\u0646\u0645\u0648\u0630\u062c \u0623\u062f\u0646\u0627\u0647:<\/strong><\/strong><\/p>\n\n\n<div class='fluentform ff-default fluentform_wrapper_3 ffs_default_wrap'><form data-form_id=\"3\" id=\"fluentform_3\" class=\"frm-fluent-form fluent_form_3 ff-el-form-top ff_form_instance_3_1 ff-form-loading ffs_default\" data-form_instance=\"ff_form_instance_3_1\" method=\"POST\" action=\"\" ><fieldset  style=\"border: none!important;margin: 0!important;padding: 0!important;background-color: transparent!important;box-shadow: none!important;outline: none!important; min-inline-size: 100%;\">\n                    <legend class=\"ff_screen_reader_title\" style=\"display: block; margin: 0!important;padding: 0!important;height: 0!important;text-indent: -999999px;width: 0!important;overflow:hidden;\">Contact Form Demo (#3)<\/legend><input type='hidden' name='__fluent_form_embded_post_id' value='12' \/><input type=\"hidden\" id=\"_fluentform_3_fluentformnonce\" name=\"_fluentform_3_fluentformnonce\" value=\"545582e2c8\" \/><input type=\"hidden\" name=\"_wp_http_referer\" value=\"\/ar\/wp-json\/wp\/v2\/pages\/12\" \/><div data-type=\"name-element\" data-name=\"names\" class=\"ff-field_container ff-name-field-wrapper\" ><div class='ff-t-container'><div class='ff-t-cell'><div class='ff-el-group  ff-el-form-hide_label'><div class=\"ff-el-input--label asterisk-right\"><label for='ff_3_names_first_name_' >\u0627\u0644\u0627\u0633\u0645<\/label><\/div><div class='ff-el-input--content'><input type=\"text\" name=\"names[first_name]\" id=\"ff_3_names_first_name_\" class=\"ff-el-form-control\" placeholder=\"\u0627\u0644\u0627\u0633\u0645\" aria-invalid=\"false\" aria-required=\"false\"><\/div><\/div><\/div><div class='ff-t-cell'><div class='ff-el-group  ff-el-form-hide_label'><div class=\"ff-el-input--label asterisk-right\"><label for='ff_3_names_last_name_' >\u0627\u0644\u0643\u0646\u064a\u0629<\/label><\/div><div class='ff-el-input--content'><input type=\"text\" name=\"names[last_name]\" id=\"ff_3_names_last_name_\" class=\"ff-el-form-control\" placeholder=\"\u0627\u0644\u0643\u0646\u064a\u0629\" aria-invalid=\"false\" aria-required=\"false\"><\/div><\/div><\/div><\/div><\/div><div class='ff-el-group ff-el-form-hide_label'><div class=\"ff-el-input--label ff-el-is-required asterisk-right\"><label for='ff_3_email' aria-label=\"\u0627\u0644\u0628\u0631\u064a\u062f \u0627\u0644\u0625\u0644\u0643\u062a\u0631\u0648\u0646\u064a\">\u0627\u0644\u0628\u0631\u064a\u062f \u0627\u0644\u0625\u0644\u0643\u062a\u0631\u0648\u0646\u064a<\/label><\/div><div class='ff-el-input--content'><input type=\"email\" name=\"email\" id=\"ff_3_email\" class=\"ff-el-form-control\" placeholder=\"\u0627\u0644\u0628\u0631\u064a\u062f \u0627\u0644\u0625\u0644\u0643\u062a\u0631\u0648\u0646\u064a\" data-name=\"email\"  aria-invalid=\"false\" aria-required=\"true\"><\/div><\/div><div class='ff-el-group ff-el-form-hide_label'><div class=\"ff-el-input--label ff-el-is-required asterisk-right\"><label for='ff_3_message' aria-label=\"Your Message\">Your Message<\/label><\/div><div class='ff-el-input--content'><textarea aria-invalid=\"false\" aria-required=\"true\" name=\"message\" id=\"ff_3_message\" class=\"ff-el-form-control\" placeholder=\"\u0627\u0644\u0631\u0633\u0627\u0644\u0629\" rows=\"4\" cols=\"2\" data-name=\"message\" ><\/textarea><\/div><\/div><div class='ff-el-group ff-text-left ff_submit_btn_wrapper'><button type=\"submit\" class=\"ff-btn ff-btn-submit ff-btn-md ff_btn_style wpf_has_custom_css\" >\u0627\u0631\u0633\u0627\u0644<\/button><\/div><\/fieldset><input type=\"hidden\" name=\"trp-form-language\" value=\"ar\"\/><\/form><div id='fluentform_3_errors' class='ff-errors-in-stack ff_form_instance_3_1 ff-form-loading_errors ff_form_instance_3_1_errors'><\/div><\/div>            <script type=\"text\/javascript\">\n                window.fluent_form_ff_form_instance_3_1 = {\"id\":\"3\",\"settings\":{\"layout\":{\"labelPlacement\":\"top\",\"helpMessagePlacement\":\"with_label\",\"errorMessagePlacement\":\"inline\",\"cssClassName\":\"\",\"asteriskPlacement\":\"asterisk-right\"},\"restrictions\":{\"denyEmptySubmission\":{\"enabled\":false}}},\"form_instance\":\"ff_form_instance_3_1\",\"form_id_selector\":\"fluentform_3\",\"rules\":{\"names[first_name]\":{\"required\":{\"value\":false,\"message\":\"This field is required\"}},\"names[middle_name]\":{\"required\":{\"value\":false,\"message\":\"This field is required\"}},\"names[last_name]\":{\"required\":{\"value\":false,\"message\":\"This field is required\"}},\"email\":{\"required\":{\"value\":true,\"message\":\"Bu alan gereklidir!\"},\"email\":{\"value\":true,\"message\":\"Bu alan ge\\u00e7erli bir e-posta i\\u00e7ermelidir!\"}},\"message\":{\"required\":{\"value\":true,\"message\":\"This field is required\"}}},\"debounce_time\":300};\n                            <\/script>\n            \n<\/div>\n<\/div>\n\n\n\n<div class=\"wp-block-columns is-layout-flex wp-container-core-columns-layout-2 wp-block-columns-is-layout-flex\">\n<div class=\"wp-block-column is-layout-flow wp-block-column-is-layout-flow\">\n<h2 class=\"wp-block-heading has-text-align-center has-ast-global-color-0-color has-text-color\"><strong>\u0623\u064a\u0646 \u0646\u062d\u0646\u061f<\/strong><\/h2>\n\n\n\n<iframe src=\"https:\/\/www.google.com\/maps\/embed?pb=!1m18!1m12!1m3!1d49940.91940347868!2d28.87300275414224!3d41.011384307694826!2m3!1f0!2f0!3f0!3m2!1i1024!2i768!4f13.1!3m3!1m2!1s0x14cabb56c3b7c5bf%3A0x8a091561f3d97799!2z2KjZitmF2KfYsdiz2KrYp9mGIC0gQmltYXJpc3RhbuKAjw!5e0!3m2!1sar!2str!4v1681410913092!5m2!1sar!2str\" height=\"450\" style=\"width:100%;border:0;\" allowfullscreen=\"\" loading=\"lazy\" referrerpolicy=\"no-referrer-when-downgrade\"><\/iframe>\n<\/div>\n<\/div>","protected":false},"excerpt":{"rendered":"<p>Adres 15 TEMMUZ Mah. Bahar Cad. Perola Residence C Blok No: 89\/2 \u0130\u00e7 Kap\u0131 No: Z7(99) Ba\u011fc\u0131lar \/ \u0130stanbul Telefon +90 539 395 67 44 +90 850 606 02 41 E-Posta info@bimaristantravel.com IBAN MAR\u0130STAN SA\u011eLIK TUR\u0130ZM\u0130 T\u0130CARET L\u0130M\u0130TED \u015e\u0130RKET\u0130 Turkish Lira: TR540020500009818598600001 US Dollar: TR700020500009818598600101 EURO: TR430020500009818598600102 Tak\u0131m\u0131za herhangi bir sorunuz varsa l\u00fctfen a\u015fa\u011f\u0131daki formu &hellip;<\/p>\n<p class=\"read-more\"> <a class=\"\" href=\"https:\/\/bimaristantravel.com\/ar\/iletisim\/\"> <span class=\"screen-reader-text\">\u0627\u0644\u062a\u0648\u0627\u0635\u0644<\/span> \u0642\u0631\u0627\u0621\u0629 \u0627\u0644\u0645\u0632\u064a\u062f &raquo;<\/a><\/p>","protected":false},"author":2,"featured_media":0,"parent":0,"menu_order":0,"comment_status":"closed","ping_status":"closed","template":"","meta":{"site-sidebar-layout":"default","site-content-layout":"default","ast-global-header-display":"","ast-main-header-display":"","ast-hfb-above-header-display":"","ast-hfb-below-header-display":"","ast-hfb-mobile-header-display":"","site-post-title":"disabled","ast-breadcrumbs-content":"","ast-featured-img":"","footer-sml-layout":"","theme-transparent-header-meta":"","adv-header-id-meta":"","stick-header-meta":"","header-above-stick-meta":"","header-main-stick-meta":"","header-below-stick-meta":"","footnotes":""},"_links":{"self":[{"href":"https:\/\/bimaristantravel.com\/ar\/wp-json\/wp\/v2\/pages\/12"}],"collection":[{"href":"https:\/\/bimaristantravel.com\/ar\/wp-json\/wp\/v2\/pages"}],"about":[{"href":"https:\/\/bimaristantravel.com\/ar\/wp-json\/wp\/v2\/types\/page"}],"author":[{"embeddable":true,"href":"https:\/\/bimaristantravel.com\/ar\/wp-json\/wp\/v2\/users\/2"}],"replies":[{"embeddable":true,"href":"https:\/\/bimaristantravel.com\/ar\/wp-json\/wp\/v2\/comments?post=12"}],"version-history":[{"count":0,"href":"https:\/\/bimaristantravel.com\/ar\/wp-json\/wp\/v2\/pages\/12\/revisions"}],"wp:attachment":[{"href":"https:\/\/bimaristantravel.com\/ar\/wp-json\/wp\/v2\/media?parent=12"}],"curies":[{"name":"wp","href":"https:\/\/api.w.org\/{rel}","templated":true}]}}