{"id":1105,"date":"2023-05-23T20:57:39","date_gmt":"2023-05-23T20:57:39","guid":{"rendered":"https:\/\/bimaristantravel.com\/?page_id=1105"},"modified":"2024-02-19T14:31:55","modified_gmt":"2024-02-19T14:31:55","slug":"thank-you","status":"publish","type":"page","link":"https:\/\/bimaristantravel.com\/ar\/thank-you\/","title":{"rendered":"Mesaj\u0131n\u0131z G\u00f6nderildi !"},"content":{"rendered":"<div style=\"height:72px\" aria-hidden=\"true\" class=\"wp-block-spacer\"><\/div>\n\n\n\n<h2 class=\"wp-block-heading has-text-align-center\"><strong>\u0634\u0643\u0631\u0627\u064b \u0644\u062a\u0648\u0627\u0635\u0644\u0643 \u0645\u0639 \u0641\u0631\u064a\u0642 \u0628\u064a\u0645\u0627\u0631\u0633\u062a\u0627\u0646\u060c \u0633\u0648\u0641 \u0646\u0642\u0648\u0645 \u0628\u0627\u0644\u062a\u0648\u0627\u0635\u0644 \u0645\u0639\u0643 \u0641\u064a \u0623\u0642\u0631\u0628 \u0648\u0642\u062a \u0645\u0645\u0643\u0646!<\/strong><\/h2>\n\n\n\n<div style=\"height:31px\" aria-hidden=\"true\" class=\"wp-block-spacer\"><\/div>\n\n\n\n<div class=\"wp-block-buttons alignfull is-content-justification-center is-layout-flex wp-container-core-buttons-layout-1 wp-block-buttons-is-layout-flex\">\n<div class=\"wp-block-button has-custom-font-size\" style=\"font-size:15px\"><a class=\"wp-block-button__link has-ast-global-color-5-color has-ast-global-color-0-background-color has-text-color has-background wp-element-button\" href=\"https:\/\/bimaristantravel.com\/ar\/\" style=\"border-radius:18px\"><strong>\u0627\u0646\u0642\u0631 \u0644\u0644\u0630\u0647\u0627\u0628 \u0625\u0644\u0649 \u0627\u0644\u0635\u0641\u062d\u0629 \u0627\u0644\u0631\u0626\u064a\u0633\u064a\u0629<\/strong><\/a><\/div>\n<\/div>\n\n\n\n<div style=\"height:72px\" aria-hidden=\"true\" class=\"wp-block-spacer\"><\/div>\n\n\n\n<style>\r\nfooter,header{\r\ndisplay:none !important;\r\n}\r\n<\/style>","protected":false},"excerpt":{"rendered":"<p>\u0634\u0643\u0631\u0627\u064b \u0644\u062a\u0648\u0627\u0635\u0644\u0643 \u0645\u0639 \u0641\u0631\u064a\u0642 \u0628\u064a\u0645\u0627\u0631\u0633\u062a\u0627\u0646\u060c \u0633\u0648\u0641 \u0646\u0642\u0648\u0645 \u0628\u0627\u0644\u062a\u0648\u0627\u0635\u0644 \u0645\u0639\u0643 \u0641\u064a \u0623\u0642\u0631\u0628 \u0648\u0642\u062a \u0645\u0645\u0643\u0646!<\/p>","protected":false},"author":2,"featured_media":0,"parent":0,"menu_order":0,"comment_status":"closed","ping_status":"closed","template":"","meta":{"site-sidebar-layout":"default","site-content-layout":"default","ast-global-header-display":"","ast-main-header-display":"","ast-hfb-above-header-display":"","ast-hfb-below-header-display":"","ast-hfb-mobile-header-display":"","site-post-title":"","ast-breadcrumbs-content":"","ast-featured-img":"","footer-sml-layout":"","theme-transparent-header-meta":"","adv-header-id-meta":"","stick-header-meta":"","header-above-stick-meta":"","header-main-stick-meta":"","header-below-stick-meta":"","footnotes":""},"_links":{"self":[{"href":"https:\/\/bimaristantravel.com\/ar\/wp-json\/wp\/v2\/pages\/1105"}],"collection":[{"href":"https:\/\/bimaristantravel.com\/ar\/wp-json\/wp\/v2\/pages"}],"about":[{"href":"https:\/\/bimaristantravel.com\/ar\/wp-json\/wp\/v2\/types\/page"}],"author":[{"embeddable":true,"href":"https:\/\/bimaristantravel.com\/ar\/wp-json\/wp\/v2\/users\/2"}],"replies":[{"embeddable":true,"href":"https:\/\/bimaristantravel.com\/ar\/wp-json\/wp\/v2\/comments?post=1105"}],"version-history":[{"count":0,"href":"https:\/\/bimaristantravel.com\/ar\/wp-json\/wp\/v2\/pages\/1105\/revisions"}],"wp:attachment":[{"href":"https:\/\/bimaristantravel.com\/ar\/wp-json\/wp\/v2\/media?parent=1105"}],"curies":[{"name":"wp","href":"https:\/\/api.w.org\/{rel}","templated":true}]}}